{"id":7667,"date":"2020-03-28T09:13:28","date_gmt":"2020-03-28T09:13:28","guid":{"rendered":"https:\/\/pornmate.com\/?page_id=7667"},"modified":"2022-11-24T14:30:21","modified_gmt":"2022-11-24T13:30:21","slug":"bongacams","status":"publish","type":"page","link":"https:\/\/pornmate.com\/de\/bongacams","title":{"rendered":"Bongacams"},"content":{"rendered":"<p>Es gibt st\u00e4ndig Live-Auftritte auf BongaCams. Zu jeder Zeit k\u00f6nnen Sie erwarten, dass aus heiterem Himmel viele Babys online sind und alle m\u00f6glichen ungezogenen und perversen Dinge f\u00fcr Ihr Sehvergn\u00fcgen tun. Eine so gro\u00dfe Menge bedeutet auch eine riesige Vielfalt, sodass jeder etwas f\u00fcr sich finden kann. BongaCams.com war eine der beliebtesten Live-Sex-Cam-Sites. Es hat auch viele Funktionen, damit Sie bequemer und angenehmer auf der Website navigieren k\u00f6nnen. Zum Beispiel ist unsere Website mehrsprachig und erkennt automatisch, woher Sie kommen, damit sie die beste Erfahrung bieten kann. Die Zielseite ist mit faszinierenden, interaktiven Miniaturansichten von derzeit aktiven Modellen gef\u00fcllt, und Sie k\u00f6nnen stundenlang st\u00f6bern. Wir haben einige gro\u00dfartige M\u00e4dchen auf unserer Seite, einige von ihnen hei\u00dfen Audrey Bitoni, Katrina Jade, Cherie Deville oder Alexa Grace, obwohl es nicht ungew\u00f6hnlich ist, \u00fcber einen Pornostar zu stolpern. Wenn Sie den gesuchten Inhalt sofort finden m\u00f6chten, k\u00f6nnen Sie ganz einfach die Filterfunktion der Website nutzen. Au\u00dferdem k\u00f6nnen Sie jeden Sender oder jedes M\u00e4dchen kostenlos ansehen, und sogar die Anmeldung ist kostenlos. Wenn Sie f\u00fcr ein M\u00e4dchen spenden, bekommen Sie mit Sicherheit mehr f\u00fcr Ihr Geld.<\/p>\n","protected":false},"excerpt":{"rendered":"<p>Es gibt st\u00e4ndig Live-Auftritte auf BongaCams. Zu jeder Zeit k\u00f6nnen Sie erwarten, dass aus heiterem Himmel viele Babys online sind und alle m\u00f6glichen ungezogenen und perversen Dinge f\u00fcr Ihr Sehvergn\u00fcgen tun. Eine so gro\u00dfe Menge bedeutet auch eine riesige Vielfalt, sodass jeder etwas f\u00fcr sich finden kann. BongaCams.com war eine der beliebtesten Live-Sex-Cam-Sites. Es hat [&hellip;]<\/p>\n","protected":false},"author":1,"featured_media":0,"parent":0,"menu_order":0,"comment_status":"closed","ping_status":"closed","template":"page-star-stil.php","meta":{"footnotes":""},"class_list":["post-7667","page","type-page","status-publish","hentry"],"yoast_head":"<!-- This site is optimized with the Yoast SEO plugin v27.4 - https:\/\/yoast.com\/product\/yoast-seo-wordpress\/ -->\n<title>Bongacams und Liste der besten Pornoseiten | PornMate<\/title>\n<meta name=\"description\" content=\"Es gibt st\u00e4ndig Live-Auftritte auf BongaCams. Zu jeder Zeit k\u00f6nnen Sie erwarten, dass aus heiterem Himmel viele Babys online sind und alle m\u00f6glichen ungezogenen und perversen Dinge f\u00fcr Ihr Sehvergn\u00fcgen tun.\" \/>\n<meta name=\"robots\" content=\"index, follow, max-snippet:-1, max-image-preview:large, max-video-preview:-1\" \/>\n<link rel=\"canonical\" href=\"https:\/\/pornmate.com\/de\/bongacams\" \/>\n<meta property=\"og:locale\" content=\"de_DE\" \/>\n<meta property=\"og:type\" content=\"article\" \/>\n<meta property=\"og:title\" content=\"Bongacams und Liste der besten Pornoseiten | PornMate\" \/>\n<meta property=\"og:description\" content=\"Es gibt st\u00e4ndig Live-Auftritte auf BongaCams. Zu jeder Zeit k\u00f6nnen Sie erwarten, dass aus heiterem Himmel viele Babys online sind und alle m\u00f6glichen ungezogenen und perversen Dinge f\u00fcr Ihr Sehvergn\u00fcgen tun.\" \/>\n<meta property=\"og:url\" content=\"https:\/\/pornmate.com\/de\/bongacams\" \/>\n<meta property=\"og:site_name\" content=\"Besten Pornoseiten - Kostenlose Deutsche Pornos | PornMate.com\" \/>\n<meta property=\"article:modified_time\" content=\"2022-11-24T13:30:21+00:00\" \/>\n<meta name=\"twitter:card\" content=\"summary_large_image\" \/>\n<meta name=\"twitter:label1\" content=\"Gesch\u00e4tzte Lesezeit\" \/>\n\t<meta name=\"twitter:data1\" content=\"2\u00a0Minuten\" \/>\n<script type=\"application\/ld+json\" class=\"yoast-schema-graph\">{\"@context\":\"https:\\\/\\\/schema.org\",\"@graph\":[{\"@type\":\"WebPage\",\"@id\":\"https:\\\/\\\/pornmate.com\\\/de\\\/bongacams\",\"url\":\"https:\\\/\\\/pornmate.com\\\/de\\\/bongacams\",\"name\":\"Bongacams und Liste der besten Pornoseiten | PornMate\",\"isPartOf\":{\"@id\":\"https:\\\/\\\/pornmate.com\\\/de\\\/#website\"},\"datePublished\":\"2020-03-28T09:13:28+00:00\",\"dateModified\":\"2022-11-24T13:30:21+00:00\",\"description\":\"Es gibt st\u00e4ndig Live-Auftritte auf BongaCams. Zu jeder Zeit k\u00f6nnen Sie erwarten, dass aus heiterem Himmel viele Babys online sind und alle m\u00f6glichen ungezogenen und perversen Dinge f\u00fcr Ihr Sehvergn\u00fcgen tun.\",\"breadcrumb\":{\"@id\":\"https:\\\/\\\/pornmate.com\\\/de\\\/bongacams#breadcrumb\"},\"inLanguage\":\"de\",\"potentialAction\":[{\"@type\":\"ReadAction\",\"target\":[\"https:\\\/\\\/pornmate.com\\\/de\\\/bongacams\"]}]},{\"@type\":\"BreadcrumbList\",\"@id\":\"https:\\\/\\\/pornmate.com\\\/de\\\/bongacams#breadcrumb\",\"itemListElement\":[{\"@type\":\"ListItem\",\"position\":1,\"name\":\"Startseite\",\"item\":\"https:\\\/\\\/pornmate.com\\\/de\"},{\"@type\":\"ListItem\",\"position\":2,\"name\":\"Bongacams\"}]},{\"@type\":\"WebSite\",\"@id\":\"https:\\\/\\\/pornmate.com\\\/de\\\/#website\",\"url\":\"https:\\\/\\\/pornmate.com\\\/de\\\/\",\"name\":\"Besten Pornoseiten - Kostenlose Deutsche Pornos | PornMate.com\",\"description\":\"Kostenlose Pornos, ist Ihr Combo-Verzeichnis der besten gratis Pornoseiten, die Sie finden k\u00f6nnen, und das fantastische Seitenbewertungen, Kostenlose Deutsche sex Biografien von Pornostars und ihre xxx Freie Porno videos unter einem Dach pr\u00e4sentiert.\",\"publisher\":{\"@id\":\"https:\\\/\\\/pornmate.com\\\/de\\\/#organization\"},\"potentialAction\":[{\"@type\":\"SearchAction\",\"target\":{\"@type\":\"EntryPoint\",\"urlTemplate\":\"https:\\\/\\\/pornmate.com\\\/de\\\/?s={search_term_string}\"},\"query-input\":{\"@type\":\"PropertyValueSpecification\",\"valueRequired\":true,\"valueName\":\"search_term_string\"}}],\"inLanguage\":\"de\"},{\"@type\":\"Organization\",\"@id\":\"https:\\\/\\\/pornmate.com\\\/de\\\/#organization\",\"name\":\"Besten Pornoseiten - Kostenlose Deutsche Pornos | PornMate.com\",\"url\":\"https:\\\/\\\/pornmate.com\\\/de\\\/\",\"logo\":{\"@type\":\"ImageObject\",\"inLanguage\":\"de\",\"@id\":\"https:\\\/\\\/pornmate.com\\\/de\\\/#\\\/schema\\\/logo\\\/image\\\/\",\"url\":\"https:\\\/\\\/pornmate.com\\\/de\\\/wp-content\\\/uploads\\\/2022\\\/11\\\/pornmate-1.png\",\"contentUrl\":\"https:\\\/\\\/pornmate.com\\\/de\\\/wp-content\\\/uploads\\\/2022\\\/11\\\/pornmate-1.png\",\"width\":203,\"height\":200,\"caption\":\"Besten Pornoseiten - Kostenlose Deutsche Pornos | PornMate.com\"},\"image\":{\"@id\":\"https:\\\/\\\/pornmate.com\\\/de\\\/#\\\/schema\\\/logo\\\/image\\\/\"}}]}<\/script>\n<!-- \/ Yoast SEO plugin. -->","yoast_head_json":{"title":"Bongacams und Liste der besten Pornoseiten | PornMate","description":"Es gibt st\u00e4ndig Live-Auftritte auf BongaCams. Zu jeder Zeit k\u00f6nnen Sie erwarten, dass aus heiterem Himmel viele Babys online sind und alle m\u00f6glichen ungezogenen und perversen Dinge f\u00fcr Ihr Sehvergn\u00fcgen tun.","robots":{"index":"index","follow":"follow","max-snippet":"max-snippet:-1","max-image-preview":"max-image-preview:large","max-video-preview":"max-video-preview:-1"},"canonical":"https:\/\/pornmate.com\/de\/bongacams","og_locale":"de_DE","og_type":"article","og_title":"Bongacams und Liste der besten Pornoseiten | PornMate","og_description":"Es gibt st\u00e4ndig Live-Auftritte auf BongaCams. Zu jeder Zeit k\u00f6nnen Sie erwarten, dass aus heiterem Himmel viele Babys online sind und alle m\u00f6glichen ungezogenen und perversen Dinge f\u00fcr Ihr Sehvergn\u00fcgen tun.","og_url":"https:\/\/pornmate.com\/de\/bongacams","og_site_name":"Besten Pornoseiten - Kostenlose Deutsche Pornos | PornMate.com","article_modified_time":"2022-11-24T13:30:21+00:00","twitter_card":"summary_large_image","twitter_misc":{"Gesch\u00e4tzte Lesezeit":"2\u00a0Minuten"},"schema":{"@context":"https:\/\/schema.org","@graph":[{"@type":"WebPage","@id":"https:\/\/pornmate.com\/de\/bongacams","url":"https:\/\/pornmate.com\/de\/bongacams","name":"Bongacams und Liste der besten Pornoseiten | PornMate","isPartOf":{"@id":"https:\/\/pornmate.com\/de\/#website"},"datePublished":"2020-03-28T09:13:28+00:00","dateModified":"2022-11-24T13:30:21+00:00","description":"Es gibt st\u00e4ndig Live-Auftritte auf BongaCams. Zu jeder Zeit k\u00f6nnen Sie erwarten, dass aus heiterem Himmel viele Babys online sind und alle m\u00f6glichen ungezogenen und perversen Dinge f\u00fcr Ihr Sehvergn\u00fcgen tun.","breadcrumb":{"@id":"https:\/\/pornmate.com\/de\/bongacams#breadcrumb"},"inLanguage":"de","potentialAction":[{"@type":"ReadAction","target":["https:\/\/pornmate.com\/de\/bongacams"]}]},{"@type":"BreadcrumbList","@id":"https:\/\/pornmate.com\/de\/bongacams#breadcrumb","itemListElement":[{"@type":"ListItem","position":1,"name":"Startseite","item":"https:\/\/pornmate.com\/de"},{"@type":"ListItem","position":2,"name":"Bongacams"}]},{"@type":"WebSite","@id":"https:\/\/pornmate.com\/de\/#website","url":"https:\/\/pornmate.com\/de\/","name":"Besten Pornoseiten - Kostenlose Deutsche Pornos | PornMate.com","description":"Kostenlose Pornos, ist Ihr Combo-Verzeichnis der besten gratis Pornoseiten, die Sie finden k\u00f6nnen, und das fantastische Seitenbewertungen, Kostenlose Deutsche sex Biografien von Pornostars und ihre xxx Freie Porno videos unter einem Dach pr\u00e4sentiert.","publisher":{"@id":"https:\/\/pornmate.com\/de\/#organization"},"potentialAction":[{"@type":"SearchAction","target":{"@type":"EntryPoint","urlTemplate":"https:\/\/pornmate.com\/de\/?s={search_term_string}"},"query-input":{"@type":"PropertyValueSpecification","valueRequired":true,"valueName":"search_term_string"}}],"inLanguage":"de"},{"@type":"Organization","@id":"https:\/\/pornmate.com\/de\/#organization","name":"Besten Pornoseiten - Kostenlose Deutsche Pornos | PornMate.com","url":"https:\/\/pornmate.com\/de\/","logo":{"@type":"ImageObject","inLanguage":"de","@id":"https:\/\/pornmate.com\/de\/#\/schema\/logo\/image\/","url":"https:\/\/pornmate.com\/de\/wp-content\/uploads\/2022\/11\/pornmate-1.png","contentUrl":"https:\/\/pornmate.com\/de\/wp-content\/uploads\/2022\/11\/pornmate-1.png","width":203,"height":200,"caption":"Besten Pornoseiten - Kostenlose Deutsche Pornos | PornMate.com"},"image":{"@id":"https:\/\/pornmate.com\/de\/#\/schema\/logo\/image\/"}}]}},"_links":{"self":[{"href":"https:\/\/pornmate.com\/de\/wp-json\/wp\/v2\/pages\/7667","targetHints":{"allow":["GET"]}}],"collection":[{"href":"https:\/\/pornmate.com\/de\/wp-json\/wp\/v2\/pages"}],"about":[{"href":"https:\/\/pornmate.com\/de\/wp-json\/wp\/v2\/types\/page"}],"author":[{"embeddable":true,"href":"https:\/\/pornmate.com\/de\/wp-json\/wp\/v2\/users\/1"}],"replies":[{"embeddable":true,"href":"https:\/\/pornmate.com\/de\/wp-json\/wp\/v2\/comments?post=7667"}],"version-history":[{"count":0,"href":"https:\/\/pornmate.com\/de\/wp-json\/wp\/v2\/pages\/7667\/revisions"}],"wp:attachment":[{"href":"https:\/\/pornmate.com\/de\/wp-json\/wp\/v2\/media?parent=7667"}],"curies":[{"name":"wp","href":"https:\/\/api.w.org\/{rel}","templated":true}]}}