{"id":7675,"date":"2020-03-28T09:28:41","date_gmt":"2020-03-28T09:28:41","guid":{"rendered":"https:\/\/pornmate.com\/?page_id=7675"},"modified":"2020-03-28T09:28:41","modified_gmt":"2020-03-28T09:28:41","slug":"xcams","status":"publish","type":"page","link":"https:\/\/pornmate.com\/de\/xcams","title":{"rendered":"Xcams"},"content":{"rendered":"<p>Xcams zielt darauf ab, das Erlebnis perfekt zu machen, w\u00e4hrend man Camgirls genie\u00dft. Das Design der Website sieht aus wie ein Premium-Design und f\u00fchlt sich auch so an, wodurch die Navigation auf der Website angenehmer wird. Sie werden viel Spa\u00df bei der Suche nach einem M\u00e4dchen haben, noch bevor Sie zu einer Live-Show f\u00fcr etwas Actiongeladeneres gehen. Die Homepage ist \u00fcberf\u00fcllt mit Thumbnails der Erdn\u00fcsse, die gerade live sind. Sie sind interaktiv, sodass Sie mit einem einfachen Hover die Auswahl leicht treffen k\u00f6nnen, indem Sie sich ein kurzes Video \u00fcber ihren aktuellen Status ansehen. Sie k\u00f6nnen eine fast endlose Seite nach unten scrollen und die riesige Vielfalt genie\u00dfen und wenn Sie m\u00f6chten, k\u00f6nnen Sie das gew\u00fcnschte Video mithilfe der Such- und Sortieroptionen finden. Bei Xcams.com k\u00f6nnen K\u00fcnstler in Frauen, Paare oder Transsexuelle eingeteilt werden und Sie k\u00f6nnen die besten Models oder kostenlose Models ausw\u00e4hlen, Sie k\u00f6nnen sie nach Haarfarbe, Oberweite, Nationalit\u00e4t und weiteren Filteroptionen ausw\u00e4hlen. Als Live-Sex-Cam-Site gibt es nicht viele Pornostars wie Dani Daniels, Tori Black oder Abella Anderson, aber diese Cam-Girls sind genauso hei\u00df und manchmal sogar noch schelmischer. Und das Beste daran ist, dass sie immer live sind, wenn Sie sie sehen. Viele bieten kostenlose Shows an, aber wenn Sie ihnen ein Trinkgeld geben, werden Sie sicher viel mehr bekommen.<\/p>\n","protected":false},"excerpt":{"rendered":"<p>Xcams zielt darauf ab, das Erlebnis perfekt zu machen, w\u00e4hrend man Camgirls genie\u00dft. Das Design der Website sieht aus wie ein Premium-Design und f\u00fchlt sich auch so an, wodurch die Navigation auf der Website angenehmer wird. Sie werden viel Spa\u00df bei der Suche nach einem M\u00e4dchen haben, noch bevor Sie zu einer Live-Show f\u00fcr etwas [&hellip;]<\/p>\n","protected":false},"author":1,"featured_media":0,"parent":0,"menu_order":0,"comment_status":"closed","ping_status":"closed","template":"page-star-stil.php","meta":{"footnotes":""},"class_list":["post-7675","page","type-page","status-publish","hentry"],"yoast_head":"<!-- This site is optimized with the Yoast SEO plugin v27.5 - https:\/\/yoast.com\/product\/yoast-seo-wordpress\/ -->\n<title>Xcams und Liste der besten Pornoseiten | PornMate<\/title>\n<meta name=\"description\" content=\"Xcams zielt darauf ab, das Erlebnis perfekt zu machen, w\u00e4hrend man Camgirls genie\u00dft. Das Design der Website sieht aus wie ein Premium-Design und f\u00fchlt sich auch so an, wodurch die Navigation auf der Website angenehmer wird.\" \/>\n<meta name=\"robots\" content=\"index, follow, max-snippet:-1, max-image-preview:large, max-video-preview:-1\" \/>\n<link rel=\"canonical\" href=\"https:\/\/pornmate.com\/de\/xcams\" \/>\n<meta property=\"og:locale\" content=\"de_DE\" \/>\n<meta property=\"og:type\" content=\"article\" \/>\n<meta property=\"og:title\" content=\"Xcams und Liste der besten Pornoseiten | PornMate\" \/>\n<meta property=\"og:description\" content=\"Xcams zielt darauf ab, das Erlebnis perfekt zu machen, w\u00e4hrend man Camgirls genie\u00dft. Das Design der Website sieht aus wie ein Premium-Design und f\u00fchlt sich auch so an, wodurch die Navigation auf der Website angenehmer wird.\" \/>\n<meta property=\"og:url\" content=\"https:\/\/pornmate.com\/de\/xcams\" \/>\n<meta property=\"og:site_name\" content=\"Besten Pornoseiten - Kostenlose Deutsche Pornos | PornMate.com\" \/>\n<meta name=\"twitter:card\" content=\"summary_large_image\" \/>\n<meta name=\"twitter:label1\" content=\"Gesch\u00e4tzte Lesezeit\" \/>\n\t<meta name=\"twitter:data1\" content=\"2\u00a0Minuten\" \/>\n<script type=\"application\/ld+json\" class=\"yoast-schema-graph\">{\"@context\":\"https:\\\/\\\/schema.org\",\"@graph\":[{\"@type\":\"WebPage\",\"@id\":\"https:\\\/\\\/pornmate.com\\\/de\\\/xcams\",\"url\":\"https:\\\/\\\/pornmate.com\\\/de\\\/xcams\",\"name\":\"Xcams und Liste der besten Pornoseiten | PornMate\",\"isPartOf\":{\"@id\":\"https:\\\/\\\/pornmate.com\\\/de\\\/#website\"},\"datePublished\":\"2020-03-28T09:28:41+00:00\",\"description\":\"Xcams zielt darauf ab, das Erlebnis perfekt zu machen, w\u00e4hrend man Camgirls genie\u00dft. Das Design der Website sieht aus wie ein Premium-Design und f\u00fchlt sich auch so an, wodurch die Navigation auf der Website angenehmer wird.\",\"breadcrumb\":{\"@id\":\"https:\\\/\\\/pornmate.com\\\/de\\\/xcams#breadcrumb\"},\"inLanguage\":\"de\",\"potentialAction\":[{\"@type\":\"ReadAction\",\"target\":[\"https:\\\/\\\/pornmate.com\\\/de\\\/xcams\"]}]},{\"@type\":\"BreadcrumbList\",\"@id\":\"https:\\\/\\\/pornmate.com\\\/de\\\/xcams#breadcrumb\",\"itemListElement\":[{\"@type\":\"ListItem\",\"position\":1,\"name\":\"Startseite\",\"item\":\"https:\\\/\\\/pornmate.com\\\/de\"},{\"@type\":\"ListItem\",\"position\":2,\"name\":\"Xcams\"}]},{\"@type\":\"WebSite\",\"@id\":\"https:\\\/\\\/pornmate.com\\\/de\\\/#website\",\"url\":\"https:\\\/\\\/pornmate.com\\\/de\\\/\",\"name\":\"Besten Pornoseiten - Kostenlose Deutsche Pornos | PornMate.com\",\"description\":\"Kostenlose Pornos, ist Ihr Combo-Verzeichnis der besten gratis Pornoseiten, die Sie finden k\u00f6nnen, und das fantastische Seitenbewertungen, Kostenlose Deutsche sex Biografien von Pornostars und ihre xxx Freie Porno videos unter einem Dach pr\u00e4sentiert.\",\"publisher\":{\"@id\":\"https:\\\/\\\/pornmate.com\\\/de\\\/#organization\"},\"potentialAction\":[{\"@type\":\"SearchAction\",\"target\":{\"@type\":\"EntryPoint\",\"urlTemplate\":\"https:\\\/\\\/pornmate.com\\\/de\\\/?s={search_term_string}\"},\"query-input\":{\"@type\":\"PropertyValueSpecification\",\"valueRequired\":true,\"valueName\":\"search_term_string\"}}],\"inLanguage\":\"de\"},{\"@type\":\"Organization\",\"@id\":\"https:\\\/\\\/pornmate.com\\\/de\\\/#organization\",\"name\":\"Besten Pornoseiten - Kostenlose Deutsche Pornos | PornMate.com\",\"url\":\"https:\\\/\\\/pornmate.com\\\/de\\\/\",\"logo\":{\"@type\":\"ImageObject\",\"inLanguage\":\"de\",\"@id\":\"https:\\\/\\\/pornmate.com\\\/de\\\/#\\\/schema\\\/logo\\\/image\\\/\",\"url\":\"https:\\\/\\\/pornmate.com\\\/de\\\/wp-content\\\/uploads\\\/2022\\\/11\\\/pornmate-1.png\",\"contentUrl\":\"https:\\\/\\\/pornmate.com\\\/de\\\/wp-content\\\/uploads\\\/2022\\\/11\\\/pornmate-1.png\",\"width\":203,\"height\":200,\"caption\":\"Besten Pornoseiten - Kostenlose Deutsche Pornos | PornMate.com\"},\"image\":{\"@id\":\"https:\\\/\\\/pornmate.com\\\/de\\\/#\\\/schema\\\/logo\\\/image\\\/\"}}]}<\/script>\n<!-- \/ Yoast SEO plugin. -->","yoast_head_json":{"title":"Xcams und Liste der besten Pornoseiten | PornMate","description":"Xcams zielt darauf ab, das Erlebnis perfekt zu machen, w\u00e4hrend man Camgirls genie\u00dft. Das Design der Website sieht aus wie ein Premium-Design und f\u00fchlt sich auch so an, wodurch die Navigation auf der Website angenehmer wird.","robots":{"index":"index","follow":"follow","max-snippet":"max-snippet:-1","max-image-preview":"max-image-preview:large","max-video-preview":"max-video-preview:-1"},"canonical":"https:\/\/pornmate.com\/de\/xcams","og_locale":"de_DE","og_type":"article","og_title":"Xcams und Liste der besten Pornoseiten | PornMate","og_description":"Xcams zielt darauf ab, das Erlebnis perfekt zu machen, w\u00e4hrend man Camgirls genie\u00dft. Das Design der Website sieht aus wie ein Premium-Design und f\u00fchlt sich auch so an, wodurch die Navigation auf der Website angenehmer wird.","og_url":"https:\/\/pornmate.com\/de\/xcams","og_site_name":"Besten Pornoseiten - Kostenlose Deutsche Pornos | PornMate.com","twitter_card":"summary_large_image","twitter_misc":{"Gesch\u00e4tzte Lesezeit":"2\u00a0Minuten"},"schema":{"@context":"https:\/\/schema.org","@graph":[{"@type":"WebPage","@id":"https:\/\/pornmate.com\/de\/xcams","url":"https:\/\/pornmate.com\/de\/xcams","name":"Xcams und Liste der besten Pornoseiten | PornMate","isPartOf":{"@id":"https:\/\/pornmate.com\/de\/#website"},"datePublished":"2020-03-28T09:28:41+00:00","description":"Xcams zielt darauf ab, das Erlebnis perfekt zu machen, w\u00e4hrend man Camgirls genie\u00dft. Das Design der Website sieht aus wie ein Premium-Design und f\u00fchlt sich auch so an, wodurch die Navigation auf der Website angenehmer wird.","breadcrumb":{"@id":"https:\/\/pornmate.com\/de\/xcams#breadcrumb"},"inLanguage":"de","potentialAction":[{"@type":"ReadAction","target":["https:\/\/pornmate.com\/de\/xcams"]}]},{"@type":"BreadcrumbList","@id":"https:\/\/pornmate.com\/de\/xcams#breadcrumb","itemListElement":[{"@type":"ListItem","position":1,"name":"Startseite","item":"https:\/\/pornmate.com\/de"},{"@type":"ListItem","position":2,"name":"Xcams"}]},{"@type":"WebSite","@id":"https:\/\/pornmate.com\/de\/#website","url":"https:\/\/pornmate.com\/de\/","name":"Besten Pornoseiten - Kostenlose Deutsche Pornos | PornMate.com","description":"Kostenlose Pornos, ist Ihr Combo-Verzeichnis der besten gratis Pornoseiten, die Sie finden k\u00f6nnen, und das fantastische Seitenbewertungen, Kostenlose Deutsche sex Biografien von Pornostars und ihre xxx Freie Porno videos unter einem Dach pr\u00e4sentiert.","publisher":{"@id":"https:\/\/pornmate.com\/de\/#organization"},"potentialAction":[{"@type":"SearchAction","target":{"@type":"EntryPoint","urlTemplate":"https:\/\/pornmate.com\/de\/?s={search_term_string}"},"query-input":{"@type":"PropertyValueSpecification","valueRequired":true,"valueName":"search_term_string"}}],"inLanguage":"de"},{"@type":"Organization","@id":"https:\/\/pornmate.com\/de\/#organization","name":"Besten Pornoseiten - Kostenlose Deutsche Pornos | PornMate.com","url":"https:\/\/pornmate.com\/de\/","logo":{"@type":"ImageObject","inLanguage":"de","@id":"https:\/\/pornmate.com\/de\/#\/schema\/logo\/image\/","url":"https:\/\/pornmate.com\/de\/wp-content\/uploads\/2022\/11\/pornmate-1.png","contentUrl":"https:\/\/pornmate.com\/de\/wp-content\/uploads\/2022\/11\/pornmate-1.png","width":203,"height":200,"caption":"Besten Pornoseiten - Kostenlose Deutsche Pornos | PornMate.com"},"image":{"@id":"https:\/\/pornmate.com\/de\/#\/schema\/logo\/image\/"}}]}},"_links":{"self":[{"href":"https:\/\/pornmate.com\/de\/wp-json\/wp\/v2\/pages\/7675","targetHints":{"allow":["GET"]}}],"collection":[{"href":"https:\/\/pornmate.com\/de\/wp-json\/wp\/v2\/pages"}],"about":[{"href":"https:\/\/pornmate.com\/de\/wp-json\/wp\/v2\/types\/page"}],"author":[{"embeddable":true,"href":"https:\/\/pornmate.com\/de\/wp-json\/wp\/v2\/users\/1"}],"replies":[{"embeddable":true,"href":"https:\/\/pornmate.com\/de\/wp-json\/wp\/v2\/comments?post=7675"}],"version-history":[{"count":0,"href":"https:\/\/pornmate.com\/de\/wp-json\/wp\/v2\/pages\/7675\/revisions"}],"wp:attachment":[{"href":"https:\/\/pornmate.com\/de\/wp-json\/wp\/v2\/media?parent=7675"}],"curies":[{"name":"wp","href":"https:\/\/api.w.org\/{rel}","templated":true}]}}