{"id":7679,"date":"2020-03-28T09:33:46","date_gmt":"2020-03-28T09:33:46","guid":{"rendered":"https:\/\/pornmate.com\/?page_id=7679"},"modified":"2020-03-28T09:33:46","modified_gmt":"2020-03-28T09:33:46","slug":"mydirtyhobby","status":"publish","type":"page","link":"https:\/\/pornmate.com\/de\/mydirtyhobby","title":{"rendered":"Mydirtyhobby"},"content":{"rendered":"<p>MyDirtyHobby ist eine Website, die soziale Medien und Inhalte f\u00fcr Erwachsene mischt. Im Wesentlichen ist dies eine Live-Sex-Site, auf der ein Haufen hei\u00dfer Amateure ungezogene und b\u00f6se Bewegungen vor der Kamera ausf\u00fchren, um Ihr Sehvergn\u00fcgen zu steigern. Die Social-Media-Elemente sind ziemlich gut, da viele Models Seiten haben, auf denen Sie ihre Videos, Bilder und sogar Blog-Posts sehen k\u00f6nnen, und diese M\u00e4dchen teilen sogar ihre pers\u00f6nlichen Daten, um besser mit Ihnen zu kommunizieren. Hunderte von Models treten jederzeit auf und Sie k\u00f6nnen verschiedene Filter verwenden, um Ihren Favoriten zu finden. Wenn Sie ein M\u00e4dchen nicht live sehen oder einige ihrer prominenteren Auftritte genie\u00dfen m\u00f6chten, k\u00f6nnen Sie zu vorab aufgezeichneten Videos wechseln.Jeder kann Bilder in den Fotogaleriebereich auf MyDirtyHobby.com hochladen. Das bedeutet, dass es immer neue Inhalte zu genie\u00dfen gibt. Erwarten Sie keine Namen wie Tori Black, Jynx Maze, Allie Haze oder Natalia Starr, aber andererseits k\u00f6nnen diese Amateure genauso sexy und cool sein. Die Registrierung ist kostenlos und bietet Ihnen neben vielen Vorteilen sogar einige kostenlose Token, die Sie ausgeben k\u00f6nnen, ohne im Voraus zu bezahlen. Worauf wartest du!<\/p>\n","protected":false},"excerpt":{"rendered":"<p>MyDirtyHobby ist eine Website, die soziale Medien und Inhalte f\u00fcr Erwachsene mischt. Im Wesentlichen ist dies eine Live-Sex-Site, auf der ein Haufen hei\u00dfer Amateure ungezogene und b\u00f6se Bewegungen vor der Kamera ausf\u00fchren, um Ihr Sehvergn\u00fcgen zu steigern. Die Social-Media-Elemente sind ziemlich gut, da viele Models Seiten haben, auf denen Sie ihre Videos, Bilder und sogar [&hellip;]<\/p>\n","protected":false},"author":1,"featured_media":0,"parent":0,"menu_order":0,"comment_status":"closed","ping_status":"closed","template":"page-star-stil.php","meta":{"footnotes":""},"class_list":["post-7679","page","type-page","status-publish","hentry"],"yoast_head":"<!-- This site is optimized with the Yoast SEO plugin v27.4 - https:\/\/yoast.com\/product\/yoast-seo-wordpress\/ -->\n<title>Mydirtyhobby und Liste der besten Pornoseiten | PornMate<\/title>\n<meta name=\"description\" content=\"MyDirtyHobby ist eine Website, die soziale Medien und Inhalte f\u00fcr Erwachsene mischt. Im Wesentlichen ist dies eine Live-Sex-Site, auf der ein Haufen hei\u00dfer Amateure ungezogene und b\u00f6se Bewegungen vor der Kamera ausf\u00fchren, um Ihr Sehvergn\u00fcgen zu steigern. Die Social-Media-Elemente sind ziemlich gut.\" \/>\n<meta name=\"robots\" content=\"index, follow, max-snippet:-1, max-image-preview:large, max-video-preview:-1\" \/>\n<link rel=\"canonical\" href=\"https:\/\/pornmate.com\/de\/mydirtyhobby\" \/>\n<meta property=\"og:locale\" content=\"de_DE\" \/>\n<meta property=\"og:type\" content=\"article\" \/>\n<meta property=\"og:title\" content=\"Mydirtyhobby und Liste der besten Pornoseiten | PornMate\" \/>\n<meta property=\"og:description\" content=\"MyDirtyHobby ist eine Website, die soziale Medien und Inhalte f\u00fcr Erwachsene mischt. Im Wesentlichen ist dies eine Live-Sex-Site, auf der ein Haufen hei\u00dfer Amateure ungezogene und b\u00f6se Bewegungen vor der Kamera ausf\u00fchren, um Ihr Sehvergn\u00fcgen zu steigern. Die Social-Media-Elemente sind ziemlich gut.\" \/>\n<meta property=\"og:url\" content=\"https:\/\/pornmate.com\/de\/mydirtyhobby\" \/>\n<meta property=\"og:site_name\" content=\"Besten Pornoseiten - Kostenlose Deutsche Pornos | PornMate.com\" \/>\n<meta name=\"twitter:card\" content=\"summary_large_image\" \/>\n<meta name=\"twitter:label1\" content=\"Gesch\u00e4tzte Lesezeit\" \/>\n\t<meta name=\"twitter:data1\" content=\"1\u00a0Minute\" \/>\n<script type=\"application\/ld+json\" class=\"yoast-schema-graph\">{\"@context\":\"https:\\\/\\\/schema.org\",\"@graph\":[{\"@type\":\"WebPage\",\"@id\":\"https:\\\/\\\/pornmate.com\\\/de\\\/mydirtyhobby\",\"url\":\"https:\\\/\\\/pornmate.com\\\/de\\\/mydirtyhobby\",\"name\":\"Mydirtyhobby und Liste der besten Pornoseiten | PornMate\",\"isPartOf\":{\"@id\":\"https:\\\/\\\/pornmate.com\\\/de\\\/#website\"},\"datePublished\":\"2020-03-28T09:33:46+00:00\",\"description\":\"MyDirtyHobby ist eine Website, die soziale Medien und Inhalte f\u00fcr Erwachsene mischt. Im Wesentlichen ist dies eine Live-Sex-Site, auf der ein Haufen hei\u00dfer Amateure ungezogene und b\u00f6se Bewegungen vor der Kamera ausf\u00fchren, um Ihr Sehvergn\u00fcgen zu steigern. Die Social-Media-Elemente sind ziemlich gut.\",\"breadcrumb\":{\"@id\":\"https:\\\/\\\/pornmate.com\\\/de\\\/mydirtyhobby#breadcrumb\"},\"inLanguage\":\"de\",\"potentialAction\":[{\"@type\":\"ReadAction\",\"target\":[\"https:\\\/\\\/pornmate.com\\\/de\\\/mydirtyhobby\"]}]},{\"@type\":\"BreadcrumbList\",\"@id\":\"https:\\\/\\\/pornmate.com\\\/de\\\/mydirtyhobby#breadcrumb\",\"itemListElement\":[{\"@type\":\"ListItem\",\"position\":1,\"name\":\"Startseite\",\"item\":\"https:\\\/\\\/pornmate.com\\\/de\"},{\"@type\":\"ListItem\",\"position\":2,\"name\":\"Mydirtyhobby\"}]},{\"@type\":\"WebSite\",\"@id\":\"https:\\\/\\\/pornmate.com\\\/de\\\/#website\",\"url\":\"https:\\\/\\\/pornmate.com\\\/de\\\/\",\"name\":\"Besten Pornoseiten - Kostenlose Deutsche Pornos | PornMate.com\",\"description\":\"Kostenlose Pornos, ist Ihr Combo-Verzeichnis der besten gratis Pornoseiten, die Sie finden k\u00f6nnen, und das fantastische Seitenbewertungen, Kostenlose Deutsche sex Biografien von Pornostars und ihre xxx Freie Porno videos unter einem Dach pr\u00e4sentiert.\",\"publisher\":{\"@id\":\"https:\\\/\\\/pornmate.com\\\/de\\\/#organization\"},\"potentialAction\":[{\"@type\":\"SearchAction\",\"target\":{\"@type\":\"EntryPoint\",\"urlTemplate\":\"https:\\\/\\\/pornmate.com\\\/de\\\/?s={search_term_string}\"},\"query-input\":{\"@type\":\"PropertyValueSpecification\",\"valueRequired\":true,\"valueName\":\"search_term_string\"}}],\"inLanguage\":\"de\"},{\"@type\":\"Organization\",\"@id\":\"https:\\\/\\\/pornmate.com\\\/de\\\/#organization\",\"name\":\"Besten Pornoseiten - Kostenlose Deutsche Pornos | PornMate.com\",\"url\":\"https:\\\/\\\/pornmate.com\\\/de\\\/\",\"logo\":{\"@type\":\"ImageObject\",\"inLanguage\":\"de\",\"@id\":\"https:\\\/\\\/pornmate.com\\\/de\\\/#\\\/schema\\\/logo\\\/image\\\/\",\"url\":\"https:\\\/\\\/pornmate.com\\\/de\\\/wp-content\\\/uploads\\\/2022\\\/11\\\/pornmate-1.png\",\"contentUrl\":\"https:\\\/\\\/pornmate.com\\\/de\\\/wp-content\\\/uploads\\\/2022\\\/11\\\/pornmate-1.png\",\"width\":203,\"height\":200,\"caption\":\"Besten Pornoseiten - Kostenlose Deutsche Pornos | PornMate.com\"},\"image\":{\"@id\":\"https:\\\/\\\/pornmate.com\\\/de\\\/#\\\/schema\\\/logo\\\/image\\\/\"}}]}<\/script>\n<!-- \/ Yoast SEO plugin. -->","yoast_head_json":{"title":"Mydirtyhobby und Liste der besten Pornoseiten | PornMate","description":"MyDirtyHobby ist eine Website, die soziale Medien und Inhalte f\u00fcr Erwachsene mischt. Im Wesentlichen ist dies eine Live-Sex-Site, auf der ein Haufen hei\u00dfer Amateure ungezogene und b\u00f6se Bewegungen vor der Kamera ausf\u00fchren, um Ihr Sehvergn\u00fcgen zu steigern. Die Social-Media-Elemente sind ziemlich gut.","robots":{"index":"index","follow":"follow","max-snippet":"max-snippet:-1","max-image-preview":"max-image-preview:large","max-video-preview":"max-video-preview:-1"},"canonical":"https:\/\/pornmate.com\/de\/mydirtyhobby","og_locale":"de_DE","og_type":"article","og_title":"Mydirtyhobby und Liste der besten Pornoseiten | PornMate","og_description":"MyDirtyHobby ist eine Website, die soziale Medien und Inhalte f\u00fcr Erwachsene mischt. Im Wesentlichen ist dies eine Live-Sex-Site, auf der ein Haufen hei\u00dfer Amateure ungezogene und b\u00f6se Bewegungen vor der Kamera ausf\u00fchren, um Ihr Sehvergn\u00fcgen zu steigern. Die Social-Media-Elemente sind ziemlich gut.","og_url":"https:\/\/pornmate.com\/de\/mydirtyhobby","og_site_name":"Besten Pornoseiten - Kostenlose Deutsche Pornos | PornMate.com","twitter_card":"summary_large_image","twitter_misc":{"Gesch\u00e4tzte Lesezeit":"1\u00a0Minute"},"schema":{"@context":"https:\/\/schema.org","@graph":[{"@type":"WebPage","@id":"https:\/\/pornmate.com\/de\/mydirtyhobby","url":"https:\/\/pornmate.com\/de\/mydirtyhobby","name":"Mydirtyhobby und Liste der besten Pornoseiten | PornMate","isPartOf":{"@id":"https:\/\/pornmate.com\/de\/#website"},"datePublished":"2020-03-28T09:33:46+00:00","description":"MyDirtyHobby ist eine Website, die soziale Medien und Inhalte f\u00fcr Erwachsene mischt. Im Wesentlichen ist dies eine Live-Sex-Site, auf der ein Haufen hei\u00dfer Amateure ungezogene und b\u00f6se Bewegungen vor der Kamera ausf\u00fchren, um Ihr Sehvergn\u00fcgen zu steigern. Die Social-Media-Elemente sind ziemlich gut.","breadcrumb":{"@id":"https:\/\/pornmate.com\/de\/mydirtyhobby#breadcrumb"},"inLanguage":"de","potentialAction":[{"@type":"ReadAction","target":["https:\/\/pornmate.com\/de\/mydirtyhobby"]}]},{"@type":"BreadcrumbList","@id":"https:\/\/pornmate.com\/de\/mydirtyhobby#breadcrumb","itemListElement":[{"@type":"ListItem","position":1,"name":"Startseite","item":"https:\/\/pornmate.com\/de"},{"@type":"ListItem","position":2,"name":"Mydirtyhobby"}]},{"@type":"WebSite","@id":"https:\/\/pornmate.com\/de\/#website","url":"https:\/\/pornmate.com\/de\/","name":"Besten Pornoseiten - Kostenlose Deutsche Pornos | PornMate.com","description":"Kostenlose Pornos, ist Ihr Combo-Verzeichnis der besten gratis Pornoseiten, die Sie finden k\u00f6nnen, und das fantastische Seitenbewertungen, Kostenlose Deutsche sex Biografien von Pornostars und ihre xxx Freie Porno videos unter einem Dach pr\u00e4sentiert.","publisher":{"@id":"https:\/\/pornmate.com\/de\/#organization"},"potentialAction":[{"@type":"SearchAction","target":{"@type":"EntryPoint","urlTemplate":"https:\/\/pornmate.com\/de\/?s={search_term_string}"},"query-input":{"@type":"PropertyValueSpecification","valueRequired":true,"valueName":"search_term_string"}}],"inLanguage":"de"},{"@type":"Organization","@id":"https:\/\/pornmate.com\/de\/#organization","name":"Besten Pornoseiten - Kostenlose Deutsche Pornos | PornMate.com","url":"https:\/\/pornmate.com\/de\/","logo":{"@type":"ImageObject","inLanguage":"de","@id":"https:\/\/pornmate.com\/de\/#\/schema\/logo\/image\/","url":"https:\/\/pornmate.com\/de\/wp-content\/uploads\/2022\/11\/pornmate-1.png","contentUrl":"https:\/\/pornmate.com\/de\/wp-content\/uploads\/2022\/11\/pornmate-1.png","width":203,"height":200,"caption":"Besten Pornoseiten - Kostenlose Deutsche Pornos | PornMate.com"},"image":{"@id":"https:\/\/pornmate.com\/de\/#\/schema\/logo\/image\/"}}]}},"_links":{"self":[{"href":"https:\/\/pornmate.com\/de\/wp-json\/wp\/v2\/pages\/7679","targetHints":{"allow":["GET"]}}],"collection":[{"href":"https:\/\/pornmate.com\/de\/wp-json\/wp\/v2\/pages"}],"about":[{"href":"https:\/\/pornmate.com\/de\/wp-json\/wp\/v2\/types\/page"}],"author":[{"embeddable":true,"href":"https:\/\/pornmate.com\/de\/wp-json\/wp\/v2\/users\/1"}],"replies":[{"embeddable":true,"href":"https:\/\/pornmate.com\/de\/wp-json\/wp\/v2\/comments?post=7679"}],"version-history":[{"count":0,"href":"https:\/\/pornmate.com\/de\/wp-json\/wp\/v2\/pages\/7679\/revisions"}],"wp:attachment":[{"href":"https:\/\/pornmate.com\/de\/wp-json\/wp\/v2\/media?parent=7679"}],"curies":[{"name":"wp","href":"https:\/\/api.w.org\/{rel}","templated":true}]}}