{"id":7681,"date":"2020-03-28T09:37:34","date_gmt":"2020-03-28T09:37:34","guid":{"rendered":"https:\/\/pornmate.com\/?page_id=7681"},"modified":"2020-03-28T09:37:34","modified_gmt":"2020-03-28T09:37:34","slug":"i-know-that-girl","status":"publish","type":"page","link":"https:\/\/pornmate.com\/de\/i-know-that-girl","title":{"rendered":"I know that girl"},"content":{"rendered":"<p>IKnowThatGirl.com ist eine gro\u00dfartige Website mit Tausenden von Pornovideos f\u00fcr Sie. Sie laden meistens Clips von der Mofos-Website hoch. Wenn Sie also Mofos m\u00f6gen, k\u00f6nnen Sie deren Inhalt auch hier sehen. Es ist voll von verschiedenen, jungen Pornostars. Diese Sch\u00f6nheiten lieben, was sie tun, und haben gro\u00dfe Freude daran, jeden Tag riesige Schw\u00e4nze zu lutschen. IKnowThatGirl hat auch Tausende von Videos mit allen m\u00f6glichen Geschichten. Einige Videos handeln sehr wenig von Halbbr\u00fcdern, einige davon, Autos zu stehlen. Hier finden Sie also einige ziemlich kreative Videos, die Ihnen gefallen werden. Wenn dir das gef\u00e4llt, schau dir jetzt IKnowThatGirl.com an! Es ist die beste unter allen anderen Premium-Pornoseiten und Sie werden diese Inhalte lieben. Au\u00dferdem finden Sie viele bekannte und unerkannte Pornostars wie Mia Malkova und andere. Springen Sie also auf diese Seite und sehen Sie sich alle Clips an. Sie werden von den Ihnen pr\u00e4sentierten Inhalten nicht entt\u00e4uscht sein. Stattdessen werden Sie s\u00fcchtig nach diesen Clips sein und sie endlos ansehen wollen. Du bekommst selten solche Webseiten, also ergreife deine Chance und tauche ein in ein wildes sexuelles Abenteuer, das hier vor sich geht!<\/p>\n","protected":false},"excerpt":{"rendered":"<p>IKnowThatGirl.com ist eine gro\u00dfartige Website mit Tausenden von Pornovideos f\u00fcr Sie. Sie laden meistens Clips von der Mofos-Website hoch. Wenn Sie also Mofos m\u00f6gen, k\u00f6nnen Sie deren Inhalt auch hier sehen. Es ist voll von verschiedenen, jungen Pornostars. Diese Sch\u00f6nheiten lieben, was sie tun, und haben gro\u00dfe Freude daran, jeden Tag riesige Schw\u00e4nze zu lutschen. [&hellip;]<\/p>\n","protected":false},"author":1,"featured_media":0,"parent":0,"menu_order":0,"comment_status":"closed","ping_status":"closed","template":"page-star-stil.php","meta":{"footnotes":""},"class_list":["post-7681","page","type-page","status-publish","hentry"],"yoast_head":"<!-- This site is optimized with the Yoast SEO plugin v27.5 - https:\/\/yoast.com\/product\/yoast-seo-wordpress\/ -->\n<title>I know that girl und Liste der besten Pornoseiten | PornMate<\/title>\n<meta name=\"description\" content=\"IKnowThatGirl.com ist eine gro\u00dfartige Website mit Tausenden von Pornovideos f\u00fcr Sie. Sie laden meistens Clips von der Mofos-Website hoch. Wenn Sie also Mofos m\u00f6gen, k\u00f6nnen Sie deren Inhalt auch hier sehen.\" \/>\n<meta name=\"robots\" content=\"index, follow, max-snippet:-1, max-image-preview:large, max-video-preview:-1\" \/>\n<link rel=\"canonical\" href=\"https:\/\/pornmate.com\/de\/i-know-that-girl\" \/>\n<meta property=\"og:locale\" content=\"de_DE\" \/>\n<meta property=\"og:type\" content=\"article\" \/>\n<meta property=\"og:title\" content=\"I know that girl und Liste der besten Pornoseiten | PornMate\" \/>\n<meta property=\"og:description\" content=\"IKnowThatGirl.com ist eine gro\u00dfartige Website mit Tausenden von Pornovideos f\u00fcr Sie. Sie laden meistens Clips von der Mofos-Website hoch. Wenn Sie also Mofos m\u00f6gen, k\u00f6nnen Sie deren Inhalt auch hier sehen.\" \/>\n<meta property=\"og:url\" content=\"https:\/\/pornmate.com\/de\/i-know-that-girl\" \/>\n<meta property=\"og:site_name\" content=\"Besten Pornoseiten - Kostenlose Deutsche Pornos | PornMate.com\" \/>\n<meta name=\"twitter:card\" content=\"summary_large_image\" \/>\n<meta name=\"twitter:label1\" content=\"Gesch\u00e4tzte Lesezeit\" \/>\n\t<meta name=\"twitter:data1\" content=\"2\u00a0Minuten\" \/>\n<script type=\"application\/ld+json\" class=\"yoast-schema-graph\">{\"@context\":\"https:\\\/\\\/schema.org\",\"@graph\":[{\"@type\":\"WebPage\",\"@id\":\"https:\\\/\\\/pornmate.com\\\/de\\\/i-know-that-girl\",\"url\":\"https:\\\/\\\/pornmate.com\\\/de\\\/i-know-that-girl\",\"name\":\"I know that girl und Liste der besten Pornoseiten | PornMate\",\"isPartOf\":{\"@id\":\"https:\\\/\\\/pornmate.com\\\/de\\\/#website\"},\"datePublished\":\"2020-03-28T09:37:34+00:00\",\"description\":\"IKnowThatGirl.com ist eine gro\u00dfartige Website mit Tausenden von Pornovideos f\u00fcr Sie. Sie laden meistens Clips von der Mofos-Website hoch. Wenn Sie also Mofos m\u00f6gen, k\u00f6nnen Sie deren Inhalt auch hier sehen.\",\"breadcrumb\":{\"@id\":\"https:\\\/\\\/pornmate.com\\\/de\\\/i-know-that-girl#breadcrumb\"},\"inLanguage\":\"de\",\"potentialAction\":[{\"@type\":\"ReadAction\",\"target\":[\"https:\\\/\\\/pornmate.com\\\/de\\\/i-know-that-girl\"]}]},{\"@type\":\"BreadcrumbList\",\"@id\":\"https:\\\/\\\/pornmate.com\\\/de\\\/i-know-that-girl#breadcrumb\",\"itemListElement\":[{\"@type\":\"ListItem\",\"position\":1,\"name\":\"Startseite\",\"item\":\"https:\\\/\\\/pornmate.com\\\/de\"},{\"@type\":\"ListItem\",\"position\":2,\"name\":\"I know that girl\"}]},{\"@type\":\"WebSite\",\"@id\":\"https:\\\/\\\/pornmate.com\\\/de\\\/#website\",\"url\":\"https:\\\/\\\/pornmate.com\\\/de\\\/\",\"name\":\"Besten Pornoseiten - Kostenlose Deutsche Pornos | PornMate.com\",\"description\":\"Kostenlose Pornos, ist Ihr Combo-Verzeichnis der besten gratis Pornoseiten, die Sie finden k\u00f6nnen, und das fantastische Seitenbewertungen, Kostenlose Deutsche sex Biografien von Pornostars und ihre xxx Freie Porno videos unter einem Dach pr\u00e4sentiert.\",\"publisher\":{\"@id\":\"https:\\\/\\\/pornmate.com\\\/de\\\/#organization\"},\"potentialAction\":[{\"@type\":\"SearchAction\",\"target\":{\"@type\":\"EntryPoint\",\"urlTemplate\":\"https:\\\/\\\/pornmate.com\\\/de\\\/?s={search_term_string}\"},\"query-input\":{\"@type\":\"PropertyValueSpecification\",\"valueRequired\":true,\"valueName\":\"search_term_string\"}}],\"inLanguage\":\"de\"},{\"@type\":\"Organization\",\"@id\":\"https:\\\/\\\/pornmate.com\\\/de\\\/#organization\",\"name\":\"Besten Pornoseiten - Kostenlose Deutsche Pornos | PornMate.com\",\"url\":\"https:\\\/\\\/pornmate.com\\\/de\\\/\",\"logo\":{\"@type\":\"ImageObject\",\"inLanguage\":\"de\",\"@id\":\"https:\\\/\\\/pornmate.com\\\/de\\\/#\\\/schema\\\/logo\\\/image\\\/\",\"url\":\"https:\\\/\\\/pornmate.com\\\/de\\\/wp-content\\\/uploads\\\/2022\\\/11\\\/pornmate-1.png\",\"contentUrl\":\"https:\\\/\\\/pornmate.com\\\/de\\\/wp-content\\\/uploads\\\/2022\\\/11\\\/pornmate-1.png\",\"width\":203,\"height\":200,\"caption\":\"Besten Pornoseiten - Kostenlose Deutsche Pornos | PornMate.com\"},\"image\":{\"@id\":\"https:\\\/\\\/pornmate.com\\\/de\\\/#\\\/schema\\\/logo\\\/image\\\/\"}}]}<\/script>\n<!-- \/ Yoast SEO plugin. -->","yoast_head_json":{"title":"I know that girl und Liste der besten Pornoseiten | PornMate","description":"IKnowThatGirl.com ist eine gro\u00dfartige Website mit Tausenden von Pornovideos f\u00fcr Sie. Sie laden meistens Clips von der Mofos-Website hoch. Wenn Sie also Mofos m\u00f6gen, k\u00f6nnen Sie deren Inhalt auch hier sehen.","robots":{"index":"index","follow":"follow","max-snippet":"max-snippet:-1","max-image-preview":"max-image-preview:large","max-video-preview":"max-video-preview:-1"},"canonical":"https:\/\/pornmate.com\/de\/i-know-that-girl","og_locale":"de_DE","og_type":"article","og_title":"I know that girl und Liste der besten Pornoseiten | PornMate","og_description":"IKnowThatGirl.com ist eine gro\u00dfartige Website mit Tausenden von Pornovideos f\u00fcr Sie. Sie laden meistens Clips von der Mofos-Website hoch. Wenn Sie also Mofos m\u00f6gen, k\u00f6nnen Sie deren Inhalt auch hier sehen.","og_url":"https:\/\/pornmate.com\/de\/i-know-that-girl","og_site_name":"Besten Pornoseiten - Kostenlose Deutsche Pornos | PornMate.com","twitter_card":"summary_large_image","twitter_misc":{"Gesch\u00e4tzte Lesezeit":"2\u00a0Minuten"},"schema":{"@context":"https:\/\/schema.org","@graph":[{"@type":"WebPage","@id":"https:\/\/pornmate.com\/de\/i-know-that-girl","url":"https:\/\/pornmate.com\/de\/i-know-that-girl","name":"I know that girl und Liste der besten Pornoseiten | PornMate","isPartOf":{"@id":"https:\/\/pornmate.com\/de\/#website"},"datePublished":"2020-03-28T09:37:34+00:00","description":"IKnowThatGirl.com ist eine gro\u00dfartige Website mit Tausenden von Pornovideos f\u00fcr Sie. Sie laden meistens Clips von der Mofos-Website hoch. Wenn Sie also Mofos m\u00f6gen, k\u00f6nnen Sie deren Inhalt auch hier sehen.","breadcrumb":{"@id":"https:\/\/pornmate.com\/de\/i-know-that-girl#breadcrumb"},"inLanguage":"de","potentialAction":[{"@type":"ReadAction","target":["https:\/\/pornmate.com\/de\/i-know-that-girl"]}]},{"@type":"BreadcrumbList","@id":"https:\/\/pornmate.com\/de\/i-know-that-girl#breadcrumb","itemListElement":[{"@type":"ListItem","position":1,"name":"Startseite","item":"https:\/\/pornmate.com\/de"},{"@type":"ListItem","position":2,"name":"I know that girl"}]},{"@type":"WebSite","@id":"https:\/\/pornmate.com\/de\/#website","url":"https:\/\/pornmate.com\/de\/","name":"Besten Pornoseiten - Kostenlose Deutsche Pornos | PornMate.com","description":"Kostenlose Pornos, ist Ihr Combo-Verzeichnis der besten gratis Pornoseiten, die Sie finden k\u00f6nnen, und das fantastische Seitenbewertungen, Kostenlose Deutsche sex Biografien von Pornostars und ihre xxx Freie Porno videos unter einem Dach pr\u00e4sentiert.","publisher":{"@id":"https:\/\/pornmate.com\/de\/#organization"},"potentialAction":[{"@type":"SearchAction","target":{"@type":"EntryPoint","urlTemplate":"https:\/\/pornmate.com\/de\/?s={search_term_string}"},"query-input":{"@type":"PropertyValueSpecification","valueRequired":true,"valueName":"search_term_string"}}],"inLanguage":"de"},{"@type":"Organization","@id":"https:\/\/pornmate.com\/de\/#organization","name":"Besten Pornoseiten - Kostenlose Deutsche Pornos | PornMate.com","url":"https:\/\/pornmate.com\/de\/","logo":{"@type":"ImageObject","inLanguage":"de","@id":"https:\/\/pornmate.com\/de\/#\/schema\/logo\/image\/","url":"https:\/\/pornmate.com\/de\/wp-content\/uploads\/2022\/11\/pornmate-1.png","contentUrl":"https:\/\/pornmate.com\/de\/wp-content\/uploads\/2022\/11\/pornmate-1.png","width":203,"height":200,"caption":"Besten Pornoseiten - Kostenlose Deutsche Pornos | PornMate.com"},"image":{"@id":"https:\/\/pornmate.com\/de\/#\/schema\/logo\/image\/"}}]}},"_links":{"self":[{"href":"https:\/\/pornmate.com\/de\/wp-json\/wp\/v2\/pages\/7681","targetHints":{"allow":["GET"]}}],"collection":[{"href":"https:\/\/pornmate.com\/de\/wp-json\/wp\/v2\/pages"}],"about":[{"href":"https:\/\/pornmate.com\/de\/wp-json\/wp\/v2\/types\/page"}],"author":[{"embeddable":true,"href":"https:\/\/pornmate.com\/de\/wp-json\/wp\/v2\/users\/1"}],"replies":[{"embeddable":true,"href":"https:\/\/pornmate.com\/de\/wp-json\/wp\/v2\/comments?post=7681"}],"version-history":[{"count":0,"href":"https:\/\/pornmate.com\/de\/wp-json\/wp\/v2\/pages\/7681\/revisions"}],"wp:attachment":[{"href":"https:\/\/pornmate.com\/de\/wp-json\/wp\/v2\/media?parent=7681"}],"curies":[{"name":"wp","href":"https:\/\/api.w.org\/{rel}","templated":true}]}}