{"id":7683,"date":"2020-03-28T09:40:01","date_gmt":"2020-03-28T09:40:01","guid":{"rendered":"https:\/\/pornmate.com\/?page_id=7683"},"modified":"2020-03-28T09:40:01","modified_gmt":"2020-03-28T09:40:01","slug":"daredorm","status":"publish","type":"page","link":"https:\/\/pornmate.com\/de\/daredorm","title":{"rendered":"Daredorm"},"content":{"rendered":"<p>DareDorm.com ist eine mit dem Reality Kings-Netzwerk verbundene Website, die die meisten ihrer Inhalte von dort bezieht. Das Interessante an dieser Seite ist, dass sie eine einzigartige Umgebung hat. Meistens gibt es Videos \u00fcber Studentenwohnheime und was ihre M\u00e4dchen darin tun. Hast du jemals mit jemandem geschlafen oder Wahrheit oder Pflicht gespielt? Nun, es ist, aber viel schwieriger. DareDorm hat also viele sch\u00f6ne Erlebnisse zu bieten. Wenn Sie einen Blick darauf werfen, werden Sie wilde College-M\u00e4dchen sehen, die begierig darauf sind, zu feiern und w\u00e4hrend dieser Partys mit ein paar Schw\u00e4nzen enden. Diese M\u00e4dchen sind die Fantasie eines jeden College-Typen, also ist es nat\u00fcrlich aufregend! Das sollte ausreichen, um Sie dazu zu verleiten, sich DareDorm.com anzusehen, denn es hat bessere Inhalte als alle Teen-Porno-Video-Sharing-Sites zusammen, und es wird Ihnen den Atem rauben! Au\u00dferdem finden Sie hier viele bekannte Pornostars wie Leah Gotti und andere. Es ist keine \u00dcberraschung, dass Tausende von Fans jeden Monat ihre Abonnements erneuern. Mit einer einzigartigen Website wie dieser k\u00f6nnen Sie nichts falsch machen! Und Sie k\u00f6nnen sofort s\u00fcchtig nach gro\u00dfartigen, vollst\u00e4ndigen HQ-Clips wie diesem werden!<\/p>\n","protected":false},"excerpt":{"rendered":"<p>DareDorm.com ist eine mit dem Reality Kings-Netzwerk verbundene Website, die die meisten ihrer Inhalte von dort bezieht. Das Interessante an dieser Seite ist, dass sie eine einzigartige Umgebung hat. Meistens gibt es Videos \u00fcber Studentenwohnheime und was ihre M\u00e4dchen darin tun. Hast du jemals mit jemandem geschlafen oder Wahrheit oder Pflicht gespielt? Nun, es ist, [&hellip;]<\/p>\n","protected":false},"author":1,"featured_media":0,"parent":0,"menu_order":0,"comment_status":"closed","ping_status":"closed","template":"page-star-stil.php","meta":{"footnotes":""},"class_list":["post-7683","page","type-page","status-publish","hentry"],"yoast_head":"<!-- This site is optimized with the Yoast SEO plugin v27.2 - https:\/\/yoast.com\/product\/yoast-seo-wordpress\/ -->\n<title>Daredorm und Liste der besten Pornoseiten | PornMate<\/title>\n<meta name=\"description\" content=\"DareDorm.com ist eine mit dem Reality Kings-Netzwerk verbundene Website, die die meisten ihrer Inhalte von dort bezieht. Das Interessante an dieser Seite ist, dass sie eine einzigartige Umgebung hat. Meistens gibt es Videos \u00fcber Studentenwohnheime und was ihre M\u00e4dchen darin tun.\" \/>\n<meta name=\"robots\" content=\"index, follow, max-snippet:-1, max-image-preview:large, max-video-preview:-1\" \/>\n<link rel=\"canonical\" href=\"https:\/\/pornmate.com\/de\/daredorm\" \/>\n<meta property=\"og:locale\" content=\"de_DE\" \/>\n<meta property=\"og:type\" content=\"article\" \/>\n<meta property=\"og:title\" content=\"Daredorm und Liste der besten Pornoseiten | PornMate\" \/>\n<meta property=\"og:description\" content=\"DareDorm.com ist eine mit dem Reality Kings-Netzwerk verbundene Website, die die meisten ihrer Inhalte von dort bezieht. Das Interessante an dieser Seite ist, dass sie eine einzigartige Umgebung hat. Meistens gibt es Videos \u00fcber Studentenwohnheime und was ihre M\u00e4dchen darin tun.\" \/>\n<meta property=\"og:url\" content=\"https:\/\/pornmate.com\/de\/daredorm\" \/>\n<meta property=\"og:site_name\" content=\"Besten Pornoseiten - Kostenlose Deutsche Pornos | PornMate.com\" \/>\n<meta name=\"twitter:card\" content=\"summary_large_image\" \/>\n<meta name=\"twitter:label1\" content=\"Gesch\u00e4tzte Lesezeit\" \/>\n\t<meta name=\"twitter:data1\" content=\"2\u00a0Minuten\" \/>\n<script type=\"application\/ld+json\" class=\"yoast-schema-graph\">{\"@context\":\"https:\/\/schema.org\",\"@graph\":[{\"@type\":\"WebPage\",\"@id\":\"https:\/\/pornmate.com\/de\/daredorm\",\"url\":\"https:\/\/pornmate.com\/de\/daredorm\",\"name\":\"Daredorm und Liste der besten Pornoseiten | PornMate\",\"isPartOf\":{\"@id\":\"https:\/\/pornmate.com\/de\/#website\"},\"datePublished\":\"2020-03-28T09:40:01+00:00\",\"description\":\"DareDorm.com ist eine mit dem Reality Kings-Netzwerk verbundene Website, die die meisten ihrer Inhalte von dort bezieht. Das Interessante an dieser Seite ist, dass sie eine einzigartige Umgebung hat. Meistens gibt es Videos \u00fcber Studentenwohnheime und was ihre M\u00e4dchen darin tun.\",\"breadcrumb\":{\"@id\":\"https:\/\/pornmate.com\/de\/daredorm#breadcrumb\"},\"inLanguage\":\"de\",\"potentialAction\":[{\"@type\":\"ReadAction\",\"target\":[\"https:\/\/pornmate.com\/de\/daredorm\"]}]},{\"@type\":\"BreadcrumbList\",\"@id\":\"https:\/\/pornmate.com\/de\/daredorm#breadcrumb\",\"itemListElement\":[{\"@type\":\"ListItem\",\"position\":1,\"name\":\"Startseite\",\"item\":\"https:\/\/pornmate.com\/de\"},{\"@type\":\"ListItem\",\"position\":2,\"name\":\"Daredorm\"}]},{\"@type\":\"WebSite\",\"@id\":\"https:\/\/pornmate.com\/de\/#website\",\"url\":\"https:\/\/pornmate.com\/de\/\",\"name\":\"Besten Pornoseiten - Kostenlose Deutsche Pornos | PornMate.com\",\"description\":\"Kostenlose Pornos, ist Ihr Combo-Verzeichnis der besten gratis Pornoseiten, die Sie finden k\u00f6nnen, und das fantastische Seitenbewertungen, Kostenlose Deutsche sex Biografien von Pornostars und ihre xxx Freie Porno videos unter einem Dach pr\u00e4sentiert.\",\"publisher\":{\"@id\":\"https:\/\/pornmate.com\/de\/#organization\"},\"potentialAction\":[{\"@type\":\"SearchAction\",\"target\":{\"@type\":\"EntryPoint\",\"urlTemplate\":\"https:\/\/pornmate.com\/de\/?s={search_term_string}\"},\"query-input\":{\"@type\":\"PropertyValueSpecification\",\"valueRequired\":true,\"valueName\":\"search_term_string\"}}],\"inLanguage\":\"de\"},{\"@type\":\"Organization\",\"@id\":\"https:\/\/pornmate.com\/de\/#organization\",\"name\":\"Besten Pornoseiten - Kostenlose Deutsche Pornos | PornMate.com\",\"url\":\"https:\/\/pornmate.com\/de\/\",\"logo\":{\"@type\":\"ImageObject\",\"inLanguage\":\"de\",\"@id\":\"https:\/\/pornmate.com\/de\/#\/schema\/logo\/image\/\",\"url\":\"https:\/\/pornmate.com\/de\/wp-content\/uploads\/2022\/11\/pornmate-1.png\",\"contentUrl\":\"https:\/\/pornmate.com\/de\/wp-content\/uploads\/2022\/11\/pornmate-1.png\",\"width\":203,\"height\":200,\"caption\":\"Besten Pornoseiten - Kostenlose Deutsche Pornos | PornMate.com\"},\"image\":{\"@id\":\"https:\/\/pornmate.com\/de\/#\/schema\/logo\/image\/\"}}]}<\/script>\n<!-- \/ Yoast SEO plugin. -->","yoast_head_json":{"title":"Daredorm und Liste der besten Pornoseiten | PornMate","description":"DareDorm.com ist eine mit dem Reality Kings-Netzwerk verbundene Website, die die meisten ihrer Inhalte von dort bezieht. Das Interessante an dieser Seite ist, dass sie eine einzigartige Umgebung hat. Meistens gibt es Videos \u00fcber Studentenwohnheime und was ihre M\u00e4dchen darin tun.","robots":{"index":"index","follow":"follow","max-snippet":"max-snippet:-1","max-image-preview":"max-image-preview:large","max-video-preview":"max-video-preview:-1"},"canonical":"https:\/\/pornmate.com\/de\/daredorm","og_locale":"de_DE","og_type":"article","og_title":"Daredorm und Liste der besten Pornoseiten | PornMate","og_description":"DareDorm.com ist eine mit dem Reality Kings-Netzwerk verbundene Website, die die meisten ihrer Inhalte von dort bezieht. Das Interessante an dieser Seite ist, dass sie eine einzigartige Umgebung hat. Meistens gibt es Videos \u00fcber Studentenwohnheime und was ihre M\u00e4dchen darin tun.","og_url":"https:\/\/pornmate.com\/de\/daredorm","og_site_name":"Besten Pornoseiten - Kostenlose Deutsche Pornos | PornMate.com","twitter_card":"summary_large_image","twitter_misc":{"Gesch\u00e4tzte Lesezeit":"2\u00a0Minuten"},"schema":{"@context":"https:\/\/schema.org","@graph":[{"@type":"WebPage","@id":"https:\/\/pornmate.com\/de\/daredorm","url":"https:\/\/pornmate.com\/de\/daredorm","name":"Daredorm und Liste der besten Pornoseiten | PornMate","isPartOf":{"@id":"https:\/\/pornmate.com\/de\/#website"},"datePublished":"2020-03-28T09:40:01+00:00","description":"DareDorm.com ist eine mit dem Reality Kings-Netzwerk verbundene Website, die die meisten ihrer Inhalte von dort bezieht. Das Interessante an dieser Seite ist, dass sie eine einzigartige Umgebung hat. Meistens gibt es Videos \u00fcber Studentenwohnheime und was ihre M\u00e4dchen darin tun.","breadcrumb":{"@id":"https:\/\/pornmate.com\/de\/daredorm#breadcrumb"},"inLanguage":"de","potentialAction":[{"@type":"ReadAction","target":["https:\/\/pornmate.com\/de\/daredorm"]}]},{"@type":"BreadcrumbList","@id":"https:\/\/pornmate.com\/de\/daredorm#breadcrumb","itemListElement":[{"@type":"ListItem","position":1,"name":"Startseite","item":"https:\/\/pornmate.com\/de"},{"@type":"ListItem","position":2,"name":"Daredorm"}]},{"@type":"WebSite","@id":"https:\/\/pornmate.com\/de\/#website","url":"https:\/\/pornmate.com\/de\/","name":"Besten Pornoseiten - Kostenlose Deutsche Pornos | PornMate.com","description":"Kostenlose Pornos, ist Ihr Combo-Verzeichnis der besten gratis Pornoseiten, die Sie finden k\u00f6nnen, und das fantastische Seitenbewertungen, Kostenlose Deutsche sex Biografien von Pornostars und ihre xxx Freie Porno videos unter einem Dach pr\u00e4sentiert.","publisher":{"@id":"https:\/\/pornmate.com\/de\/#organization"},"potentialAction":[{"@type":"SearchAction","target":{"@type":"EntryPoint","urlTemplate":"https:\/\/pornmate.com\/de\/?s={search_term_string}"},"query-input":{"@type":"PropertyValueSpecification","valueRequired":true,"valueName":"search_term_string"}}],"inLanguage":"de"},{"@type":"Organization","@id":"https:\/\/pornmate.com\/de\/#organization","name":"Besten Pornoseiten - Kostenlose Deutsche Pornos | PornMate.com","url":"https:\/\/pornmate.com\/de\/","logo":{"@type":"ImageObject","inLanguage":"de","@id":"https:\/\/pornmate.com\/de\/#\/schema\/logo\/image\/","url":"https:\/\/pornmate.com\/de\/wp-content\/uploads\/2022\/11\/pornmate-1.png","contentUrl":"https:\/\/pornmate.com\/de\/wp-content\/uploads\/2022\/11\/pornmate-1.png","width":203,"height":200,"caption":"Besten Pornoseiten - Kostenlose Deutsche Pornos | PornMate.com"},"image":{"@id":"https:\/\/pornmate.com\/de\/#\/schema\/logo\/image\/"}}]}},"_links":{"self":[{"href":"https:\/\/pornmate.com\/de\/wp-json\/wp\/v2\/pages\/7683","targetHints":{"allow":["GET"]}}],"collection":[{"href":"https:\/\/pornmate.com\/de\/wp-json\/wp\/v2\/pages"}],"about":[{"href":"https:\/\/pornmate.com\/de\/wp-json\/wp\/v2\/types\/page"}],"author":[{"embeddable":true,"href":"https:\/\/pornmate.com\/de\/wp-json\/wp\/v2\/users\/1"}],"replies":[{"embeddable":true,"href":"https:\/\/pornmate.com\/de\/wp-json\/wp\/v2\/comments?post=7683"}],"version-history":[{"count":0,"href":"https:\/\/pornmate.com\/de\/wp-json\/wp\/v2\/pages\/7683\/revisions"}],"wp:attachment":[{"href":"https:\/\/pornmate.com\/de\/wp-json\/wp\/v2\/media?parent=7683"}],"curies":[{"name":"wp","href":"https:\/\/api.w.org\/{rel}","templated":true}]}}