{"id":7685,"date":"2020-03-28T09:42:21","date_gmt":"2020-03-28T09:42:21","guid":{"rendered":"https:\/\/pornmate.com\/?page_id=7685"},"modified":"2022-11-25T16:30:09","modified_gmt":"2022-11-25T15:30:09","slug":"discountedporn","status":"publish","type":"page","link":"https:\/\/pornmate.com\/de\/discountedporn","title":{"rendered":"Discountedporn"},"content":{"rendered":"<p>DiscountPorn.com bietet alles, was Sie jetzt brauchen. Haben Sie jemals die meiste Zeit damit verbracht, Rabatte von Pornoseiten zu bekommen? Sie m\u00fcssen nichts mehr ausgeben, denn diese Seite ist f\u00fcr Sie. Diese ausgezeichnete Website bietet Ihnen Informationen dar\u00fcber, welche Rabatte derzeit auftauchen und wo Sie g\u00fcnstige Premium-Pornos erhalten k\u00f6nnen. \u00dcberpr\u00fcfen Sie also DiscountPorn, denn es wird Ihnen definitiv helfen. Mit dieser Seite k\u00f6nnen Sie nichts falsch machen. Wenn Sie jeden Tag von Premium-Pornoseiten tr\u00e4umen, wird diese Seite f\u00fcr Sie unverzichtbar sein. Hier finden Sie all die Clips und Seiten, von denen Sie regelm\u00e4\u00dfig tr\u00e4umen, und bei DiscountPorn.com finden Sie den vollen Preis. Das ist nat\u00fcrlich nicht alles, was Sie hier finden k\u00f6nnen. Dar\u00fcber hinaus finden Sie eine vorl\u00e4ufige \u00dcberpr\u00fcfung der Website, auf der Sie die Mitgliedschaft erhalten. Dort k\u00f6nnen Sie sehen, wie die Seite abschneidet und ob Sie Pornostars wie Kendra Lust oder andere finden k\u00f6nnen. Daher enth\u00e4lt es meistens alle Informationen, die Sie jemals ben\u00f6tigen werden. Also, schauen Sie hier nach und kaufen Sie mit Vertrauen!<\/p>\n","protected":false},"excerpt":{"rendered":"<p>DiscountPorn.com bietet alles, was Sie jetzt brauchen. Haben Sie jemals die meiste Zeit damit verbracht, Rabatte von Pornoseiten zu bekommen? Sie m\u00fcssen nichts mehr ausgeben, denn diese Seite ist f\u00fcr Sie. Diese ausgezeichnete Website bietet Ihnen Informationen dar\u00fcber, welche Rabatte derzeit auftauchen und wo Sie g\u00fcnstige Premium-Pornos erhalten k\u00f6nnen. \u00dcberpr\u00fcfen Sie also DiscountPorn, denn es [&hellip;]<\/p>\n","protected":false},"author":1,"featured_media":0,"parent":0,"menu_order":0,"comment_status":"closed","ping_status":"closed","template":"page-star-stil.php","meta":{"footnotes":""},"class_list":["post-7685","page","type-page","status-publish","hentry"],"yoast_head":"<!-- This site is optimized with the Yoast SEO plugin v27.2 - https:\/\/yoast.com\/product\/yoast-seo-wordpress\/ -->\n<title>Discountedporn und Liste der besten Pornoseiten | PornMate<\/title>\n<meta name=\"description\" content=\"DiscountPorn.com bietet alles, was Sie jetzt brauchen. Haben Sie jemals die meiste Zeit damit verbracht, Rabatte von Pornoseiten zu bekommen? Sie m\u00fcssen nichts mehr ausgeben, denn diese Seite ist f\u00fcr Sie.\" \/>\n<meta name=\"robots\" content=\"index, follow, max-snippet:-1, max-image-preview:large, max-video-preview:-1\" \/>\n<link rel=\"canonical\" href=\"https:\/\/pornmate.com\/de\/discountedporn\" \/>\n<meta property=\"og:locale\" content=\"de_DE\" \/>\n<meta property=\"og:type\" content=\"article\" \/>\n<meta property=\"og:title\" content=\"Discountedporn und Liste der besten Pornoseiten | PornMate\" \/>\n<meta property=\"og:description\" content=\"DiscountPorn.com bietet alles, was Sie jetzt brauchen. Haben Sie jemals die meiste Zeit damit verbracht, Rabatte von Pornoseiten zu bekommen? Sie m\u00fcssen nichts mehr ausgeben, denn diese Seite ist f\u00fcr Sie.\" \/>\n<meta property=\"og:url\" content=\"https:\/\/pornmate.com\/de\/discountedporn\" \/>\n<meta property=\"og:site_name\" content=\"Besten Pornoseiten - Kostenlose Deutsche Pornos | PornMate.com\" \/>\n<meta property=\"article:modified_time\" content=\"2022-11-25T15:30:09+00:00\" \/>\n<meta name=\"twitter:card\" content=\"summary_large_image\" \/>\n<meta name=\"twitter:label1\" content=\"Gesch\u00e4tzte Lesezeit\" \/>\n\t<meta name=\"twitter:data1\" content=\"1\u00a0Minute\" \/>\n<script type=\"application\/ld+json\" class=\"yoast-schema-graph\">{\"@context\":\"https:\/\/schema.org\",\"@graph\":[{\"@type\":\"WebPage\",\"@id\":\"https:\/\/pornmate.com\/de\/discountedporn\",\"url\":\"https:\/\/pornmate.com\/de\/discountedporn\",\"name\":\"Discountedporn und Liste der besten Pornoseiten | PornMate\",\"isPartOf\":{\"@id\":\"https:\/\/pornmate.com\/de\/#website\"},\"datePublished\":\"2020-03-28T09:42:21+00:00\",\"dateModified\":\"2022-11-25T15:30:09+00:00\",\"description\":\"DiscountPorn.com bietet alles, was Sie jetzt brauchen. Haben Sie jemals die meiste Zeit damit verbracht, Rabatte von Pornoseiten zu bekommen? Sie m\u00fcssen nichts mehr ausgeben, denn diese Seite ist f\u00fcr Sie.\",\"breadcrumb\":{\"@id\":\"https:\/\/pornmate.com\/de\/discountedporn#breadcrumb\"},\"inLanguage\":\"de\",\"potentialAction\":[{\"@type\":\"ReadAction\",\"target\":[\"https:\/\/pornmate.com\/de\/discountedporn\"]}]},{\"@type\":\"BreadcrumbList\",\"@id\":\"https:\/\/pornmate.com\/de\/discountedporn#breadcrumb\",\"itemListElement\":[{\"@type\":\"ListItem\",\"position\":1,\"name\":\"Startseite\",\"item\":\"https:\/\/pornmate.com\/de\"},{\"@type\":\"ListItem\",\"position\":2,\"name\":\"Discountedporn\"}]},{\"@type\":\"WebSite\",\"@id\":\"https:\/\/pornmate.com\/de\/#website\",\"url\":\"https:\/\/pornmate.com\/de\/\",\"name\":\"Besten Pornoseiten - Kostenlose Deutsche Pornos | PornMate.com\",\"description\":\"Kostenlose Pornos, ist Ihr Combo-Verzeichnis der besten gratis Pornoseiten, die Sie finden k\u00f6nnen, und das fantastische Seitenbewertungen, Kostenlose Deutsche sex Biografien von Pornostars und ihre xxx Freie Porno videos unter einem Dach pr\u00e4sentiert.\",\"publisher\":{\"@id\":\"https:\/\/pornmate.com\/de\/#organization\"},\"potentialAction\":[{\"@type\":\"SearchAction\",\"target\":{\"@type\":\"EntryPoint\",\"urlTemplate\":\"https:\/\/pornmate.com\/de\/?s={search_term_string}\"},\"query-input\":{\"@type\":\"PropertyValueSpecification\",\"valueRequired\":true,\"valueName\":\"search_term_string\"}}],\"inLanguage\":\"de\"},{\"@type\":\"Organization\",\"@id\":\"https:\/\/pornmate.com\/de\/#organization\",\"name\":\"Besten Pornoseiten - Kostenlose Deutsche Pornos | PornMate.com\",\"url\":\"https:\/\/pornmate.com\/de\/\",\"logo\":{\"@type\":\"ImageObject\",\"inLanguage\":\"de\",\"@id\":\"https:\/\/pornmate.com\/de\/#\/schema\/logo\/image\/\",\"url\":\"https:\/\/pornmate.com\/de\/wp-content\/uploads\/2022\/11\/pornmate-1.png\",\"contentUrl\":\"https:\/\/pornmate.com\/de\/wp-content\/uploads\/2022\/11\/pornmate-1.png\",\"width\":203,\"height\":200,\"caption\":\"Besten Pornoseiten - Kostenlose Deutsche Pornos | PornMate.com\"},\"image\":{\"@id\":\"https:\/\/pornmate.com\/de\/#\/schema\/logo\/image\/\"}}]}<\/script>\n<!-- \/ Yoast SEO plugin. -->","yoast_head_json":{"title":"Discountedporn und Liste der besten Pornoseiten | PornMate","description":"DiscountPorn.com bietet alles, was Sie jetzt brauchen. Haben Sie jemals die meiste Zeit damit verbracht, Rabatte von Pornoseiten zu bekommen? Sie m\u00fcssen nichts mehr ausgeben, denn diese Seite ist f\u00fcr Sie.","robots":{"index":"index","follow":"follow","max-snippet":"max-snippet:-1","max-image-preview":"max-image-preview:large","max-video-preview":"max-video-preview:-1"},"canonical":"https:\/\/pornmate.com\/de\/discountedporn","og_locale":"de_DE","og_type":"article","og_title":"Discountedporn und Liste der besten Pornoseiten | PornMate","og_description":"DiscountPorn.com bietet alles, was Sie jetzt brauchen. Haben Sie jemals die meiste Zeit damit verbracht, Rabatte von Pornoseiten zu bekommen? Sie m\u00fcssen nichts mehr ausgeben, denn diese Seite ist f\u00fcr Sie.","og_url":"https:\/\/pornmate.com\/de\/discountedporn","og_site_name":"Besten Pornoseiten - Kostenlose Deutsche Pornos | PornMate.com","article_modified_time":"2022-11-25T15:30:09+00:00","twitter_card":"summary_large_image","twitter_misc":{"Gesch\u00e4tzte Lesezeit":"1\u00a0Minute"},"schema":{"@context":"https:\/\/schema.org","@graph":[{"@type":"WebPage","@id":"https:\/\/pornmate.com\/de\/discountedporn","url":"https:\/\/pornmate.com\/de\/discountedporn","name":"Discountedporn und Liste der besten Pornoseiten | PornMate","isPartOf":{"@id":"https:\/\/pornmate.com\/de\/#website"},"datePublished":"2020-03-28T09:42:21+00:00","dateModified":"2022-11-25T15:30:09+00:00","description":"DiscountPorn.com bietet alles, was Sie jetzt brauchen. Haben Sie jemals die meiste Zeit damit verbracht, Rabatte von Pornoseiten zu bekommen? Sie m\u00fcssen nichts mehr ausgeben, denn diese Seite ist f\u00fcr Sie.","breadcrumb":{"@id":"https:\/\/pornmate.com\/de\/discountedporn#breadcrumb"},"inLanguage":"de","potentialAction":[{"@type":"ReadAction","target":["https:\/\/pornmate.com\/de\/discountedporn"]}]},{"@type":"BreadcrumbList","@id":"https:\/\/pornmate.com\/de\/discountedporn#breadcrumb","itemListElement":[{"@type":"ListItem","position":1,"name":"Startseite","item":"https:\/\/pornmate.com\/de"},{"@type":"ListItem","position":2,"name":"Discountedporn"}]},{"@type":"WebSite","@id":"https:\/\/pornmate.com\/de\/#website","url":"https:\/\/pornmate.com\/de\/","name":"Besten Pornoseiten - Kostenlose Deutsche Pornos | PornMate.com","description":"Kostenlose Pornos, ist Ihr Combo-Verzeichnis der besten gratis Pornoseiten, die Sie finden k\u00f6nnen, und das fantastische Seitenbewertungen, Kostenlose Deutsche sex Biografien von Pornostars und ihre xxx Freie Porno videos unter einem Dach pr\u00e4sentiert.","publisher":{"@id":"https:\/\/pornmate.com\/de\/#organization"},"potentialAction":[{"@type":"SearchAction","target":{"@type":"EntryPoint","urlTemplate":"https:\/\/pornmate.com\/de\/?s={search_term_string}"},"query-input":{"@type":"PropertyValueSpecification","valueRequired":true,"valueName":"search_term_string"}}],"inLanguage":"de"},{"@type":"Organization","@id":"https:\/\/pornmate.com\/de\/#organization","name":"Besten Pornoseiten - Kostenlose Deutsche Pornos | PornMate.com","url":"https:\/\/pornmate.com\/de\/","logo":{"@type":"ImageObject","inLanguage":"de","@id":"https:\/\/pornmate.com\/de\/#\/schema\/logo\/image\/","url":"https:\/\/pornmate.com\/de\/wp-content\/uploads\/2022\/11\/pornmate-1.png","contentUrl":"https:\/\/pornmate.com\/de\/wp-content\/uploads\/2022\/11\/pornmate-1.png","width":203,"height":200,"caption":"Besten Pornoseiten - Kostenlose Deutsche Pornos | PornMate.com"},"image":{"@id":"https:\/\/pornmate.com\/de\/#\/schema\/logo\/image\/"}}]}},"_links":{"self":[{"href":"https:\/\/pornmate.com\/de\/wp-json\/wp\/v2\/pages\/7685","targetHints":{"allow":["GET"]}}],"collection":[{"href":"https:\/\/pornmate.com\/de\/wp-json\/wp\/v2\/pages"}],"about":[{"href":"https:\/\/pornmate.com\/de\/wp-json\/wp\/v2\/types\/page"}],"author":[{"embeddable":true,"href":"https:\/\/pornmate.com\/de\/wp-json\/wp\/v2\/users\/1"}],"replies":[{"embeddable":true,"href":"https:\/\/pornmate.com\/de\/wp-json\/wp\/v2\/comments?post=7685"}],"version-history":[{"count":0,"href":"https:\/\/pornmate.com\/de\/wp-json\/wp\/v2\/pages\/7685\/revisions"}],"wp:attachment":[{"href":"https:\/\/pornmate.com\/de\/wp-json\/wp\/v2\/media?parent=7685"}],"curies":[{"name":"wp","href":"https:\/\/api.w.org\/{rel}","templated":true}]}}