{"id":7689,"date":"2020-03-28T09:46:23","date_gmt":"2020-03-28T09:46:23","guid":{"rendered":"https:\/\/pornmate.com\/?page_id=7689"},"modified":"2020-03-28T09:46:23","modified_gmt":"2020-03-28T09:46:23","slug":"vrbangers","status":"publish","type":"page","link":"https:\/\/pornmate.com\/de\/vrbangers","title":{"rendered":"Vrbangers"},"content":{"rendered":"<p>Wenn Sie auf futuristische Sachen stehen, ist VRBangers.com genau die Website, die Sie brauchen. Sie sehen, VR-Pornos sind eine sehr beliebte moderne Erfindung. Es gibt Ihnen im Grunde eine ganz neue Erfahrung beim Anschauen von Pornos. Das Anschauen von Pornos wird jetzt noch aufregender. Denn wenn Sie Ihre VR-Ausr\u00fcstung anziehen, sehen Sie Babys, als w\u00fcrden Sie sie v\u00f6geln. Auch das ist sehr spannend. Gl\u00fccklicherweise ist VRBangers voll von dieser Art von Inhalten, und Sie k\u00f6nnen hier alle Arten von Clips finden. Diese Seite beherbergt haupts\u00e4chlich junge Erdn\u00fcsse und sie kommen in allen Formen und Gr\u00f6\u00dfen. Zum Gl\u00fcck haben sie auch h\u00fcbsche \u00c4rsche und davon k\u00f6nnen die meisten Kerle nur tr\u00e4umen. Deshalb stellt VRBangers.com sie ein, um auf Sie aufzupassen. Es gibt einige ziemlich hochwertige Videos auf dieser Seite, was sowohl Videos in 4K- als auch in 6K-Qualit\u00e4t bedeutet. VR-Pornoseiten wie diese sind schwer zu finden, also kaufen Sie eine Mitgliedschaft! Die Preise sind ziemlich gut, da diese Website alle von den Fans bevorzugten All-Stars enth\u00e4lt. Hier ist zum Beispiel Riley Reid zu sehen. Und er tut die perversesten Dinge, die er je getan hat. Also machen Sie weiter und geben Sie dieser exzellenten Website eine Chance. Du wirst es nicht bereuen! Und das ist sicher!<\/p>\n","protected":false},"excerpt":{"rendered":"<p>Wenn Sie auf futuristische Sachen stehen, ist VRBangers.com genau die Website, die Sie brauchen. Sie sehen, VR-Pornos sind eine sehr beliebte moderne Erfindung. Es gibt Ihnen im Grunde eine ganz neue Erfahrung beim Anschauen von Pornos. Das Anschauen von Pornos wird jetzt noch aufregender. Denn wenn Sie Ihre VR-Ausr\u00fcstung anziehen, sehen Sie Babys, als w\u00fcrden [&hellip;]<\/p>\n","protected":false},"author":1,"featured_media":0,"parent":0,"menu_order":0,"comment_status":"closed","ping_status":"closed","template":"page-star-stil.php","meta":{"footnotes":""},"class_list":["post-7689","page","type-page","status-publish","hentry"],"yoast_head":"<!-- This site is optimized with the Yoast SEO plugin v27.2 - https:\/\/yoast.com\/product\/yoast-seo-wordpress\/ -->\n<title>Vrbangers und Liste der besten Pornoseiten | PornMate<\/title>\n<meta name=\"description\" content=\"Wenn Sie auf futuristische Sachen stehen, ist VRBangers.com genau die Website, die Sie brauchen. Sie sehen, VR-Pornos sind eine sehr beliebte moderne Erfindung. Es gibt Ihnen im Grunde eine ganz neue Erfahrung beim Anschauen von Pornos.\" \/>\n<meta name=\"robots\" content=\"index, follow, max-snippet:-1, max-image-preview:large, max-video-preview:-1\" \/>\n<link rel=\"canonical\" href=\"https:\/\/pornmate.com\/de\/vrbangers\" \/>\n<meta property=\"og:locale\" content=\"de_DE\" \/>\n<meta property=\"og:type\" content=\"article\" \/>\n<meta property=\"og:title\" content=\"Vrbangers und Liste der besten Pornoseiten | PornMate\" \/>\n<meta property=\"og:description\" content=\"Wenn Sie auf futuristische Sachen stehen, ist VRBangers.com genau die Website, die Sie brauchen. Sie sehen, VR-Pornos sind eine sehr beliebte moderne Erfindung. Es gibt Ihnen im Grunde eine ganz neue Erfahrung beim Anschauen von Pornos.\" \/>\n<meta property=\"og:url\" content=\"https:\/\/pornmate.com\/de\/vrbangers\" \/>\n<meta property=\"og:site_name\" content=\"Besten Pornoseiten - Kostenlose Deutsche Pornos | PornMate.com\" \/>\n<meta name=\"twitter:card\" content=\"summary_large_image\" \/>\n<meta name=\"twitter:label1\" content=\"Gesch\u00e4tzte Lesezeit\" \/>\n\t<meta name=\"twitter:data1\" content=\"2\u00a0Minuten\" \/>\n<script type=\"application\/ld+json\" class=\"yoast-schema-graph\">{\"@context\":\"https:\/\/schema.org\",\"@graph\":[{\"@type\":\"WebPage\",\"@id\":\"https:\/\/pornmate.com\/de\/vrbangers\",\"url\":\"https:\/\/pornmate.com\/de\/vrbangers\",\"name\":\"Vrbangers und Liste der besten Pornoseiten | PornMate\",\"isPartOf\":{\"@id\":\"https:\/\/pornmate.com\/de\/#website\"},\"datePublished\":\"2020-03-28T09:46:23+00:00\",\"description\":\"Wenn Sie auf futuristische Sachen stehen, ist VRBangers.com genau die Website, die Sie brauchen. Sie sehen, VR-Pornos sind eine sehr beliebte moderne Erfindung. Es gibt Ihnen im Grunde eine ganz neue Erfahrung beim Anschauen von Pornos.\",\"breadcrumb\":{\"@id\":\"https:\/\/pornmate.com\/de\/vrbangers#breadcrumb\"},\"inLanguage\":\"de\",\"potentialAction\":[{\"@type\":\"ReadAction\",\"target\":[\"https:\/\/pornmate.com\/de\/vrbangers\"]}]},{\"@type\":\"BreadcrumbList\",\"@id\":\"https:\/\/pornmate.com\/de\/vrbangers#breadcrumb\",\"itemListElement\":[{\"@type\":\"ListItem\",\"position\":1,\"name\":\"Startseite\",\"item\":\"https:\/\/pornmate.com\/de\"},{\"@type\":\"ListItem\",\"position\":2,\"name\":\"Vrbangers\"}]},{\"@type\":\"WebSite\",\"@id\":\"https:\/\/pornmate.com\/de\/#website\",\"url\":\"https:\/\/pornmate.com\/de\/\",\"name\":\"Besten Pornoseiten - Kostenlose Deutsche Pornos | PornMate.com\",\"description\":\"Kostenlose Pornos, ist Ihr Combo-Verzeichnis der besten gratis Pornoseiten, die Sie finden k\u00f6nnen, und das fantastische Seitenbewertungen, Kostenlose Deutsche sex Biografien von Pornostars und ihre xxx Freie Porno videos unter einem Dach pr\u00e4sentiert.\",\"publisher\":{\"@id\":\"https:\/\/pornmate.com\/de\/#organization\"},\"potentialAction\":[{\"@type\":\"SearchAction\",\"target\":{\"@type\":\"EntryPoint\",\"urlTemplate\":\"https:\/\/pornmate.com\/de\/?s={search_term_string}\"},\"query-input\":{\"@type\":\"PropertyValueSpecification\",\"valueRequired\":true,\"valueName\":\"search_term_string\"}}],\"inLanguage\":\"de\"},{\"@type\":\"Organization\",\"@id\":\"https:\/\/pornmate.com\/de\/#organization\",\"name\":\"Besten Pornoseiten - Kostenlose Deutsche Pornos | PornMate.com\",\"url\":\"https:\/\/pornmate.com\/de\/\",\"logo\":{\"@type\":\"ImageObject\",\"inLanguage\":\"de\",\"@id\":\"https:\/\/pornmate.com\/de\/#\/schema\/logo\/image\/\",\"url\":\"https:\/\/pornmate.com\/de\/wp-content\/uploads\/2022\/11\/pornmate-1.png\",\"contentUrl\":\"https:\/\/pornmate.com\/de\/wp-content\/uploads\/2022\/11\/pornmate-1.png\",\"width\":203,\"height\":200,\"caption\":\"Besten Pornoseiten - Kostenlose Deutsche Pornos | PornMate.com\"},\"image\":{\"@id\":\"https:\/\/pornmate.com\/de\/#\/schema\/logo\/image\/\"}}]}<\/script>\n<!-- \/ Yoast SEO plugin. -->","yoast_head_json":{"title":"Vrbangers und Liste der besten Pornoseiten | PornMate","description":"Wenn Sie auf futuristische Sachen stehen, ist VRBangers.com genau die Website, die Sie brauchen. Sie sehen, VR-Pornos sind eine sehr beliebte moderne Erfindung. Es gibt Ihnen im Grunde eine ganz neue Erfahrung beim Anschauen von Pornos.","robots":{"index":"index","follow":"follow","max-snippet":"max-snippet:-1","max-image-preview":"max-image-preview:large","max-video-preview":"max-video-preview:-1"},"canonical":"https:\/\/pornmate.com\/de\/vrbangers","og_locale":"de_DE","og_type":"article","og_title":"Vrbangers und Liste der besten Pornoseiten | PornMate","og_description":"Wenn Sie auf futuristische Sachen stehen, ist VRBangers.com genau die Website, die Sie brauchen. Sie sehen, VR-Pornos sind eine sehr beliebte moderne Erfindung. Es gibt Ihnen im Grunde eine ganz neue Erfahrung beim Anschauen von Pornos.","og_url":"https:\/\/pornmate.com\/de\/vrbangers","og_site_name":"Besten Pornoseiten - Kostenlose Deutsche Pornos | PornMate.com","twitter_card":"summary_large_image","twitter_misc":{"Gesch\u00e4tzte Lesezeit":"2\u00a0Minuten"},"schema":{"@context":"https:\/\/schema.org","@graph":[{"@type":"WebPage","@id":"https:\/\/pornmate.com\/de\/vrbangers","url":"https:\/\/pornmate.com\/de\/vrbangers","name":"Vrbangers und Liste der besten Pornoseiten | PornMate","isPartOf":{"@id":"https:\/\/pornmate.com\/de\/#website"},"datePublished":"2020-03-28T09:46:23+00:00","description":"Wenn Sie auf futuristische Sachen stehen, ist VRBangers.com genau die Website, die Sie brauchen. Sie sehen, VR-Pornos sind eine sehr beliebte moderne Erfindung. Es gibt Ihnen im Grunde eine ganz neue Erfahrung beim Anschauen von Pornos.","breadcrumb":{"@id":"https:\/\/pornmate.com\/de\/vrbangers#breadcrumb"},"inLanguage":"de","potentialAction":[{"@type":"ReadAction","target":["https:\/\/pornmate.com\/de\/vrbangers"]}]},{"@type":"BreadcrumbList","@id":"https:\/\/pornmate.com\/de\/vrbangers#breadcrumb","itemListElement":[{"@type":"ListItem","position":1,"name":"Startseite","item":"https:\/\/pornmate.com\/de"},{"@type":"ListItem","position":2,"name":"Vrbangers"}]},{"@type":"WebSite","@id":"https:\/\/pornmate.com\/de\/#website","url":"https:\/\/pornmate.com\/de\/","name":"Besten Pornoseiten - Kostenlose Deutsche Pornos | PornMate.com","description":"Kostenlose Pornos, ist Ihr Combo-Verzeichnis der besten gratis Pornoseiten, die Sie finden k\u00f6nnen, und das fantastische Seitenbewertungen, Kostenlose Deutsche sex Biografien von Pornostars und ihre xxx Freie Porno videos unter einem Dach pr\u00e4sentiert.","publisher":{"@id":"https:\/\/pornmate.com\/de\/#organization"},"potentialAction":[{"@type":"SearchAction","target":{"@type":"EntryPoint","urlTemplate":"https:\/\/pornmate.com\/de\/?s={search_term_string}"},"query-input":{"@type":"PropertyValueSpecification","valueRequired":true,"valueName":"search_term_string"}}],"inLanguage":"de"},{"@type":"Organization","@id":"https:\/\/pornmate.com\/de\/#organization","name":"Besten Pornoseiten - Kostenlose Deutsche Pornos | PornMate.com","url":"https:\/\/pornmate.com\/de\/","logo":{"@type":"ImageObject","inLanguage":"de","@id":"https:\/\/pornmate.com\/de\/#\/schema\/logo\/image\/","url":"https:\/\/pornmate.com\/de\/wp-content\/uploads\/2022\/11\/pornmate-1.png","contentUrl":"https:\/\/pornmate.com\/de\/wp-content\/uploads\/2022\/11\/pornmate-1.png","width":203,"height":200,"caption":"Besten Pornoseiten - Kostenlose Deutsche Pornos | PornMate.com"},"image":{"@id":"https:\/\/pornmate.com\/de\/#\/schema\/logo\/image\/"}}]}},"_links":{"self":[{"href":"https:\/\/pornmate.com\/de\/wp-json\/wp\/v2\/pages\/7689","targetHints":{"allow":["GET"]}}],"collection":[{"href":"https:\/\/pornmate.com\/de\/wp-json\/wp\/v2\/pages"}],"about":[{"href":"https:\/\/pornmate.com\/de\/wp-json\/wp\/v2\/types\/page"}],"author":[{"embeddable":true,"href":"https:\/\/pornmate.com\/de\/wp-json\/wp\/v2\/users\/1"}],"replies":[{"embeddable":true,"href":"https:\/\/pornmate.com\/de\/wp-json\/wp\/v2\/comments?post=7689"}],"version-history":[{"count":0,"href":"https:\/\/pornmate.com\/de\/wp-json\/wp\/v2\/pages\/7689\/revisions"}],"wp:attachment":[{"href":"https:\/\/pornmate.com\/de\/wp-json\/wp\/v2\/media?parent=7689"}],"curies":[{"name":"wp","href":"https:\/\/api.w.org\/{rel}","templated":true}]}}