{"id":7691,"date":"2020-03-28T09:48:12","date_gmt":"2020-03-28T09:48:12","guid":{"rendered":"https:\/\/pornmate.com\/?page_id=7691"},"modified":"2022-11-23T22:00:43","modified_gmt":"2022-11-23T21:00:43","slug":"vporn","status":"publish","type":"page","link":"https:\/\/pornmate.com\/de\/vporn","title":{"rendered":"Pornone"},"content":{"rendered":"<p>VPorn.com ist eine kostenlose Porno-Tube-Site, die Videos in HD in voller L\u00e4nge streamt. Fast jede Minute wird ein neues Video zu VPorn hinzugef\u00fcgt und kann sofort heruntergeladen und gestreamt werden. Dies bedeutet, dass jeden Tag Dutzende neuer Videos auf die Website kommen. Die Videos sind in heterosexuell, schwul, transgender und weiblich unterteilt, und wenn es um Frauen wie Erdn\u00fcsse geht, gibt es fast 360 Pornostars, die Sie hier sehen k\u00f6nnen. Lisa Ann, Sara Jay und Julia Ann sind nur einige von ihnen. Auf dieser Seite gibt es bis zu 545 verschiedene Pornokategorien, was bedeutet, dass Sie auf jeden Fall den gew\u00fcnschten Inhalt finden werden: von Amateurpornos von geilen Paaren bis hin zu versauten Teenagern, die die Karriereleiter in der Erotikbranche erklimmen m\u00f6chten. Au\u00dferdem hat VPorn.com eine Registerkarte &#8222;Pornospiele&#8220;, die Sie direkt zum Spielen kostenloser Sexspiele f\u00fchrt, und direkt daneben befindet sich eine Registerkarte &#8222;Live-Sex&#8220;, auf der Sie es genie\u00dfen k\u00f6nnen, nackten M\u00e4dchen zuzusehen, wie sie vor Ihnen b\u00f6se und b\u00f6se werden. Sie k\u00f6nnen die Erdn\u00fcsse auf Echtzeitkameras beobachten.<\/p>\n","protected":false},"excerpt":{"rendered":"<p>VPorn.com ist eine kostenlose Porno-Tube-Site, die Videos in HD in voller L\u00e4nge streamt. Fast jede Minute wird ein neues Video zu VPorn hinzugef\u00fcgt und kann sofort heruntergeladen und gestreamt werden. Dies bedeutet, dass jeden Tag Dutzende neuer Videos auf die Website kommen. Die Videos sind in heterosexuell, schwul, transgender und weiblich unterteilt, und wenn es [&hellip;]<\/p>\n","protected":false},"author":1,"featured_media":0,"parent":0,"menu_order":0,"comment_status":"closed","ping_status":"closed","template":"page-star-stil.php","meta":{"footnotes":""},"class_list":["post-7691","page","type-page","status-publish","hentry"],"yoast_head":"<!-- This site is optimized with the Yoast SEO plugin v27.2 - https:\/\/yoast.com\/product\/yoast-seo-wordpress\/ -->\n<title>Pornone und Liste der besten Pornoseiten | PornMate<\/title>\n<meta name=\"description\" content=\"VPorn.com ist eine kostenlose Porno-Tube-Site, die Videos in HD in voller L\u00e4nge streamt. Fast jede Minute wird ein neues Video zu VPorn hinzugef\u00fcgt und kann sofort heruntergeladen und gestreamt werden. Dies bedeutet, dass jeden Tag Dutzende neuer Videos auf die Website kommen.\" \/>\n<meta name=\"robots\" content=\"index, follow, max-snippet:-1, max-image-preview:large, max-video-preview:-1\" \/>\n<link rel=\"canonical\" href=\"https:\/\/pornmate.com\/de\/vporn\" \/>\n<meta property=\"og:locale\" content=\"de_DE\" \/>\n<meta property=\"og:type\" content=\"article\" \/>\n<meta property=\"og:title\" content=\"Pornone und Liste der besten Pornoseiten | PornMate\" \/>\n<meta property=\"og:description\" content=\"VPorn.com ist eine kostenlose Porno-Tube-Site, die Videos in HD in voller L\u00e4nge streamt. Fast jede Minute wird ein neues Video zu VPorn hinzugef\u00fcgt und kann sofort heruntergeladen und gestreamt werden. Dies bedeutet, dass jeden Tag Dutzende neuer Videos auf die Website kommen.\" \/>\n<meta property=\"og:url\" content=\"https:\/\/pornmate.com\/de\/vporn\" \/>\n<meta property=\"og:site_name\" content=\"Besten Pornoseiten - Kostenlose Deutsche Pornos | PornMate.com\" \/>\n<meta property=\"article:modified_time\" content=\"2022-11-23T21:00:43+00:00\" \/>\n<meta name=\"twitter:card\" content=\"summary_large_image\" \/>\n<meta name=\"twitter:label1\" content=\"Gesch\u00e4tzte Lesezeit\" \/>\n\t<meta name=\"twitter:data1\" content=\"1\u00a0Minute\" \/>\n<script type=\"application\/ld+json\" class=\"yoast-schema-graph\">{\"@context\":\"https:\/\/schema.org\",\"@graph\":[{\"@type\":\"WebPage\",\"@id\":\"https:\/\/pornmate.com\/de\/vporn\",\"url\":\"https:\/\/pornmate.com\/de\/vporn\",\"name\":\"Pornone und Liste der besten Pornoseiten | PornMate\",\"isPartOf\":{\"@id\":\"https:\/\/pornmate.com\/de\/#website\"},\"datePublished\":\"2020-03-28T09:48:12+00:00\",\"dateModified\":\"2022-11-23T21:00:43+00:00\",\"description\":\"VPorn.com ist eine kostenlose Porno-Tube-Site, die Videos in HD in voller L\u00e4nge streamt. Fast jede Minute wird ein neues Video zu VPorn hinzugef\u00fcgt und kann sofort heruntergeladen und gestreamt werden. Dies bedeutet, dass jeden Tag Dutzende neuer Videos auf die Website kommen.\",\"breadcrumb\":{\"@id\":\"https:\/\/pornmate.com\/de\/vporn#breadcrumb\"},\"inLanguage\":\"de\",\"potentialAction\":[{\"@type\":\"ReadAction\",\"target\":[\"https:\/\/pornmate.com\/de\/vporn\"]}]},{\"@type\":\"BreadcrumbList\",\"@id\":\"https:\/\/pornmate.com\/de\/vporn#breadcrumb\",\"itemListElement\":[{\"@type\":\"ListItem\",\"position\":1,\"name\":\"Startseite\",\"item\":\"https:\/\/pornmate.com\/de\"},{\"@type\":\"ListItem\",\"position\":2,\"name\":\"Pornone\"}]},{\"@type\":\"WebSite\",\"@id\":\"https:\/\/pornmate.com\/de\/#website\",\"url\":\"https:\/\/pornmate.com\/de\/\",\"name\":\"Besten Pornoseiten - Kostenlose Deutsche Pornos | PornMate.com\",\"description\":\"Kostenlose Pornos, ist Ihr Combo-Verzeichnis der besten gratis Pornoseiten, die Sie finden k\u00f6nnen, und das fantastische Seitenbewertungen, Kostenlose Deutsche sex Biografien von Pornostars und ihre xxx Freie Porno videos unter einem Dach pr\u00e4sentiert.\",\"publisher\":{\"@id\":\"https:\/\/pornmate.com\/de\/#organization\"},\"potentialAction\":[{\"@type\":\"SearchAction\",\"target\":{\"@type\":\"EntryPoint\",\"urlTemplate\":\"https:\/\/pornmate.com\/de\/?s={search_term_string}\"},\"query-input\":{\"@type\":\"PropertyValueSpecification\",\"valueRequired\":true,\"valueName\":\"search_term_string\"}}],\"inLanguage\":\"de\"},{\"@type\":\"Organization\",\"@id\":\"https:\/\/pornmate.com\/de\/#organization\",\"name\":\"Besten Pornoseiten - Kostenlose Deutsche Pornos | PornMate.com\",\"url\":\"https:\/\/pornmate.com\/de\/\",\"logo\":{\"@type\":\"ImageObject\",\"inLanguage\":\"de\",\"@id\":\"https:\/\/pornmate.com\/de\/#\/schema\/logo\/image\/\",\"url\":\"https:\/\/pornmate.com\/de\/wp-content\/uploads\/2022\/11\/pornmate-1.png\",\"contentUrl\":\"https:\/\/pornmate.com\/de\/wp-content\/uploads\/2022\/11\/pornmate-1.png\",\"width\":203,\"height\":200,\"caption\":\"Besten Pornoseiten - Kostenlose Deutsche Pornos | PornMate.com\"},\"image\":{\"@id\":\"https:\/\/pornmate.com\/de\/#\/schema\/logo\/image\/\"}}]}<\/script>\n<!-- \/ Yoast SEO plugin. -->","yoast_head_json":{"title":"Pornone und Liste der besten Pornoseiten | PornMate","description":"VPorn.com ist eine kostenlose Porno-Tube-Site, die Videos in HD in voller L\u00e4nge streamt. Fast jede Minute wird ein neues Video zu VPorn hinzugef\u00fcgt und kann sofort heruntergeladen und gestreamt werden. Dies bedeutet, dass jeden Tag Dutzende neuer Videos auf die Website kommen.","robots":{"index":"index","follow":"follow","max-snippet":"max-snippet:-1","max-image-preview":"max-image-preview:large","max-video-preview":"max-video-preview:-1"},"canonical":"https:\/\/pornmate.com\/de\/vporn","og_locale":"de_DE","og_type":"article","og_title":"Pornone und Liste der besten Pornoseiten | PornMate","og_description":"VPorn.com ist eine kostenlose Porno-Tube-Site, die Videos in HD in voller L\u00e4nge streamt. Fast jede Minute wird ein neues Video zu VPorn hinzugef\u00fcgt und kann sofort heruntergeladen und gestreamt werden. Dies bedeutet, dass jeden Tag Dutzende neuer Videos auf die Website kommen.","og_url":"https:\/\/pornmate.com\/de\/vporn","og_site_name":"Besten Pornoseiten - Kostenlose Deutsche Pornos | PornMate.com","article_modified_time":"2022-11-23T21:00:43+00:00","twitter_card":"summary_large_image","twitter_misc":{"Gesch\u00e4tzte Lesezeit":"1\u00a0Minute"},"schema":{"@context":"https:\/\/schema.org","@graph":[{"@type":"WebPage","@id":"https:\/\/pornmate.com\/de\/vporn","url":"https:\/\/pornmate.com\/de\/vporn","name":"Pornone und Liste der besten Pornoseiten | PornMate","isPartOf":{"@id":"https:\/\/pornmate.com\/de\/#website"},"datePublished":"2020-03-28T09:48:12+00:00","dateModified":"2022-11-23T21:00:43+00:00","description":"VPorn.com ist eine kostenlose Porno-Tube-Site, die Videos in HD in voller L\u00e4nge streamt. Fast jede Minute wird ein neues Video zu VPorn hinzugef\u00fcgt und kann sofort heruntergeladen und gestreamt werden. Dies bedeutet, dass jeden Tag Dutzende neuer Videos auf die Website kommen.","breadcrumb":{"@id":"https:\/\/pornmate.com\/de\/vporn#breadcrumb"},"inLanguage":"de","potentialAction":[{"@type":"ReadAction","target":["https:\/\/pornmate.com\/de\/vporn"]}]},{"@type":"BreadcrumbList","@id":"https:\/\/pornmate.com\/de\/vporn#breadcrumb","itemListElement":[{"@type":"ListItem","position":1,"name":"Startseite","item":"https:\/\/pornmate.com\/de"},{"@type":"ListItem","position":2,"name":"Pornone"}]},{"@type":"WebSite","@id":"https:\/\/pornmate.com\/de\/#website","url":"https:\/\/pornmate.com\/de\/","name":"Besten Pornoseiten - Kostenlose Deutsche Pornos | PornMate.com","description":"Kostenlose Pornos, ist Ihr Combo-Verzeichnis der besten gratis Pornoseiten, die Sie finden k\u00f6nnen, und das fantastische Seitenbewertungen, Kostenlose Deutsche sex Biografien von Pornostars und ihre xxx Freie Porno videos unter einem Dach pr\u00e4sentiert.","publisher":{"@id":"https:\/\/pornmate.com\/de\/#organization"},"potentialAction":[{"@type":"SearchAction","target":{"@type":"EntryPoint","urlTemplate":"https:\/\/pornmate.com\/de\/?s={search_term_string}"},"query-input":{"@type":"PropertyValueSpecification","valueRequired":true,"valueName":"search_term_string"}}],"inLanguage":"de"},{"@type":"Organization","@id":"https:\/\/pornmate.com\/de\/#organization","name":"Besten Pornoseiten - Kostenlose Deutsche Pornos | PornMate.com","url":"https:\/\/pornmate.com\/de\/","logo":{"@type":"ImageObject","inLanguage":"de","@id":"https:\/\/pornmate.com\/de\/#\/schema\/logo\/image\/","url":"https:\/\/pornmate.com\/de\/wp-content\/uploads\/2022\/11\/pornmate-1.png","contentUrl":"https:\/\/pornmate.com\/de\/wp-content\/uploads\/2022\/11\/pornmate-1.png","width":203,"height":200,"caption":"Besten Pornoseiten - Kostenlose Deutsche Pornos | PornMate.com"},"image":{"@id":"https:\/\/pornmate.com\/de\/#\/schema\/logo\/image\/"}}]}},"_links":{"self":[{"href":"https:\/\/pornmate.com\/de\/wp-json\/wp\/v2\/pages\/7691","targetHints":{"allow":["GET"]}}],"collection":[{"href":"https:\/\/pornmate.com\/de\/wp-json\/wp\/v2\/pages"}],"about":[{"href":"https:\/\/pornmate.com\/de\/wp-json\/wp\/v2\/types\/page"}],"author":[{"embeddable":true,"href":"https:\/\/pornmate.com\/de\/wp-json\/wp\/v2\/users\/1"}],"replies":[{"embeddable":true,"href":"https:\/\/pornmate.com\/de\/wp-json\/wp\/v2\/comments?post=7691"}],"version-history":[{"count":0,"href":"https:\/\/pornmate.com\/de\/wp-json\/wp\/v2\/pages\/7691\/revisions"}],"wp:attachment":[{"href":"https:\/\/pornmate.com\/de\/wp-json\/wp\/v2\/media?parent=7691"}],"curies":[{"name":"wp","href":"https:\/\/api.w.org\/{rel}","templated":true}]}}