{"id":7693,"date":"2020-03-28T09:50:08","date_gmt":"2020-03-28T09:50:08","guid":{"rendered":"https:\/\/pornmate.com\/?page_id=7693"},"modified":"2020-03-28T09:50:08","modified_gmt":"2020-03-28T09:50:08","slug":"extremetube","status":"publish","type":"page","link":"https:\/\/pornmate.com\/de\/extremetube","title":{"rendered":"Extremetube"},"content":{"rendered":"<p>ExtremeTube.com ist eine Porno-Tube-Site mit endlosem Inhalt von Hardcore-Pornos. Wie der Name ExtremeTube schon sagt, sind die meisten Clips, die Sie hier finden, BDSM-bezogen, aber es gibt auch viele von Frauen dominierte Inhalte. Allerdings fallen nicht alle Videos in die BDSM-Kategorie, denn es gibt 47 verschiedene Videokategorien: von reifen Damen, die von jungen M\u00e4nnern gefickt werden wollen, bis hin zu versauten M\u00e4dchen in Latex, die wollen, dass jeder Mann ihren Anweisungen folgt. Auf ExtremeTube gibt es Hunderte von wundersch\u00f6nen Pornostars wie Audrey Bitoni, Leah Luv, Riley Steele und viele mehr. Nat\u00fcrlich gibt es auf dieser Seite auch Transvestiten- und Schwuleninhalte, da extreme Hardcore-Szenen nicht nur etwas sind, das Heteros gerne sehen. In ExtremeTube k\u00f6nnen Sie sich auch nackte M\u00e4dchen vor der Kamera ansehen, die nach verschiedenen Typen klassifiziert sind, was bedeutet, dass Sie zwischen Cams mit gro\u00dfem Hintern, MILF, Bondage, perfektem Arsch, Strumpfhosen, Indisch, schlampigem Blowjob und Hausfrau w\u00e4hlen k\u00f6nnen.<\/p>\n","protected":false},"excerpt":{"rendered":"<p>ExtremeTube.com ist eine Porno-Tube-Site mit endlosem Inhalt von Hardcore-Pornos. Wie der Name ExtremeTube schon sagt, sind die meisten Clips, die Sie hier finden, BDSM-bezogen, aber es gibt auch viele von Frauen dominierte Inhalte. Allerdings fallen nicht alle Videos in die BDSM-Kategorie, denn es gibt 47 verschiedene Videokategorien: von reifen Damen, die von jungen M\u00e4nnern gefickt [&hellip;]<\/p>\n","protected":false},"author":1,"featured_media":0,"parent":0,"menu_order":0,"comment_status":"closed","ping_status":"closed","template":"page-star-stil.php","meta":{"footnotes":""},"class_list":["post-7693","page","type-page","status-publish","hentry"],"yoast_head":"<!-- This site is optimized with the Yoast SEO plugin v27.2 - https:\/\/yoast.com\/product\/yoast-seo-wordpress\/ -->\n<title>Extremetube und Liste der besten Pornoseiten | PornMate<\/title>\n<meta name=\"description\" content=\"ExtremeTube.com ist eine Porno-Tube-Site mit endlosem Inhalt von Hardcore-Pornos. Wie der Name ExtremeTube schon sagt, sind die meisten Clips, die Sie hier finden, BDSM-bezogen, aber es gibt auch viele von Frauen dominierte Inhalte.\" \/>\n<meta name=\"robots\" content=\"index, follow, max-snippet:-1, max-image-preview:large, max-video-preview:-1\" \/>\n<link rel=\"canonical\" href=\"https:\/\/pornmate.com\/de\/extremetube\" \/>\n<meta property=\"og:locale\" content=\"de_DE\" \/>\n<meta property=\"og:type\" content=\"article\" \/>\n<meta property=\"og:title\" content=\"Extremetube und Liste der besten Pornoseiten | PornMate\" \/>\n<meta property=\"og:description\" content=\"ExtremeTube.com ist eine Porno-Tube-Site mit endlosem Inhalt von Hardcore-Pornos. Wie der Name ExtremeTube schon sagt, sind die meisten Clips, die Sie hier finden, BDSM-bezogen, aber es gibt auch viele von Frauen dominierte Inhalte.\" \/>\n<meta property=\"og:url\" content=\"https:\/\/pornmate.com\/de\/extremetube\" \/>\n<meta property=\"og:site_name\" content=\"Besten Pornoseiten - Kostenlose Deutsche Pornos | PornMate.com\" \/>\n<meta name=\"twitter:card\" content=\"summary_large_image\" \/>\n<meta name=\"twitter:label1\" content=\"Gesch\u00e4tzte Lesezeit\" \/>\n\t<meta name=\"twitter:data1\" content=\"1\u00a0Minute\" \/>\n<script type=\"application\/ld+json\" class=\"yoast-schema-graph\">{\"@context\":\"https:\/\/schema.org\",\"@graph\":[{\"@type\":\"WebPage\",\"@id\":\"https:\/\/pornmate.com\/de\/extremetube\",\"url\":\"https:\/\/pornmate.com\/de\/extremetube\",\"name\":\"Extremetube und Liste der besten Pornoseiten | PornMate\",\"isPartOf\":{\"@id\":\"https:\/\/pornmate.com\/de\/#website\"},\"datePublished\":\"2020-03-28T09:50:08+00:00\",\"description\":\"ExtremeTube.com ist eine Porno-Tube-Site mit endlosem Inhalt von Hardcore-Pornos. Wie der Name ExtremeTube schon sagt, sind die meisten Clips, die Sie hier finden, BDSM-bezogen, aber es gibt auch viele von Frauen dominierte Inhalte.\",\"breadcrumb\":{\"@id\":\"https:\/\/pornmate.com\/de\/extremetube#breadcrumb\"},\"inLanguage\":\"de\",\"potentialAction\":[{\"@type\":\"ReadAction\",\"target\":[\"https:\/\/pornmate.com\/de\/extremetube\"]}]},{\"@type\":\"BreadcrumbList\",\"@id\":\"https:\/\/pornmate.com\/de\/extremetube#breadcrumb\",\"itemListElement\":[{\"@type\":\"ListItem\",\"position\":1,\"name\":\"Startseite\",\"item\":\"https:\/\/pornmate.com\/de\"},{\"@type\":\"ListItem\",\"position\":2,\"name\":\"Extremetube\"}]},{\"@type\":\"WebSite\",\"@id\":\"https:\/\/pornmate.com\/de\/#website\",\"url\":\"https:\/\/pornmate.com\/de\/\",\"name\":\"Besten Pornoseiten - Kostenlose Deutsche Pornos | PornMate.com\",\"description\":\"Kostenlose Pornos, ist Ihr Combo-Verzeichnis der besten gratis Pornoseiten, die Sie finden k\u00f6nnen, und das fantastische Seitenbewertungen, Kostenlose Deutsche sex Biografien von Pornostars und ihre xxx Freie Porno videos unter einem Dach pr\u00e4sentiert.\",\"publisher\":{\"@id\":\"https:\/\/pornmate.com\/de\/#organization\"},\"potentialAction\":[{\"@type\":\"SearchAction\",\"target\":{\"@type\":\"EntryPoint\",\"urlTemplate\":\"https:\/\/pornmate.com\/de\/?s={search_term_string}\"},\"query-input\":{\"@type\":\"PropertyValueSpecification\",\"valueRequired\":true,\"valueName\":\"search_term_string\"}}],\"inLanguage\":\"de\"},{\"@type\":\"Organization\",\"@id\":\"https:\/\/pornmate.com\/de\/#organization\",\"name\":\"Besten Pornoseiten - Kostenlose Deutsche Pornos | PornMate.com\",\"url\":\"https:\/\/pornmate.com\/de\/\",\"logo\":{\"@type\":\"ImageObject\",\"inLanguage\":\"de\",\"@id\":\"https:\/\/pornmate.com\/de\/#\/schema\/logo\/image\/\",\"url\":\"https:\/\/pornmate.com\/de\/wp-content\/uploads\/2022\/11\/pornmate-1.png\",\"contentUrl\":\"https:\/\/pornmate.com\/de\/wp-content\/uploads\/2022\/11\/pornmate-1.png\",\"width\":203,\"height\":200,\"caption\":\"Besten Pornoseiten - Kostenlose Deutsche Pornos | PornMate.com\"},\"image\":{\"@id\":\"https:\/\/pornmate.com\/de\/#\/schema\/logo\/image\/\"}}]}<\/script>\n<!-- \/ Yoast SEO plugin. -->","yoast_head_json":{"title":"Extremetube und Liste der besten Pornoseiten | PornMate","description":"ExtremeTube.com ist eine Porno-Tube-Site mit endlosem Inhalt von Hardcore-Pornos. Wie der Name ExtremeTube schon sagt, sind die meisten Clips, die Sie hier finden, BDSM-bezogen, aber es gibt auch viele von Frauen dominierte Inhalte.","robots":{"index":"index","follow":"follow","max-snippet":"max-snippet:-1","max-image-preview":"max-image-preview:large","max-video-preview":"max-video-preview:-1"},"canonical":"https:\/\/pornmate.com\/de\/extremetube","og_locale":"de_DE","og_type":"article","og_title":"Extremetube und Liste der besten Pornoseiten | PornMate","og_description":"ExtremeTube.com ist eine Porno-Tube-Site mit endlosem Inhalt von Hardcore-Pornos. Wie der Name ExtremeTube schon sagt, sind die meisten Clips, die Sie hier finden, BDSM-bezogen, aber es gibt auch viele von Frauen dominierte Inhalte.","og_url":"https:\/\/pornmate.com\/de\/extremetube","og_site_name":"Besten Pornoseiten - Kostenlose Deutsche Pornos | PornMate.com","twitter_card":"summary_large_image","twitter_misc":{"Gesch\u00e4tzte Lesezeit":"1\u00a0Minute"},"schema":{"@context":"https:\/\/schema.org","@graph":[{"@type":"WebPage","@id":"https:\/\/pornmate.com\/de\/extremetube","url":"https:\/\/pornmate.com\/de\/extremetube","name":"Extremetube und Liste der besten Pornoseiten | PornMate","isPartOf":{"@id":"https:\/\/pornmate.com\/de\/#website"},"datePublished":"2020-03-28T09:50:08+00:00","description":"ExtremeTube.com ist eine Porno-Tube-Site mit endlosem Inhalt von Hardcore-Pornos. Wie der Name ExtremeTube schon sagt, sind die meisten Clips, die Sie hier finden, BDSM-bezogen, aber es gibt auch viele von Frauen dominierte Inhalte.","breadcrumb":{"@id":"https:\/\/pornmate.com\/de\/extremetube#breadcrumb"},"inLanguage":"de","potentialAction":[{"@type":"ReadAction","target":["https:\/\/pornmate.com\/de\/extremetube"]}]},{"@type":"BreadcrumbList","@id":"https:\/\/pornmate.com\/de\/extremetube#breadcrumb","itemListElement":[{"@type":"ListItem","position":1,"name":"Startseite","item":"https:\/\/pornmate.com\/de"},{"@type":"ListItem","position":2,"name":"Extremetube"}]},{"@type":"WebSite","@id":"https:\/\/pornmate.com\/de\/#website","url":"https:\/\/pornmate.com\/de\/","name":"Besten Pornoseiten - Kostenlose Deutsche Pornos | PornMate.com","description":"Kostenlose Pornos, ist Ihr Combo-Verzeichnis der besten gratis Pornoseiten, die Sie finden k\u00f6nnen, und das fantastische Seitenbewertungen, Kostenlose Deutsche sex Biografien von Pornostars und ihre xxx Freie Porno videos unter einem Dach pr\u00e4sentiert.","publisher":{"@id":"https:\/\/pornmate.com\/de\/#organization"},"potentialAction":[{"@type":"SearchAction","target":{"@type":"EntryPoint","urlTemplate":"https:\/\/pornmate.com\/de\/?s={search_term_string}"},"query-input":{"@type":"PropertyValueSpecification","valueRequired":true,"valueName":"search_term_string"}}],"inLanguage":"de"},{"@type":"Organization","@id":"https:\/\/pornmate.com\/de\/#organization","name":"Besten Pornoseiten - Kostenlose Deutsche Pornos | PornMate.com","url":"https:\/\/pornmate.com\/de\/","logo":{"@type":"ImageObject","inLanguage":"de","@id":"https:\/\/pornmate.com\/de\/#\/schema\/logo\/image\/","url":"https:\/\/pornmate.com\/de\/wp-content\/uploads\/2022\/11\/pornmate-1.png","contentUrl":"https:\/\/pornmate.com\/de\/wp-content\/uploads\/2022\/11\/pornmate-1.png","width":203,"height":200,"caption":"Besten Pornoseiten - Kostenlose Deutsche Pornos | PornMate.com"},"image":{"@id":"https:\/\/pornmate.com\/de\/#\/schema\/logo\/image\/"}}]}},"_links":{"self":[{"href":"https:\/\/pornmate.com\/de\/wp-json\/wp\/v2\/pages\/7693","targetHints":{"allow":["GET"]}}],"collection":[{"href":"https:\/\/pornmate.com\/de\/wp-json\/wp\/v2\/pages"}],"about":[{"href":"https:\/\/pornmate.com\/de\/wp-json\/wp\/v2\/types\/page"}],"author":[{"embeddable":true,"href":"https:\/\/pornmate.com\/de\/wp-json\/wp\/v2\/users\/1"}],"replies":[{"embeddable":true,"href":"https:\/\/pornmate.com\/de\/wp-json\/wp\/v2\/comments?post=7693"}],"version-history":[{"count":0,"href":"https:\/\/pornmate.com\/de\/wp-json\/wp\/v2\/pages\/7693\/revisions"}],"wp:attachment":[{"href":"https:\/\/pornmate.com\/de\/wp-json\/wp\/v2\/media?parent=7693"}],"curies":[{"name":"wp","href":"https:\/\/api.w.org\/{rel}","templated":true}]}}