{"id":7695,"date":"2020-03-28T09:52:27","date_gmt":"2020-03-28T09:52:27","guid":{"rendered":"https:\/\/pornmate.com\/?page_id=7695"},"modified":"2022-11-23T13:52:42","modified_gmt":"2022-11-23T12:52:42","slug":"youjizz","status":"publish","type":"page","link":"https:\/\/pornmate.com\/de\/youjizz","title":{"rendered":"Youjizz"},"content":{"rendered":"<p>YouJizz.com ist eine der kostenlosen Pornoseiten, auf denen Sie kostenlose Pornofilme oder Sexvideos auf Ihrem Computer oder Telefon ansehen k\u00f6nnen<br \/>\nIm Men\u00fc der Homepage k\u00f6nnen Sie die neuesten, angesagtesten Videos der Woche, des Monats oder der gesamten verbrachten Zeit sehen und sie nicht ziellos sortieren.<br \/>\ntrotzdem k\u00f6nnen Sie in der Rechnung eines von tausenden nicht identischen Tags nehmen, das bringt Sie direkt zu dem Inhalt, den Sie sich erhofft haben<br \/>\nWenn Sie f\u00fcr etwas Bestimmtes auftreten. Das kann alles sein, von normalem Sex mit beliebigen Leuten bis hin zu einem besonderen tschechischen M\u00e4dchen, das in Prag ist und als Teiljob Pornos dreht.<br \/>\nIm Moment bietet YouJizz Videos an, in denen Sie Spa\u00df mit ber\u00fcchtigten Pornostars wie Leah Gotti, Star oder Lana Violet haben k\u00f6nnen. St\u00fcck f\u00fcr St\u00fcck davon k\u00f6nnen Sie bei YouJizz auch Live-Sex-Cams ansehen und versuchen, ein \u00fcppiges und mutwilliges M\u00e4dchen zu entdecken, das Sie gerne richtig ficken w\u00fcrde.<\/p>\n","protected":false},"excerpt":{"rendered":"<p>YouJizz.com ist eine der kostenlosen Pornoseiten, auf denen Sie kostenlose Pornofilme oder Sexvideos auf Ihrem Computer oder Telefon ansehen k\u00f6nnen Im Men\u00fc der Homepage k\u00f6nnen Sie die neuesten, angesagtesten Videos der Woche, des Monats oder der gesamten verbrachten Zeit sehen und sie nicht ziellos sortieren. trotzdem k\u00f6nnen Sie in der Rechnung eines von tausenden nicht [&hellip;]<\/p>\n","protected":false},"author":1,"featured_media":0,"parent":0,"menu_order":0,"comment_status":"closed","ping_status":"closed","template":"page-star-stil.php","meta":{"footnotes":""},"class_list":["post-7695","page","type-page","status-publish","hentry"],"yoast_head":"<!-- This site is optimized with the Yoast SEO plugin v27.2 - https:\/\/yoast.com\/product\/yoast-seo-wordpress\/ -->\n<title>Youjizz und Liste der besten Pornoseiten | PornMate<\/title>\n<meta name=\"description\" content=\"YouJizz.com ist eine der kostenlosen Pornoseiten, auf denen Sie kostenlose Pornofilme oder Sexvideos auf Ihrem Computer oder Telefon ansehen k\u00f6nnenIm Men\u00fc der Homepage k\u00f6nnen Sie die neuesten, angesagtesten Videos der Woche, des Monats oder der gesamten verbrachten Zeit sehen und sie nicht ziellos sortieren.\" \/>\n<meta name=\"robots\" content=\"index, follow, max-snippet:-1, max-image-preview:large, max-video-preview:-1\" \/>\n<link rel=\"canonical\" href=\"https:\/\/pornmate.com\/de\/youjizz\" \/>\n<meta property=\"og:locale\" content=\"de_DE\" \/>\n<meta property=\"og:type\" content=\"article\" \/>\n<meta property=\"og:title\" content=\"Youjizz und Liste der besten Pornoseiten | PornMate\" \/>\n<meta property=\"og:description\" content=\"YouJizz.com ist eine der kostenlosen Pornoseiten, auf denen Sie kostenlose Pornofilme oder Sexvideos auf Ihrem Computer oder Telefon ansehen k\u00f6nnenIm Men\u00fc der Homepage k\u00f6nnen Sie die neuesten, angesagtesten Videos der Woche, des Monats oder der gesamten verbrachten Zeit sehen und sie nicht ziellos sortieren.\" \/>\n<meta property=\"og:url\" content=\"https:\/\/pornmate.com\/de\/youjizz\" \/>\n<meta property=\"og:site_name\" content=\"Besten Pornoseiten - Kostenlose Deutsche Pornos | PornMate.com\" \/>\n<meta property=\"article:modified_time\" content=\"2022-11-23T12:52:42+00:00\" \/>\n<meta name=\"twitter:card\" content=\"summary_large_image\" \/>\n<meta name=\"twitter:label1\" content=\"Gesch\u00e4tzte Lesezeit\" \/>\n\t<meta name=\"twitter:data1\" content=\"1\u00a0Minute\" \/>\n<script type=\"application\/ld+json\" class=\"yoast-schema-graph\">{\"@context\":\"https:\/\/schema.org\",\"@graph\":[{\"@type\":\"WebPage\",\"@id\":\"https:\/\/pornmate.com\/de\/youjizz\",\"url\":\"https:\/\/pornmate.com\/de\/youjizz\",\"name\":\"Youjizz und Liste der besten Pornoseiten | PornMate\",\"isPartOf\":{\"@id\":\"https:\/\/pornmate.com\/de\/#website\"},\"datePublished\":\"2020-03-28T09:52:27+00:00\",\"dateModified\":\"2022-11-23T12:52:42+00:00\",\"description\":\"YouJizz.com ist eine der kostenlosen Pornoseiten, auf denen Sie kostenlose Pornofilme oder Sexvideos auf Ihrem Computer oder Telefon ansehen k\u00f6nnenIm Men\u00fc der Homepage k\u00f6nnen Sie die neuesten, angesagtesten Videos der Woche, des Monats oder der gesamten verbrachten Zeit sehen und sie nicht ziellos sortieren.\",\"breadcrumb\":{\"@id\":\"https:\/\/pornmate.com\/de\/youjizz#breadcrumb\"},\"inLanguage\":\"de\",\"potentialAction\":[{\"@type\":\"ReadAction\",\"target\":[\"https:\/\/pornmate.com\/de\/youjizz\"]}]},{\"@type\":\"BreadcrumbList\",\"@id\":\"https:\/\/pornmate.com\/de\/youjizz#breadcrumb\",\"itemListElement\":[{\"@type\":\"ListItem\",\"position\":1,\"name\":\"Startseite\",\"item\":\"https:\/\/pornmate.com\/de\"},{\"@type\":\"ListItem\",\"position\":2,\"name\":\"Youjizz\"}]},{\"@type\":\"WebSite\",\"@id\":\"https:\/\/pornmate.com\/de\/#website\",\"url\":\"https:\/\/pornmate.com\/de\/\",\"name\":\"Besten Pornoseiten - Kostenlose Deutsche Pornos | PornMate.com\",\"description\":\"Kostenlose Pornos, ist Ihr Combo-Verzeichnis der besten gratis Pornoseiten, die Sie finden k\u00f6nnen, und das fantastische Seitenbewertungen, Kostenlose Deutsche sex Biografien von Pornostars und ihre xxx Freie Porno videos unter einem Dach pr\u00e4sentiert.\",\"publisher\":{\"@id\":\"https:\/\/pornmate.com\/de\/#organization\"},\"potentialAction\":[{\"@type\":\"SearchAction\",\"target\":{\"@type\":\"EntryPoint\",\"urlTemplate\":\"https:\/\/pornmate.com\/de\/?s={search_term_string}\"},\"query-input\":{\"@type\":\"PropertyValueSpecification\",\"valueRequired\":true,\"valueName\":\"search_term_string\"}}],\"inLanguage\":\"de\"},{\"@type\":\"Organization\",\"@id\":\"https:\/\/pornmate.com\/de\/#organization\",\"name\":\"Besten Pornoseiten - Kostenlose Deutsche Pornos | PornMate.com\",\"url\":\"https:\/\/pornmate.com\/de\/\",\"logo\":{\"@type\":\"ImageObject\",\"inLanguage\":\"de\",\"@id\":\"https:\/\/pornmate.com\/de\/#\/schema\/logo\/image\/\",\"url\":\"https:\/\/pornmate.com\/de\/wp-content\/uploads\/2022\/11\/pornmate-1.png\",\"contentUrl\":\"https:\/\/pornmate.com\/de\/wp-content\/uploads\/2022\/11\/pornmate-1.png\",\"width\":203,\"height\":200,\"caption\":\"Besten Pornoseiten - Kostenlose Deutsche Pornos | PornMate.com\"},\"image\":{\"@id\":\"https:\/\/pornmate.com\/de\/#\/schema\/logo\/image\/\"}}]}<\/script>\n<!-- \/ Yoast SEO plugin. -->","yoast_head_json":{"title":"Youjizz und Liste der besten Pornoseiten | PornMate","description":"YouJizz.com ist eine der kostenlosen Pornoseiten, auf denen Sie kostenlose Pornofilme oder Sexvideos auf Ihrem Computer oder Telefon ansehen k\u00f6nnenIm Men\u00fc der Homepage k\u00f6nnen Sie die neuesten, angesagtesten Videos der Woche, des Monats oder der gesamten verbrachten Zeit sehen und sie nicht ziellos sortieren.","robots":{"index":"index","follow":"follow","max-snippet":"max-snippet:-1","max-image-preview":"max-image-preview:large","max-video-preview":"max-video-preview:-1"},"canonical":"https:\/\/pornmate.com\/de\/youjizz","og_locale":"de_DE","og_type":"article","og_title":"Youjizz und Liste der besten Pornoseiten | PornMate","og_description":"YouJizz.com ist eine der kostenlosen Pornoseiten, auf denen Sie kostenlose Pornofilme oder Sexvideos auf Ihrem Computer oder Telefon ansehen k\u00f6nnenIm Men\u00fc der Homepage k\u00f6nnen Sie die neuesten, angesagtesten Videos der Woche, des Monats oder der gesamten verbrachten Zeit sehen und sie nicht ziellos sortieren.","og_url":"https:\/\/pornmate.com\/de\/youjizz","og_site_name":"Besten Pornoseiten - Kostenlose Deutsche Pornos | PornMate.com","article_modified_time":"2022-11-23T12:52:42+00:00","twitter_card":"summary_large_image","twitter_misc":{"Gesch\u00e4tzte Lesezeit":"1\u00a0Minute"},"schema":{"@context":"https:\/\/schema.org","@graph":[{"@type":"WebPage","@id":"https:\/\/pornmate.com\/de\/youjizz","url":"https:\/\/pornmate.com\/de\/youjizz","name":"Youjizz und Liste der besten Pornoseiten | PornMate","isPartOf":{"@id":"https:\/\/pornmate.com\/de\/#website"},"datePublished":"2020-03-28T09:52:27+00:00","dateModified":"2022-11-23T12:52:42+00:00","description":"YouJizz.com ist eine der kostenlosen Pornoseiten, auf denen Sie kostenlose Pornofilme oder Sexvideos auf Ihrem Computer oder Telefon ansehen k\u00f6nnenIm Men\u00fc der Homepage k\u00f6nnen Sie die neuesten, angesagtesten Videos der Woche, des Monats oder der gesamten verbrachten Zeit sehen und sie nicht ziellos sortieren.","breadcrumb":{"@id":"https:\/\/pornmate.com\/de\/youjizz#breadcrumb"},"inLanguage":"de","potentialAction":[{"@type":"ReadAction","target":["https:\/\/pornmate.com\/de\/youjizz"]}]},{"@type":"BreadcrumbList","@id":"https:\/\/pornmate.com\/de\/youjizz#breadcrumb","itemListElement":[{"@type":"ListItem","position":1,"name":"Startseite","item":"https:\/\/pornmate.com\/de"},{"@type":"ListItem","position":2,"name":"Youjizz"}]},{"@type":"WebSite","@id":"https:\/\/pornmate.com\/de\/#website","url":"https:\/\/pornmate.com\/de\/","name":"Besten Pornoseiten - Kostenlose Deutsche Pornos | PornMate.com","description":"Kostenlose Pornos, ist Ihr Combo-Verzeichnis der besten gratis Pornoseiten, die Sie finden k\u00f6nnen, und das fantastische Seitenbewertungen, Kostenlose Deutsche sex Biografien von Pornostars und ihre xxx Freie Porno videos unter einem Dach pr\u00e4sentiert.","publisher":{"@id":"https:\/\/pornmate.com\/de\/#organization"},"potentialAction":[{"@type":"SearchAction","target":{"@type":"EntryPoint","urlTemplate":"https:\/\/pornmate.com\/de\/?s={search_term_string}"},"query-input":{"@type":"PropertyValueSpecification","valueRequired":true,"valueName":"search_term_string"}}],"inLanguage":"de"},{"@type":"Organization","@id":"https:\/\/pornmate.com\/de\/#organization","name":"Besten Pornoseiten - Kostenlose Deutsche Pornos | PornMate.com","url":"https:\/\/pornmate.com\/de\/","logo":{"@type":"ImageObject","inLanguage":"de","@id":"https:\/\/pornmate.com\/de\/#\/schema\/logo\/image\/","url":"https:\/\/pornmate.com\/de\/wp-content\/uploads\/2022\/11\/pornmate-1.png","contentUrl":"https:\/\/pornmate.com\/de\/wp-content\/uploads\/2022\/11\/pornmate-1.png","width":203,"height":200,"caption":"Besten Pornoseiten - Kostenlose Deutsche Pornos | PornMate.com"},"image":{"@id":"https:\/\/pornmate.com\/de\/#\/schema\/logo\/image\/"}}]}},"_links":{"self":[{"href":"https:\/\/pornmate.com\/de\/wp-json\/wp\/v2\/pages\/7695","targetHints":{"allow":["GET"]}}],"collection":[{"href":"https:\/\/pornmate.com\/de\/wp-json\/wp\/v2\/pages"}],"about":[{"href":"https:\/\/pornmate.com\/de\/wp-json\/wp\/v2\/types\/page"}],"author":[{"embeddable":true,"href":"https:\/\/pornmate.com\/de\/wp-json\/wp\/v2\/users\/1"}],"replies":[{"embeddable":true,"href":"https:\/\/pornmate.com\/de\/wp-json\/wp\/v2\/comments?post=7695"}],"version-history":[{"count":0,"href":"https:\/\/pornmate.com\/de\/wp-json\/wp\/v2\/pages\/7695\/revisions"}],"wp:attachment":[{"href":"https:\/\/pornmate.com\/de\/wp-json\/wp\/v2\/media?parent=7695"}],"curies":[{"name":"wp","href":"https:\/\/api.w.org\/{rel}","templated":true}]}}