{"id":7697,"date":"2020-03-28T09:55:16","date_gmt":"2020-03-28T09:55:16","guid":{"rendered":"https:\/\/pornmate.com\/?page_id=7697"},"modified":"2022-11-23T11:55:32","modified_gmt":"2022-11-23T10:55:32","slug":"pornhub","status":"publish","type":"page","link":"https:\/\/pornmate.com\/de\/pornhub","title":{"rendered":"Pornhub"},"content":{"rendered":"<p>PornHub.com ist keine der klassischen kostenlosen Blowjob-Sites, die Sie auf der Falle finden k\u00f6nnen. PornHub ist DIE kostenlose Blowjob-Pornoseite, die Sie im Internet finden k\u00f6nnen. PornHub ist 100 kostenlos und wird jeden Tag mit mehr und mehr frechen und schelmischen Pornovideos und verschiedenen Inhalten aktualisiert. Es erm\u00f6glicht seinen Benutzern, Videos nicht nur zu streamen, sondern auch herunterzuladen. Ohne Zweifel ist dies die Allround-Pornoseite, auf die Sie sto\u00dfen k\u00f6nnen, und die Online-Community Nummer eins. PornHub kann sich mit 11.403.972 Videos, 38.977.280 Fotos, 119.687.363 Mitgliedern, 1.862.735 GIFs und 22.839 Pornostars r\u00fchmen, an denen die hei\u00dfesten erwachsenen Schauspielerinnen der Welt beteiligt sind wie Riley Reid, Alena, Melody Marks und viele Die Videos sind in 100 nicht identische Kategorien unterteilt, von Amateur bis Hentai, Bondage und Creampie, Euro und Notorious. Was auch immer Sie anmacht, stellen Sie sicher, dass PornHub es hat. Sie k\u00f6nnen auch Webcam-Dienstm\u00e4dchen ansehen und PornHub genie\u00dfen. Es gibt Tausende und Abertausende von Menschen, die auf diese Weise jemanden kennengelernt und sich selbst einen Lebenspartner oder Gef\u00e4hrten gefunden haben.<\/p>\n","protected":false},"excerpt":{"rendered":"<p>PornHub.com ist keine der klassischen kostenlosen Blowjob-Sites, die Sie auf der Falle finden k\u00f6nnen. PornHub ist DIE kostenlose Blowjob-Pornoseite, die Sie im Internet finden k\u00f6nnen. PornHub ist 100 kostenlos und wird jeden Tag mit mehr und mehr frechen und schelmischen Pornovideos und verschiedenen Inhalten aktualisiert. Es erm\u00f6glicht seinen Benutzern, Videos nicht nur zu streamen, sondern [&hellip;]<\/p>\n","protected":false},"author":1,"featured_media":0,"parent":0,"menu_order":0,"comment_status":"closed","ping_status":"closed","template":"page-star-stil.php","meta":{"footnotes":""},"class_list":["post-7697","page","type-page","status-publish","hentry"],"yoast_head":"<!-- This site is optimized with the Yoast SEO plugin v27.2 - https:\/\/yoast.com\/product\/yoast-seo-wordpress\/ -->\n<title>Pornhub und Liste der besten Pornoseiten | PornMate<\/title>\n<meta name=\"description\" content=\"PornHub.com ist keine der klassischen kostenlosen Blowjob-Sites, die Sie auf der Falle finden k\u00f6nnen. PornHub ist DIE kostenlose Blowjob-Pornoseite, die Sie im Internet finden k\u00f6nnen.\" \/>\n<meta name=\"robots\" content=\"index, follow, max-snippet:-1, max-image-preview:large, max-video-preview:-1\" \/>\n<link rel=\"canonical\" href=\"https:\/\/pornmate.com\/de\/pornhub\" \/>\n<meta property=\"og:locale\" content=\"de_DE\" \/>\n<meta property=\"og:type\" content=\"article\" \/>\n<meta property=\"og:title\" content=\"Pornhub und Liste der besten Pornoseiten | PornMate\" \/>\n<meta property=\"og:description\" content=\"PornHub.com ist keine der klassischen kostenlosen Blowjob-Sites, die Sie auf der Falle finden k\u00f6nnen. PornHub ist DIE kostenlose Blowjob-Pornoseite, die Sie im Internet finden k\u00f6nnen.\" \/>\n<meta property=\"og:url\" content=\"https:\/\/pornmate.com\/de\/pornhub\" \/>\n<meta property=\"og:site_name\" content=\"Besten Pornoseiten - Kostenlose Deutsche Pornos | PornMate.com\" \/>\n<meta property=\"article:modified_time\" content=\"2022-11-23T10:55:32+00:00\" \/>\n<meta name=\"twitter:card\" content=\"summary_large_image\" \/>\n<meta name=\"twitter:label1\" content=\"Gesch\u00e4tzte Lesezeit\" \/>\n\t<meta name=\"twitter:data1\" content=\"1\u00a0Minute\" \/>\n<script type=\"application\/ld+json\" class=\"yoast-schema-graph\">{\"@context\":\"https:\/\/schema.org\",\"@graph\":[{\"@type\":\"WebPage\",\"@id\":\"https:\/\/pornmate.com\/de\/pornhub\",\"url\":\"https:\/\/pornmate.com\/de\/pornhub\",\"name\":\"Pornhub und Liste der besten Pornoseiten | PornMate\",\"isPartOf\":{\"@id\":\"https:\/\/pornmate.com\/de\/#website\"},\"datePublished\":\"2020-03-28T09:55:16+00:00\",\"dateModified\":\"2022-11-23T10:55:32+00:00\",\"description\":\"PornHub.com ist keine der klassischen kostenlosen Blowjob-Sites, die Sie auf der Falle finden k\u00f6nnen. PornHub ist DIE kostenlose Blowjob-Pornoseite, die Sie im Internet finden k\u00f6nnen.\",\"breadcrumb\":{\"@id\":\"https:\/\/pornmate.com\/de\/pornhub#breadcrumb\"},\"inLanguage\":\"de\",\"potentialAction\":[{\"@type\":\"ReadAction\",\"target\":[\"https:\/\/pornmate.com\/de\/pornhub\"]}]},{\"@type\":\"BreadcrumbList\",\"@id\":\"https:\/\/pornmate.com\/de\/pornhub#breadcrumb\",\"itemListElement\":[{\"@type\":\"ListItem\",\"position\":1,\"name\":\"Startseite\",\"item\":\"https:\/\/pornmate.com\/de\"},{\"@type\":\"ListItem\",\"position\":2,\"name\":\"Pornhub\"}]},{\"@type\":\"WebSite\",\"@id\":\"https:\/\/pornmate.com\/de\/#website\",\"url\":\"https:\/\/pornmate.com\/de\/\",\"name\":\"Besten Pornoseiten - Kostenlose Deutsche Pornos | PornMate.com\",\"description\":\"Kostenlose Pornos, ist Ihr Combo-Verzeichnis der besten gratis Pornoseiten, die Sie finden k\u00f6nnen, und das fantastische Seitenbewertungen, Kostenlose Deutsche sex Biografien von Pornostars und ihre xxx Freie Porno videos unter einem Dach pr\u00e4sentiert.\",\"publisher\":{\"@id\":\"https:\/\/pornmate.com\/de\/#organization\"},\"potentialAction\":[{\"@type\":\"SearchAction\",\"target\":{\"@type\":\"EntryPoint\",\"urlTemplate\":\"https:\/\/pornmate.com\/de\/?s={search_term_string}\"},\"query-input\":{\"@type\":\"PropertyValueSpecification\",\"valueRequired\":true,\"valueName\":\"search_term_string\"}}],\"inLanguage\":\"de\"},{\"@type\":\"Organization\",\"@id\":\"https:\/\/pornmate.com\/de\/#organization\",\"name\":\"Besten Pornoseiten - Kostenlose Deutsche Pornos | PornMate.com\",\"url\":\"https:\/\/pornmate.com\/de\/\",\"logo\":{\"@type\":\"ImageObject\",\"inLanguage\":\"de\",\"@id\":\"https:\/\/pornmate.com\/de\/#\/schema\/logo\/image\/\",\"url\":\"https:\/\/pornmate.com\/de\/wp-content\/uploads\/2022\/11\/pornmate-1.png\",\"contentUrl\":\"https:\/\/pornmate.com\/de\/wp-content\/uploads\/2022\/11\/pornmate-1.png\",\"width\":203,\"height\":200,\"caption\":\"Besten Pornoseiten - Kostenlose Deutsche Pornos | PornMate.com\"},\"image\":{\"@id\":\"https:\/\/pornmate.com\/de\/#\/schema\/logo\/image\/\"}}]}<\/script>\n<!-- \/ Yoast SEO plugin. -->","yoast_head_json":{"title":"Pornhub und Liste der besten Pornoseiten | PornMate","description":"PornHub.com ist keine der klassischen kostenlosen Blowjob-Sites, die Sie auf der Falle finden k\u00f6nnen. PornHub ist DIE kostenlose Blowjob-Pornoseite, die Sie im Internet finden k\u00f6nnen.","robots":{"index":"index","follow":"follow","max-snippet":"max-snippet:-1","max-image-preview":"max-image-preview:large","max-video-preview":"max-video-preview:-1"},"canonical":"https:\/\/pornmate.com\/de\/pornhub","og_locale":"de_DE","og_type":"article","og_title":"Pornhub und Liste der besten Pornoseiten | PornMate","og_description":"PornHub.com ist keine der klassischen kostenlosen Blowjob-Sites, die Sie auf der Falle finden k\u00f6nnen. PornHub ist DIE kostenlose Blowjob-Pornoseite, die Sie im Internet finden k\u00f6nnen.","og_url":"https:\/\/pornmate.com\/de\/pornhub","og_site_name":"Besten Pornoseiten - Kostenlose Deutsche Pornos | PornMate.com","article_modified_time":"2022-11-23T10:55:32+00:00","twitter_card":"summary_large_image","twitter_misc":{"Gesch\u00e4tzte Lesezeit":"1\u00a0Minute"},"schema":{"@context":"https:\/\/schema.org","@graph":[{"@type":"WebPage","@id":"https:\/\/pornmate.com\/de\/pornhub","url":"https:\/\/pornmate.com\/de\/pornhub","name":"Pornhub und Liste der besten Pornoseiten | PornMate","isPartOf":{"@id":"https:\/\/pornmate.com\/de\/#website"},"datePublished":"2020-03-28T09:55:16+00:00","dateModified":"2022-11-23T10:55:32+00:00","description":"PornHub.com ist keine der klassischen kostenlosen Blowjob-Sites, die Sie auf der Falle finden k\u00f6nnen. PornHub ist DIE kostenlose Blowjob-Pornoseite, die Sie im Internet finden k\u00f6nnen.","breadcrumb":{"@id":"https:\/\/pornmate.com\/de\/pornhub#breadcrumb"},"inLanguage":"de","potentialAction":[{"@type":"ReadAction","target":["https:\/\/pornmate.com\/de\/pornhub"]}]},{"@type":"BreadcrumbList","@id":"https:\/\/pornmate.com\/de\/pornhub#breadcrumb","itemListElement":[{"@type":"ListItem","position":1,"name":"Startseite","item":"https:\/\/pornmate.com\/de"},{"@type":"ListItem","position":2,"name":"Pornhub"}]},{"@type":"WebSite","@id":"https:\/\/pornmate.com\/de\/#website","url":"https:\/\/pornmate.com\/de\/","name":"Besten Pornoseiten - Kostenlose Deutsche Pornos | PornMate.com","description":"Kostenlose Pornos, ist Ihr Combo-Verzeichnis der besten gratis Pornoseiten, die Sie finden k\u00f6nnen, und das fantastische Seitenbewertungen, Kostenlose Deutsche sex Biografien von Pornostars und ihre xxx Freie Porno videos unter einem Dach pr\u00e4sentiert.","publisher":{"@id":"https:\/\/pornmate.com\/de\/#organization"},"potentialAction":[{"@type":"SearchAction","target":{"@type":"EntryPoint","urlTemplate":"https:\/\/pornmate.com\/de\/?s={search_term_string}"},"query-input":{"@type":"PropertyValueSpecification","valueRequired":true,"valueName":"search_term_string"}}],"inLanguage":"de"},{"@type":"Organization","@id":"https:\/\/pornmate.com\/de\/#organization","name":"Besten Pornoseiten - Kostenlose Deutsche Pornos | PornMate.com","url":"https:\/\/pornmate.com\/de\/","logo":{"@type":"ImageObject","inLanguage":"de","@id":"https:\/\/pornmate.com\/de\/#\/schema\/logo\/image\/","url":"https:\/\/pornmate.com\/de\/wp-content\/uploads\/2022\/11\/pornmate-1.png","contentUrl":"https:\/\/pornmate.com\/de\/wp-content\/uploads\/2022\/11\/pornmate-1.png","width":203,"height":200,"caption":"Besten Pornoseiten - Kostenlose Deutsche Pornos | PornMate.com"},"image":{"@id":"https:\/\/pornmate.com\/de\/#\/schema\/logo\/image\/"}}]}},"_links":{"self":[{"href":"https:\/\/pornmate.com\/de\/wp-json\/wp\/v2\/pages\/7697","targetHints":{"allow":["GET"]}}],"collection":[{"href":"https:\/\/pornmate.com\/de\/wp-json\/wp\/v2\/pages"}],"about":[{"href":"https:\/\/pornmate.com\/de\/wp-json\/wp\/v2\/types\/page"}],"author":[{"embeddable":true,"href":"https:\/\/pornmate.com\/de\/wp-json\/wp\/v2\/users\/1"}],"replies":[{"embeddable":true,"href":"https:\/\/pornmate.com\/de\/wp-json\/wp\/v2\/comments?post=7697"}],"version-history":[{"count":0,"href":"https:\/\/pornmate.com\/de\/wp-json\/wp\/v2\/pages\/7697\/revisions"}],"wp:attachment":[{"href":"https:\/\/pornmate.com\/de\/wp-json\/wp\/v2\/media?parent=7697"}],"curies":[{"name":"wp","href":"https:\/\/api.w.org\/{rel}","templated":true}]}}