{"id":7701,"date":"2020-03-28T09:59:47","date_gmt":"2020-03-28T09:59:47","guid":{"rendered":"https:\/\/pornmate.com\/?page_id=7701"},"modified":"2022-11-29T14:07:50","modified_gmt":"2022-11-29T13:07:50","slug":"cartoonporn-2","status":"publish","type":"page","link":"https:\/\/pornmate.com\/de\/cartoonporn-2","title":{"rendered":"Cartoonporn"},"content":{"rendered":"<p>CartoonPorn hat einen selbsterkl\u00e4renden Namen, sodass Sie sofort wissen, was Sie erwartet. Wir sind alle mit Cartoons aufgewachsen, als wir klein waren, und jetzt, mit zunehmendem Alter, hat auch der Inhalt der gezeichneten Bilder und Videos zugenommen, und sie sind heute vielf\u00e4ltiger denn je. Wenn es um Hentai-Porno-Videoseiten geht, ist dies eine der besseren, sowohl in Bezug auf Qualit\u00e4t als auch auf Quantit\u00e4t. Die Homepage von CartoonPorn.com ist mit Thumbnails gef\u00fcllt, die eine schillernde riesige Galerie schm\u00fccken, die Ihnen tats\u00e4chlich einen Hinweis darauf gibt, was auf dieser Seite vor sich geht. Wenn Sie mit der Welt der Cartoon-Pornos nicht vertraut sind, werden Sie noch mehr begeistert sein, ihren Katalog zu durchsuchen und alles zu sehen, was Cartoon-Pornos zu bieten haben. W\u00e4hrend Sie vielleicht nicht viele beliebte Pornostar-Namen sehen, werden Sie sich freuen zu h\u00f6ren, dass alle diese gezeichneten Puppen so aussehen und einige sogar noch h\u00fcbscher sind, wenn Sie beispielsweise mit Hitomi Tanaka oder Asa Akira vertraut sind. Au\u00dferdem gibt es keine Grenzen, wenn es um gezeichnete Pornos und Hentai geht, und diese Seite hat alles. Von Lesben und geilen Paaren bis hin zu Highschool-M\u00e4dchen, Futanari-Girls mit riesigen Schw\u00e4nzen, Tentakeln, Monstern, Aliens, D\u00e4monen und vielem mehr.<\/p>\n","protected":false},"excerpt":{"rendered":"<p>CartoonPorn hat einen selbsterkl\u00e4renden Namen, sodass Sie sofort wissen, was Sie erwartet. Wir sind alle mit Cartoons aufgewachsen, als wir klein waren, und jetzt, mit zunehmendem Alter, hat auch der Inhalt der gezeichneten Bilder und Videos zugenommen, und sie sind heute vielf\u00e4ltiger denn je. Wenn es um Hentai-Porno-Videoseiten geht, ist dies eine der besseren, sowohl [&hellip;]<\/p>\n","protected":false},"author":1,"featured_media":0,"parent":0,"menu_order":0,"comment_status":"closed","ping_status":"closed","template":"page-star-stil.php","meta":{"footnotes":""},"class_list":["post-7701","page","type-page","status-publish","hentry"],"yoast_head":"<!-- This site is optimized with the Yoast SEO plugin v27.5 - https:\/\/yoast.com\/product\/yoast-seo-wordpress\/ -->\n<title>Cartoonporn und Liste der besten Pornoseiten | PornMate<\/title>\n<meta name=\"description\" content=\"CartoonPorn hat einen selbsterkl\u00e4renden Namen, sodass Sie sofort wissen, was Sie erwartet. Wir sind alle mit Cartoons aufgewachsen, als wir klein waren, und jetzt, mit zunehmendem Alter, hat auch der Inhalt der gezeichneten Bilder und Videos zugenommen, und sie sind heute vielf\u00e4ltiger denn je.\" \/>\n<meta name=\"robots\" content=\"index, follow, max-snippet:-1, max-image-preview:large, max-video-preview:-1\" \/>\n<link rel=\"canonical\" href=\"https:\/\/pornmate.com\/de\/cartoonporn-2\" \/>\n<meta property=\"og:locale\" content=\"de_DE\" \/>\n<meta property=\"og:type\" content=\"article\" \/>\n<meta property=\"og:title\" content=\"Cartoonporn und Liste der besten Pornoseiten | PornMate\" \/>\n<meta property=\"og:description\" content=\"CartoonPorn hat einen selbsterkl\u00e4renden Namen, sodass Sie sofort wissen, was Sie erwartet. Wir sind alle mit Cartoons aufgewachsen, als wir klein waren, und jetzt, mit zunehmendem Alter, hat auch der Inhalt der gezeichneten Bilder und Videos zugenommen, und sie sind heute vielf\u00e4ltiger denn je.\" \/>\n<meta property=\"og:url\" content=\"https:\/\/pornmate.com\/de\/cartoonporn-2\" \/>\n<meta property=\"og:site_name\" content=\"Besten Pornoseiten - Kostenlose Deutsche Pornos | PornMate.com\" \/>\n<meta property=\"article:modified_time\" content=\"2022-11-29T13:07:50+00:00\" \/>\n<meta name=\"twitter:card\" content=\"summary_large_image\" \/>\n<meta name=\"twitter:label1\" content=\"Gesch\u00e4tzte Lesezeit\" \/>\n\t<meta name=\"twitter:data1\" content=\"2\u00a0Minuten\" \/>\n<script type=\"application\/ld+json\" class=\"yoast-schema-graph\">{\"@context\":\"https:\\\/\\\/schema.org\",\"@graph\":[{\"@type\":\"WebPage\",\"@id\":\"https:\\\/\\\/pornmate.com\\\/de\\\/cartoonporn-2\",\"url\":\"https:\\\/\\\/pornmate.com\\\/de\\\/cartoonporn-2\",\"name\":\"Cartoonporn und Liste der besten Pornoseiten | PornMate\",\"isPartOf\":{\"@id\":\"https:\\\/\\\/pornmate.com\\\/de\\\/#website\"},\"datePublished\":\"2020-03-28T09:59:47+00:00\",\"dateModified\":\"2022-11-29T13:07:50+00:00\",\"description\":\"CartoonPorn hat einen selbsterkl\u00e4renden Namen, sodass Sie sofort wissen, was Sie erwartet. Wir sind alle mit Cartoons aufgewachsen, als wir klein waren, und jetzt, mit zunehmendem Alter, hat auch der Inhalt der gezeichneten Bilder und Videos zugenommen, und sie sind heute vielf\u00e4ltiger denn je.\",\"breadcrumb\":{\"@id\":\"https:\\\/\\\/pornmate.com\\\/de\\\/cartoonporn-2#breadcrumb\"},\"inLanguage\":\"de\",\"potentialAction\":[{\"@type\":\"ReadAction\",\"target\":[\"https:\\\/\\\/pornmate.com\\\/de\\\/cartoonporn-2\"]}]},{\"@type\":\"BreadcrumbList\",\"@id\":\"https:\\\/\\\/pornmate.com\\\/de\\\/cartoonporn-2#breadcrumb\",\"itemListElement\":[{\"@type\":\"ListItem\",\"position\":1,\"name\":\"Startseite\",\"item\":\"https:\\\/\\\/pornmate.com\\\/de\"},{\"@type\":\"ListItem\",\"position\":2,\"name\":\"Cartoonporn\"}]},{\"@type\":\"WebSite\",\"@id\":\"https:\\\/\\\/pornmate.com\\\/de\\\/#website\",\"url\":\"https:\\\/\\\/pornmate.com\\\/de\\\/\",\"name\":\"Besten Pornoseiten - Kostenlose Deutsche Pornos | PornMate.com\",\"description\":\"Kostenlose Pornos, ist Ihr Combo-Verzeichnis der besten gratis Pornoseiten, die Sie finden k\u00f6nnen, und das fantastische Seitenbewertungen, Kostenlose Deutsche sex Biografien von Pornostars und ihre xxx Freie Porno videos unter einem Dach pr\u00e4sentiert.\",\"publisher\":{\"@id\":\"https:\\\/\\\/pornmate.com\\\/de\\\/#organization\"},\"potentialAction\":[{\"@type\":\"SearchAction\",\"target\":{\"@type\":\"EntryPoint\",\"urlTemplate\":\"https:\\\/\\\/pornmate.com\\\/de\\\/?s={search_term_string}\"},\"query-input\":{\"@type\":\"PropertyValueSpecification\",\"valueRequired\":true,\"valueName\":\"search_term_string\"}}],\"inLanguage\":\"de\"},{\"@type\":\"Organization\",\"@id\":\"https:\\\/\\\/pornmate.com\\\/de\\\/#organization\",\"name\":\"Besten Pornoseiten - Kostenlose Deutsche Pornos | PornMate.com\",\"url\":\"https:\\\/\\\/pornmate.com\\\/de\\\/\",\"logo\":{\"@type\":\"ImageObject\",\"inLanguage\":\"de\",\"@id\":\"https:\\\/\\\/pornmate.com\\\/de\\\/#\\\/schema\\\/logo\\\/image\\\/\",\"url\":\"https:\\\/\\\/pornmate.com\\\/de\\\/wp-content\\\/uploads\\\/2022\\\/11\\\/pornmate-1.png\",\"contentUrl\":\"https:\\\/\\\/pornmate.com\\\/de\\\/wp-content\\\/uploads\\\/2022\\\/11\\\/pornmate-1.png\",\"width\":203,\"height\":200,\"caption\":\"Besten Pornoseiten - Kostenlose Deutsche Pornos | PornMate.com\"},\"image\":{\"@id\":\"https:\\\/\\\/pornmate.com\\\/de\\\/#\\\/schema\\\/logo\\\/image\\\/\"}}]}<\/script>\n<!-- \/ Yoast SEO plugin. -->","yoast_head_json":{"title":"Cartoonporn und Liste der besten Pornoseiten | PornMate","description":"CartoonPorn hat einen selbsterkl\u00e4renden Namen, sodass Sie sofort wissen, was Sie erwartet. Wir sind alle mit Cartoons aufgewachsen, als wir klein waren, und jetzt, mit zunehmendem Alter, hat auch der Inhalt der gezeichneten Bilder und Videos zugenommen, und sie sind heute vielf\u00e4ltiger denn je.","robots":{"index":"index","follow":"follow","max-snippet":"max-snippet:-1","max-image-preview":"max-image-preview:large","max-video-preview":"max-video-preview:-1"},"canonical":"https:\/\/pornmate.com\/de\/cartoonporn-2","og_locale":"de_DE","og_type":"article","og_title":"Cartoonporn und Liste der besten Pornoseiten | PornMate","og_description":"CartoonPorn hat einen selbsterkl\u00e4renden Namen, sodass Sie sofort wissen, was Sie erwartet. Wir sind alle mit Cartoons aufgewachsen, als wir klein waren, und jetzt, mit zunehmendem Alter, hat auch der Inhalt der gezeichneten Bilder und Videos zugenommen, und sie sind heute vielf\u00e4ltiger denn je.","og_url":"https:\/\/pornmate.com\/de\/cartoonporn-2","og_site_name":"Besten Pornoseiten - Kostenlose Deutsche Pornos | PornMate.com","article_modified_time":"2022-11-29T13:07:50+00:00","twitter_card":"summary_large_image","twitter_misc":{"Gesch\u00e4tzte Lesezeit":"2\u00a0Minuten"},"schema":{"@context":"https:\/\/schema.org","@graph":[{"@type":"WebPage","@id":"https:\/\/pornmate.com\/de\/cartoonporn-2","url":"https:\/\/pornmate.com\/de\/cartoonporn-2","name":"Cartoonporn und Liste der besten Pornoseiten | PornMate","isPartOf":{"@id":"https:\/\/pornmate.com\/de\/#website"},"datePublished":"2020-03-28T09:59:47+00:00","dateModified":"2022-11-29T13:07:50+00:00","description":"CartoonPorn hat einen selbsterkl\u00e4renden Namen, sodass Sie sofort wissen, was Sie erwartet. Wir sind alle mit Cartoons aufgewachsen, als wir klein waren, und jetzt, mit zunehmendem Alter, hat auch der Inhalt der gezeichneten Bilder und Videos zugenommen, und sie sind heute vielf\u00e4ltiger denn je.","breadcrumb":{"@id":"https:\/\/pornmate.com\/de\/cartoonporn-2#breadcrumb"},"inLanguage":"de","potentialAction":[{"@type":"ReadAction","target":["https:\/\/pornmate.com\/de\/cartoonporn-2"]}]},{"@type":"BreadcrumbList","@id":"https:\/\/pornmate.com\/de\/cartoonporn-2#breadcrumb","itemListElement":[{"@type":"ListItem","position":1,"name":"Startseite","item":"https:\/\/pornmate.com\/de"},{"@type":"ListItem","position":2,"name":"Cartoonporn"}]},{"@type":"WebSite","@id":"https:\/\/pornmate.com\/de\/#website","url":"https:\/\/pornmate.com\/de\/","name":"Besten Pornoseiten - Kostenlose Deutsche Pornos | PornMate.com","description":"Kostenlose Pornos, ist Ihr Combo-Verzeichnis der besten gratis Pornoseiten, die Sie finden k\u00f6nnen, und das fantastische Seitenbewertungen, Kostenlose Deutsche sex Biografien von Pornostars und ihre xxx Freie Porno videos unter einem Dach pr\u00e4sentiert.","publisher":{"@id":"https:\/\/pornmate.com\/de\/#organization"},"potentialAction":[{"@type":"SearchAction","target":{"@type":"EntryPoint","urlTemplate":"https:\/\/pornmate.com\/de\/?s={search_term_string}"},"query-input":{"@type":"PropertyValueSpecification","valueRequired":true,"valueName":"search_term_string"}}],"inLanguage":"de"},{"@type":"Organization","@id":"https:\/\/pornmate.com\/de\/#organization","name":"Besten Pornoseiten - Kostenlose Deutsche Pornos | PornMate.com","url":"https:\/\/pornmate.com\/de\/","logo":{"@type":"ImageObject","inLanguage":"de","@id":"https:\/\/pornmate.com\/de\/#\/schema\/logo\/image\/","url":"https:\/\/pornmate.com\/de\/wp-content\/uploads\/2022\/11\/pornmate-1.png","contentUrl":"https:\/\/pornmate.com\/de\/wp-content\/uploads\/2022\/11\/pornmate-1.png","width":203,"height":200,"caption":"Besten Pornoseiten - Kostenlose Deutsche Pornos | PornMate.com"},"image":{"@id":"https:\/\/pornmate.com\/de\/#\/schema\/logo\/image\/"}}]}},"_links":{"self":[{"href":"https:\/\/pornmate.com\/de\/wp-json\/wp\/v2\/pages\/7701","targetHints":{"allow":["GET"]}}],"collection":[{"href":"https:\/\/pornmate.com\/de\/wp-json\/wp\/v2\/pages"}],"about":[{"href":"https:\/\/pornmate.com\/de\/wp-json\/wp\/v2\/types\/page"}],"author":[{"embeddable":true,"href":"https:\/\/pornmate.com\/de\/wp-json\/wp\/v2\/users\/1"}],"replies":[{"embeddable":true,"href":"https:\/\/pornmate.com\/de\/wp-json\/wp\/v2\/comments?post=7701"}],"version-history":[{"count":0,"href":"https:\/\/pornmate.com\/de\/wp-json\/wp\/v2\/pages\/7701\/revisions"}],"wp:attachment":[{"href":"https:\/\/pornmate.com\/de\/wp-json\/wp\/v2\/media?parent=7701"}],"curies":[{"name":"wp","href":"https:\/\/api.w.org\/{rel}","templated":true}]}}