{"id":7703,"date":"2020-03-28T10:01:47","date_gmt":"2020-03-28T10:01:47","guid":{"rendered":"https:\/\/pornmate.com\/?page_id=7703"},"modified":"2022-11-26T09:42:22","modified_gmt":"2022-11-26T08:42:22","slug":"javdragon","status":"publish","type":"page","link":"https:\/\/pornmate.com\/de\/javdragon","title":{"rendered":"Javdragon"},"content":{"rendered":"<p>JavDragon ist einer der besten Orte im Internet f\u00fcr japanische Videos f\u00fcr Erwachsene. Das Projekt der Website ist einfach und minimalistisch, Inhalt aufsetzend. Die Zielseite von JavDragon.com war einst mit Tonnen von Pornofilmen in voller L\u00e4nge gef\u00fcllt. Mit nur einem Klick k\u00f6nnen Sie Videos \u00fcber zwei Stunden lang genie\u00dfen. Standardm\u00e4\u00dfig ist alles nach Download-Zuweisung sortiert, die neuesten Videos geh\u00f6ren Ihnen, aber Sie haben die M\u00f6glichkeit, nach Anzahl der Aufrufe, Bewertung oder den Knochen zu sortieren, von denen wir mehr haben. Wie es bei JAV-Inhalten immer der Fall ist, werden Videos bereinigt, aber das bedeutet nicht, dass die Reiniger nicht so gro\u00dfartig sind und die Action nicht so hei\u00df ist. Wenn Sie Hitomis Tanakas oder Asas Werkstatt sehen, wissen Sie, welche Art von Fantasy-G\u00f6ttin Sie erwarten k\u00f6nnen. Wenn Sie diesen versauten japanischen Porno brauchen, stehen Sie an vielen Pornofilmspots meilenweit voraus. Und f\u00fcr diejenigen, die nach etwas mehr suchen, bietet das kostenpflichtige Abonnement Zugang zu mehreren anderen interessanten Kan\u00e4len.<\/p>\n","protected":false},"excerpt":{"rendered":"<p>JavDragon ist einer der besten Orte im Internet f\u00fcr japanische Videos f\u00fcr Erwachsene. Das Projekt der Website ist einfach und minimalistisch, Inhalt aufsetzend. Die Zielseite von JavDragon.com war einst mit Tonnen von Pornofilmen in voller L\u00e4nge gef\u00fcllt. Mit nur einem Klick k\u00f6nnen Sie Videos \u00fcber zwei Stunden lang genie\u00dfen. Standardm\u00e4\u00dfig ist alles nach Download-Zuweisung sortiert, [&hellip;]<\/p>\n","protected":false},"author":1,"featured_media":0,"parent":0,"menu_order":0,"comment_status":"closed","ping_status":"closed","template":"page-star-stil.php","meta":{"footnotes":""},"class_list":["post-7703","page","type-page","status-publish","hentry"],"yoast_head":"<!-- This site is optimized with the Yoast SEO plugin v27.2 - https:\/\/yoast.com\/product\/yoast-seo-wordpress\/ -->\n<title>Javdragon und Liste der besten Pornoseiten | PornMate<\/title>\n<meta name=\"description\" content=\"JavDragon ist einer der besten Orte im Internet f\u00fcr japanische Videos f\u00fcr Erwachsene. Das Projekt der Website ist einfach und minimalistisch und konzentriert sich auf den Inhalt.Vorschl\u00e4ge.\" \/>\n<meta name=\"robots\" content=\"index, follow, max-snippet:-1, max-image-preview:large, max-video-preview:-1\" \/>\n<link rel=\"canonical\" href=\"https:\/\/pornmate.com\/de\/javdragon\" \/>\n<meta property=\"og:locale\" content=\"de_DE\" \/>\n<meta property=\"og:type\" content=\"article\" \/>\n<meta property=\"og:title\" content=\"Javdragon und Liste der besten Pornoseiten | PornMate\" \/>\n<meta property=\"og:description\" content=\"JavDragon ist einer der besten Orte im Internet f\u00fcr japanische Videos f\u00fcr Erwachsene. Das Projekt der Website ist einfach und minimalistisch und konzentriert sich auf den Inhalt.Vorschl\u00e4ge.\" \/>\n<meta property=\"og:url\" content=\"https:\/\/pornmate.com\/de\/javdragon\" \/>\n<meta property=\"og:site_name\" content=\"Besten Pornoseiten - Kostenlose Deutsche Pornos | PornMate.com\" \/>\n<meta property=\"article:modified_time\" content=\"2022-11-26T08:42:22+00:00\" \/>\n<meta name=\"twitter:card\" content=\"summary_large_image\" \/>\n<meta name=\"twitter:label1\" content=\"Gesch\u00e4tzte Lesezeit\" \/>\n\t<meta name=\"twitter:data1\" content=\"1\u00a0Minute\" \/>\n<script type=\"application\/ld+json\" class=\"yoast-schema-graph\">{\"@context\":\"https:\/\/schema.org\",\"@graph\":[{\"@type\":\"WebPage\",\"@id\":\"https:\/\/pornmate.com\/de\/javdragon\",\"url\":\"https:\/\/pornmate.com\/de\/javdragon\",\"name\":\"Javdragon und Liste der besten Pornoseiten | PornMate\",\"isPartOf\":{\"@id\":\"https:\/\/pornmate.com\/de\/#website\"},\"datePublished\":\"2020-03-28T10:01:47+00:00\",\"dateModified\":\"2022-11-26T08:42:22+00:00\",\"description\":\"JavDragon ist einer der besten Orte im Internet f\u00fcr japanische Videos f\u00fcr Erwachsene. Das Projekt der Website ist einfach und minimalistisch und konzentriert sich auf den Inhalt.Vorschl\u00e4ge.\",\"breadcrumb\":{\"@id\":\"https:\/\/pornmate.com\/de\/javdragon#breadcrumb\"},\"inLanguage\":\"de\",\"potentialAction\":[{\"@type\":\"ReadAction\",\"target\":[\"https:\/\/pornmate.com\/de\/javdragon\"]}]},{\"@type\":\"BreadcrumbList\",\"@id\":\"https:\/\/pornmate.com\/de\/javdragon#breadcrumb\",\"itemListElement\":[{\"@type\":\"ListItem\",\"position\":1,\"name\":\"Startseite\",\"item\":\"https:\/\/pornmate.com\/de\"},{\"@type\":\"ListItem\",\"position\":2,\"name\":\"Javdragon\"}]},{\"@type\":\"WebSite\",\"@id\":\"https:\/\/pornmate.com\/de\/#website\",\"url\":\"https:\/\/pornmate.com\/de\/\",\"name\":\"Besten Pornoseiten - Kostenlose Deutsche Pornos | PornMate.com\",\"description\":\"Kostenlose Pornos, ist Ihr Combo-Verzeichnis der besten gratis Pornoseiten, die Sie finden k\u00f6nnen, und das fantastische Seitenbewertungen, Kostenlose Deutsche sex Biografien von Pornostars und ihre xxx Freie Porno videos unter einem Dach pr\u00e4sentiert.\",\"publisher\":{\"@id\":\"https:\/\/pornmate.com\/de\/#organization\"},\"potentialAction\":[{\"@type\":\"SearchAction\",\"target\":{\"@type\":\"EntryPoint\",\"urlTemplate\":\"https:\/\/pornmate.com\/de\/?s={search_term_string}\"},\"query-input\":{\"@type\":\"PropertyValueSpecification\",\"valueRequired\":true,\"valueName\":\"search_term_string\"}}],\"inLanguage\":\"de\"},{\"@type\":\"Organization\",\"@id\":\"https:\/\/pornmate.com\/de\/#organization\",\"name\":\"Besten Pornoseiten - Kostenlose Deutsche Pornos | PornMate.com\",\"url\":\"https:\/\/pornmate.com\/de\/\",\"logo\":{\"@type\":\"ImageObject\",\"inLanguage\":\"de\",\"@id\":\"https:\/\/pornmate.com\/de\/#\/schema\/logo\/image\/\",\"url\":\"https:\/\/pornmate.com\/de\/wp-content\/uploads\/2022\/11\/pornmate-1.png\",\"contentUrl\":\"https:\/\/pornmate.com\/de\/wp-content\/uploads\/2022\/11\/pornmate-1.png\",\"width\":203,\"height\":200,\"caption\":\"Besten Pornoseiten - Kostenlose Deutsche Pornos | PornMate.com\"},\"image\":{\"@id\":\"https:\/\/pornmate.com\/de\/#\/schema\/logo\/image\/\"}}]}<\/script>\n<!-- \/ Yoast SEO plugin. -->","yoast_head_json":{"title":"Javdragon und Liste der besten Pornoseiten | PornMate","description":"JavDragon ist einer der besten Orte im Internet f\u00fcr japanische Videos f\u00fcr Erwachsene. Das Projekt der Website ist einfach und minimalistisch und konzentriert sich auf den Inhalt.Vorschl\u00e4ge.","robots":{"index":"index","follow":"follow","max-snippet":"max-snippet:-1","max-image-preview":"max-image-preview:large","max-video-preview":"max-video-preview:-1"},"canonical":"https:\/\/pornmate.com\/de\/javdragon","og_locale":"de_DE","og_type":"article","og_title":"Javdragon und Liste der besten Pornoseiten | PornMate","og_description":"JavDragon ist einer der besten Orte im Internet f\u00fcr japanische Videos f\u00fcr Erwachsene. Das Projekt der Website ist einfach und minimalistisch und konzentriert sich auf den Inhalt.Vorschl\u00e4ge.","og_url":"https:\/\/pornmate.com\/de\/javdragon","og_site_name":"Besten Pornoseiten - Kostenlose Deutsche Pornos | PornMate.com","article_modified_time":"2022-11-26T08:42:22+00:00","twitter_card":"summary_large_image","twitter_misc":{"Gesch\u00e4tzte Lesezeit":"1\u00a0Minute"},"schema":{"@context":"https:\/\/schema.org","@graph":[{"@type":"WebPage","@id":"https:\/\/pornmate.com\/de\/javdragon","url":"https:\/\/pornmate.com\/de\/javdragon","name":"Javdragon und Liste der besten Pornoseiten | PornMate","isPartOf":{"@id":"https:\/\/pornmate.com\/de\/#website"},"datePublished":"2020-03-28T10:01:47+00:00","dateModified":"2022-11-26T08:42:22+00:00","description":"JavDragon ist einer der besten Orte im Internet f\u00fcr japanische Videos f\u00fcr Erwachsene. Das Projekt der Website ist einfach und minimalistisch und konzentriert sich auf den Inhalt.Vorschl\u00e4ge.","breadcrumb":{"@id":"https:\/\/pornmate.com\/de\/javdragon#breadcrumb"},"inLanguage":"de","potentialAction":[{"@type":"ReadAction","target":["https:\/\/pornmate.com\/de\/javdragon"]}]},{"@type":"BreadcrumbList","@id":"https:\/\/pornmate.com\/de\/javdragon#breadcrumb","itemListElement":[{"@type":"ListItem","position":1,"name":"Startseite","item":"https:\/\/pornmate.com\/de"},{"@type":"ListItem","position":2,"name":"Javdragon"}]},{"@type":"WebSite","@id":"https:\/\/pornmate.com\/de\/#website","url":"https:\/\/pornmate.com\/de\/","name":"Besten Pornoseiten - Kostenlose Deutsche Pornos | PornMate.com","description":"Kostenlose Pornos, ist Ihr Combo-Verzeichnis der besten gratis Pornoseiten, die Sie finden k\u00f6nnen, und das fantastische Seitenbewertungen, Kostenlose Deutsche sex Biografien von Pornostars und ihre xxx Freie Porno videos unter einem Dach pr\u00e4sentiert.","publisher":{"@id":"https:\/\/pornmate.com\/de\/#organization"},"potentialAction":[{"@type":"SearchAction","target":{"@type":"EntryPoint","urlTemplate":"https:\/\/pornmate.com\/de\/?s={search_term_string}"},"query-input":{"@type":"PropertyValueSpecification","valueRequired":true,"valueName":"search_term_string"}}],"inLanguage":"de"},{"@type":"Organization","@id":"https:\/\/pornmate.com\/de\/#organization","name":"Besten Pornoseiten - Kostenlose Deutsche Pornos | PornMate.com","url":"https:\/\/pornmate.com\/de\/","logo":{"@type":"ImageObject","inLanguage":"de","@id":"https:\/\/pornmate.com\/de\/#\/schema\/logo\/image\/","url":"https:\/\/pornmate.com\/de\/wp-content\/uploads\/2022\/11\/pornmate-1.png","contentUrl":"https:\/\/pornmate.com\/de\/wp-content\/uploads\/2022\/11\/pornmate-1.png","width":203,"height":200,"caption":"Besten Pornoseiten - Kostenlose Deutsche Pornos | PornMate.com"},"image":{"@id":"https:\/\/pornmate.com\/de\/#\/schema\/logo\/image\/"}}]}},"_links":{"self":[{"href":"https:\/\/pornmate.com\/de\/wp-json\/wp\/v2\/pages\/7703","targetHints":{"allow":["GET"]}}],"collection":[{"href":"https:\/\/pornmate.com\/de\/wp-json\/wp\/v2\/pages"}],"about":[{"href":"https:\/\/pornmate.com\/de\/wp-json\/wp\/v2\/types\/page"}],"author":[{"embeddable":true,"href":"https:\/\/pornmate.com\/de\/wp-json\/wp\/v2\/users\/1"}],"replies":[{"embeddable":true,"href":"https:\/\/pornmate.com\/de\/wp-json\/wp\/v2\/comments?post=7703"}],"version-history":[{"count":0,"href":"https:\/\/pornmate.com\/de\/wp-json\/wp\/v2\/pages\/7703\/revisions"}],"wp:attachment":[{"href":"https:\/\/pornmate.com\/de\/wp-json\/wp\/v2\/media?parent=7703"}],"curies":[{"name":"wp","href":"https:\/\/api.w.org\/{rel}","templated":true}]}}