{"id":7705,"date":"2020-03-28T10:04:39","date_gmt":"2020-03-28T10:04:39","guid":{"rendered":"https:\/\/pornmate.com\/?page_id=7705"},"modified":"2020-03-28T10:04:39","modified_gmt":"2020-03-28T10:04:39","slug":"jav-porn-hd","status":"publish","type":"page","link":"https:\/\/pornmate.com\/de\/jav-porn-hd","title":{"rendered":"Jav porn hd"},"content":{"rendered":"<p>JavPornHD sieht auf den ersten Blick aus wie viele andere kostenlose Pornos. Wie der Name schon sagt, enthalten alle ihre Videos japanische Pornos. Die Konfiguration der Seite der Site ist einfach. Die Zielseite enth\u00e4lt alles, was Sie zum Handeln ben\u00f6tigen. Wenn Sie nicht feststellen, dass Ihnen die Zielseite von JavPornHD.xyz angezeigt wird, k\u00f6nnen Sie nicht identische Sortieroptionen aus\u00fcben und die Inhaltsfunktion von Standing, Aufrufen, Umfang \u00fcberpr\u00fcfen. Auf der Seite stehen Kategorien f\u00fcr Ihre Suche, mit den beliebtesten oben angezeigt. Neben Namen wie Asa Akira und Hitomi gibt es viele andere japanische Pornostars, umgekehrt sch\u00f6ne, schelmische, zierliche Schulm\u00e4dchen, kurvige MILFs, und wenn Sie wirklich genug von Inhalten haben, ist diese Position daher jederzeit mit einer Vielzahl von Live-Cam-Sites verbunden , du gehst genau mit ein paar Klicks von Frauen aus dem munteren Haushalt runter und lebst schmutzig.<\/p>\n","protected":false},"excerpt":{"rendered":"<p>JavPornHD sieht auf den ersten Blick aus wie viele andere kostenlose Pornos. Wie der Name schon sagt, enthalten alle ihre Videos japanische Pornos. Die Konfiguration der Seite der Site ist einfach. Die Zielseite enth\u00e4lt alles, was Sie zum Handeln ben\u00f6tigen. Wenn Sie nicht feststellen, dass Ihnen die Zielseite von JavPornHD.xyz angezeigt wird, k\u00f6nnen Sie nicht [&hellip;]<\/p>\n","protected":false},"author":1,"featured_media":0,"parent":0,"menu_order":0,"comment_status":"closed","ping_status":"closed","template":"page-star-stil.php","meta":{"footnotes":""},"class_list":["post-7705","page","type-page","status-publish","hentry"],"yoast_head":"<!-- This site is optimized with the Yoast SEO plugin v27.2 - https:\/\/yoast.com\/product\/yoast-seo-wordpress\/ -->\n<title>Jav porn hd und Liste der besten Pornoseiten | PornMate<\/title>\n<meta name=\"description\" content=\"JavPornHD sieht auf den ersten Blick aus wie viele andere kostenlose Pornos. Wie der Name schon sagt, enthalten alle ihre Videos japanische Pornos. Die Konfiguration der Seite der Site ist einfach.\" \/>\n<meta name=\"robots\" content=\"index, follow, max-snippet:-1, max-image-preview:large, max-video-preview:-1\" \/>\n<link rel=\"canonical\" href=\"https:\/\/pornmate.com\/de\/jav-porn-hd\" \/>\n<meta property=\"og:locale\" content=\"de_DE\" \/>\n<meta property=\"og:type\" content=\"article\" \/>\n<meta property=\"og:title\" content=\"Jav porn hd und Liste der besten Pornoseiten | PornMate\" \/>\n<meta property=\"og:description\" content=\"JavPornHD sieht auf den ersten Blick aus wie viele andere kostenlose Pornos. Wie der Name schon sagt, enthalten alle ihre Videos japanische Pornos. Die Konfiguration der Seite der Site ist einfach.\" \/>\n<meta property=\"og:url\" content=\"https:\/\/pornmate.com\/de\/jav-porn-hd\" \/>\n<meta property=\"og:site_name\" content=\"Besten Pornoseiten - Kostenlose Deutsche Pornos | PornMate.com\" \/>\n<meta name=\"twitter:card\" content=\"summary_large_image\" \/>\n<meta name=\"twitter:label1\" content=\"Gesch\u00e4tzte Lesezeit\" \/>\n\t<meta name=\"twitter:data1\" content=\"1\u00a0Minute\" \/>\n<script type=\"application\/ld+json\" class=\"yoast-schema-graph\">{\"@context\":\"https:\/\/schema.org\",\"@graph\":[{\"@type\":\"WebPage\",\"@id\":\"https:\/\/pornmate.com\/de\/jav-porn-hd\",\"url\":\"https:\/\/pornmate.com\/de\/jav-porn-hd\",\"name\":\"Jav porn hd und Liste der besten Pornoseiten | PornMate\",\"isPartOf\":{\"@id\":\"https:\/\/pornmate.com\/de\/#website\"},\"datePublished\":\"2020-03-28T10:04:39+00:00\",\"description\":\"JavPornHD sieht auf den ersten Blick aus wie viele andere kostenlose Pornos. Wie der Name schon sagt, enthalten alle ihre Videos japanische Pornos. Die Konfiguration der Seite der Site ist einfach.\",\"breadcrumb\":{\"@id\":\"https:\/\/pornmate.com\/de\/jav-porn-hd#breadcrumb\"},\"inLanguage\":\"de\",\"potentialAction\":[{\"@type\":\"ReadAction\",\"target\":[\"https:\/\/pornmate.com\/de\/jav-porn-hd\"]}]},{\"@type\":\"BreadcrumbList\",\"@id\":\"https:\/\/pornmate.com\/de\/jav-porn-hd#breadcrumb\",\"itemListElement\":[{\"@type\":\"ListItem\",\"position\":1,\"name\":\"Startseite\",\"item\":\"https:\/\/pornmate.com\/de\"},{\"@type\":\"ListItem\",\"position\":2,\"name\":\"Jav porn hd\"}]},{\"@type\":\"WebSite\",\"@id\":\"https:\/\/pornmate.com\/de\/#website\",\"url\":\"https:\/\/pornmate.com\/de\/\",\"name\":\"Besten Pornoseiten - Kostenlose Deutsche Pornos | PornMate.com\",\"description\":\"Kostenlose Pornos, ist Ihr Combo-Verzeichnis der besten gratis Pornoseiten, die Sie finden k\u00f6nnen, und das fantastische Seitenbewertungen, Kostenlose Deutsche sex Biografien von Pornostars und ihre xxx Freie Porno videos unter einem Dach pr\u00e4sentiert.\",\"publisher\":{\"@id\":\"https:\/\/pornmate.com\/de\/#organization\"},\"potentialAction\":[{\"@type\":\"SearchAction\",\"target\":{\"@type\":\"EntryPoint\",\"urlTemplate\":\"https:\/\/pornmate.com\/de\/?s={search_term_string}\"},\"query-input\":{\"@type\":\"PropertyValueSpecification\",\"valueRequired\":true,\"valueName\":\"search_term_string\"}}],\"inLanguage\":\"de\"},{\"@type\":\"Organization\",\"@id\":\"https:\/\/pornmate.com\/de\/#organization\",\"name\":\"Besten Pornoseiten - Kostenlose Deutsche Pornos | PornMate.com\",\"url\":\"https:\/\/pornmate.com\/de\/\",\"logo\":{\"@type\":\"ImageObject\",\"inLanguage\":\"de\",\"@id\":\"https:\/\/pornmate.com\/de\/#\/schema\/logo\/image\/\",\"url\":\"https:\/\/pornmate.com\/de\/wp-content\/uploads\/2022\/11\/pornmate-1.png\",\"contentUrl\":\"https:\/\/pornmate.com\/de\/wp-content\/uploads\/2022\/11\/pornmate-1.png\",\"width\":203,\"height\":200,\"caption\":\"Besten Pornoseiten - Kostenlose Deutsche Pornos | PornMate.com\"},\"image\":{\"@id\":\"https:\/\/pornmate.com\/de\/#\/schema\/logo\/image\/\"}}]}<\/script>\n<!-- \/ Yoast SEO plugin. -->","yoast_head_json":{"title":"Jav porn hd und Liste der besten Pornoseiten | PornMate","description":"JavPornHD sieht auf den ersten Blick aus wie viele andere kostenlose Pornos. Wie der Name schon sagt, enthalten alle ihre Videos japanische Pornos. Die Konfiguration der Seite der Site ist einfach.","robots":{"index":"index","follow":"follow","max-snippet":"max-snippet:-1","max-image-preview":"max-image-preview:large","max-video-preview":"max-video-preview:-1"},"canonical":"https:\/\/pornmate.com\/de\/jav-porn-hd","og_locale":"de_DE","og_type":"article","og_title":"Jav porn hd und Liste der besten Pornoseiten | PornMate","og_description":"JavPornHD sieht auf den ersten Blick aus wie viele andere kostenlose Pornos. Wie der Name schon sagt, enthalten alle ihre Videos japanische Pornos. Die Konfiguration der Seite der Site ist einfach.","og_url":"https:\/\/pornmate.com\/de\/jav-porn-hd","og_site_name":"Besten Pornoseiten - Kostenlose Deutsche Pornos | PornMate.com","twitter_card":"summary_large_image","twitter_misc":{"Gesch\u00e4tzte Lesezeit":"1\u00a0Minute"},"schema":{"@context":"https:\/\/schema.org","@graph":[{"@type":"WebPage","@id":"https:\/\/pornmate.com\/de\/jav-porn-hd","url":"https:\/\/pornmate.com\/de\/jav-porn-hd","name":"Jav porn hd und Liste der besten Pornoseiten | PornMate","isPartOf":{"@id":"https:\/\/pornmate.com\/de\/#website"},"datePublished":"2020-03-28T10:04:39+00:00","description":"JavPornHD sieht auf den ersten Blick aus wie viele andere kostenlose Pornos. Wie der Name schon sagt, enthalten alle ihre Videos japanische Pornos. Die Konfiguration der Seite der Site ist einfach.","breadcrumb":{"@id":"https:\/\/pornmate.com\/de\/jav-porn-hd#breadcrumb"},"inLanguage":"de","potentialAction":[{"@type":"ReadAction","target":["https:\/\/pornmate.com\/de\/jav-porn-hd"]}]},{"@type":"BreadcrumbList","@id":"https:\/\/pornmate.com\/de\/jav-porn-hd#breadcrumb","itemListElement":[{"@type":"ListItem","position":1,"name":"Startseite","item":"https:\/\/pornmate.com\/de"},{"@type":"ListItem","position":2,"name":"Jav porn hd"}]},{"@type":"WebSite","@id":"https:\/\/pornmate.com\/de\/#website","url":"https:\/\/pornmate.com\/de\/","name":"Besten Pornoseiten - Kostenlose Deutsche Pornos | PornMate.com","description":"Kostenlose Pornos, ist Ihr Combo-Verzeichnis der besten gratis Pornoseiten, die Sie finden k\u00f6nnen, und das fantastische Seitenbewertungen, Kostenlose Deutsche sex Biografien von Pornostars und ihre xxx Freie Porno videos unter einem Dach pr\u00e4sentiert.","publisher":{"@id":"https:\/\/pornmate.com\/de\/#organization"},"potentialAction":[{"@type":"SearchAction","target":{"@type":"EntryPoint","urlTemplate":"https:\/\/pornmate.com\/de\/?s={search_term_string}"},"query-input":{"@type":"PropertyValueSpecification","valueRequired":true,"valueName":"search_term_string"}}],"inLanguage":"de"},{"@type":"Organization","@id":"https:\/\/pornmate.com\/de\/#organization","name":"Besten Pornoseiten - Kostenlose Deutsche Pornos | PornMate.com","url":"https:\/\/pornmate.com\/de\/","logo":{"@type":"ImageObject","inLanguage":"de","@id":"https:\/\/pornmate.com\/de\/#\/schema\/logo\/image\/","url":"https:\/\/pornmate.com\/de\/wp-content\/uploads\/2022\/11\/pornmate-1.png","contentUrl":"https:\/\/pornmate.com\/de\/wp-content\/uploads\/2022\/11\/pornmate-1.png","width":203,"height":200,"caption":"Besten Pornoseiten - Kostenlose Deutsche Pornos | PornMate.com"},"image":{"@id":"https:\/\/pornmate.com\/de\/#\/schema\/logo\/image\/"}}]}},"_links":{"self":[{"href":"https:\/\/pornmate.com\/de\/wp-json\/wp\/v2\/pages\/7705","targetHints":{"allow":["GET"]}}],"collection":[{"href":"https:\/\/pornmate.com\/de\/wp-json\/wp\/v2\/pages"}],"about":[{"href":"https:\/\/pornmate.com\/de\/wp-json\/wp\/v2\/types\/page"}],"author":[{"embeddable":true,"href":"https:\/\/pornmate.com\/de\/wp-json\/wp\/v2\/users\/1"}],"replies":[{"embeddable":true,"href":"https:\/\/pornmate.com\/de\/wp-json\/wp\/v2\/comments?post=7705"}],"version-history":[{"count":0,"href":"https:\/\/pornmate.com\/de\/wp-json\/wp\/v2\/pages\/7705\/revisions"}],"wp:attachment":[{"href":"https:\/\/pornmate.com\/de\/wp-json\/wp\/v2\/media?parent=7705"}],"curies":[{"name":"wp","href":"https:\/\/api.w.org\/{rel}","templated":true}]}}