{"id":7939,"date":"2020-04-14T11:48:57","date_gmt":"2020-04-14T11:48:57","guid":{"rendered":"https:\/\/pornmate.com\/?page_id=7939"},"modified":"2022-11-23T13:25:22","modified_gmt":"2022-11-23T12:25:22","slug":"xhamster","status":"publish","type":"page","link":"https:\/\/pornmate.com\/de\/xhamster","title":{"rendered":"Xhamster.com"},"content":{"rendered":"<p>XHamster ist eine der beliebtesten kostenlosen Pornoseiten im Internet, von der Sie definitiv geh\u00f6rt haben. Als einer der besten Spieler dieses Spiels seit langem haben sie die Kunst des Pornoerlebnisses perfektioniert. Die Seite hat alles, was Sie brauchen, um ein Online-Vergn\u00fcgen f\u00fcr Erwachsene zu genie\u00dfen. Die Homepage von XHamster.com ist \u00fcbersichtlich gestaltet und stellt sicher, dass jeder Teil der Website nur einen Klick entfernt ist. Ihnen werden viele fesselnde Videos pr\u00e4sentiert, die in mehrere neuwertige Abschnitte eingebettet sind, die es Ihnen erm\u00f6glichen, sofort und direkt zu handeln. Wenn Sie nach etwas Spezifischerem wie der Suche nach Savannah Bond, Jada Stevens, Keisha Grey, Madison Ivy oder einem anderen Pornostar oder Video Ihrer Wahl suchen, k\u00f6nnen Sie die umfangreiche Suchleiste auf der Website verwenden und finden, was Sie suchen f\u00fcr leicht. Und neben Videos gibt es auch Pornostars, Kan\u00e4le und Fotobereiche, also gibt es viel zu entdecken.Zun\u00e4chst zu ihrer st\u00e4ndig wachsenden Galerie mit aufgezeichneten Inhalten bieten sie einen Live-Cam-Bereich, eine Dating-Site und vieles mehr sogar Premium-Mitgliedschaften.<\/p>\n","protected":false},"excerpt":{"rendered":"<p>XHamster ist eine der beliebtesten kostenlosen Pornoseiten im Internet, von der Sie definitiv geh\u00f6rt haben. Als einer der besten Spieler dieses Spiels seit langem haben sie die Kunst des Pornoerlebnisses perfektioniert. Die Seite hat alles, was Sie brauchen, um ein Online-Vergn\u00fcgen f\u00fcr Erwachsene zu genie\u00dfen. Die Homepage von XHamster.com ist \u00fcbersichtlich gestaltet und stellt sicher, [&hellip;]<\/p>\n","protected":false},"author":1,"featured_media":0,"parent":0,"menu_order":0,"comment_status":"closed","ping_status":"closed","template":"page-star-stil.php","meta":{"footnotes":""},"class_list":["post-7939","page","type-page","status-publish","hentry"],"yoast_head":"<!-- This site is optimized with the Yoast SEO plugin v27.2 - https:\/\/yoast.com\/product\/yoast-seo-wordpress\/ -->\n<title>Xhamster.com und Liste der besten Pornoseiten | PornMate<\/title>\n<meta name=\"description\" content=\"XHamster ist eine der beliebtesten kostenlosen Pornoseiten im Internet, von der Sie definitiv geh\u00f6rt haben. Als einer der besten Spieler dieses Spiels seit langem haben sie die Kunst des Pornoerlebnisses perfektioniert. Die Seite hat alles, was Sie brauchen, um ein Online-Vergn\u00fcgen f\u00fcr Erwachsene zu genie\u00dfen.\" \/>\n<meta name=\"robots\" content=\"index, follow, max-snippet:-1, max-image-preview:large, max-video-preview:-1\" \/>\n<link rel=\"canonical\" href=\"https:\/\/pornmate.com\/de\/xhamster\" \/>\n<meta property=\"og:locale\" content=\"de_DE\" \/>\n<meta property=\"og:type\" content=\"article\" \/>\n<meta property=\"og:title\" content=\"Xhamster.com und Liste der besten Pornoseiten | PornMate\" \/>\n<meta property=\"og:description\" content=\"XHamster ist eine der beliebtesten kostenlosen Pornoseiten im Internet, von der Sie definitiv geh\u00f6rt haben. Als einer der besten Spieler dieses Spiels seit langem haben sie die Kunst des Pornoerlebnisses perfektioniert. Die Seite hat alles, was Sie brauchen, um ein Online-Vergn\u00fcgen f\u00fcr Erwachsene zu genie\u00dfen.\" \/>\n<meta property=\"og:url\" content=\"https:\/\/pornmate.com\/de\/xhamster\" \/>\n<meta property=\"og:site_name\" content=\"Besten Pornoseiten - Kostenlose Deutsche Pornos | PornMate.com\" \/>\n<meta property=\"article:modified_time\" content=\"2022-11-23T12:25:22+00:00\" \/>\n<meta name=\"twitter:card\" content=\"summary_large_image\" \/>\n<meta name=\"twitter:label1\" content=\"Gesch\u00e4tzte Lesezeit\" \/>\n\t<meta name=\"twitter:data1\" content=\"1\u00a0Minute\" \/>\n<script type=\"application\/ld+json\" class=\"yoast-schema-graph\">{\"@context\":\"https:\/\/schema.org\",\"@graph\":[{\"@type\":\"WebPage\",\"@id\":\"https:\/\/pornmate.com\/de\/xhamster\",\"url\":\"https:\/\/pornmate.com\/de\/xhamster\",\"name\":\"Xhamster.com und Liste der besten Pornoseiten | PornMate\",\"isPartOf\":{\"@id\":\"https:\/\/pornmate.com\/de\/#website\"},\"datePublished\":\"2020-04-14T11:48:57+00:00\",\"dateModified\":\"2022-11-23T12:25:22+00:00\",\"description\":\"XHamster ist eine der beliebtesten kostenlosen Pornoseiten im Internet, von der Sie definitiv geh\u00f6rt haben. Als einer der besten Spieler dieses Spiels seit langem haben sie die Kunst des Pornoerlebnisses perfektioniert. Die Seite hat alles, was Sie brauchen, um ein Online-Vergn\u00fcgen f\u00fcr Erwachsene zu genie\u00dfen.\",\"breadcrumb\":{\"@id\":\"https:\/\/pornmate.com\/de\/xhamster#breadcrumb\"},\"inLanguage\":\"de\",\"potentialAction\":[{\"@type\":\"ReadAction\",\"target\":[\"https:\/\/pornmate.com\/de\/xhamster\"]}]},{\"@type\":\"BreadcrumbList\",\"@id\":\"https:\/\/pornmate.com\/de\/xhamster#breadcrumb\",\"itemListElement\":[{\"@type\":\"ListItem\",\"position\":1,\"name\":\"Startseite\",\"item\":\"https:\/\/pornmate.com\/de\"},{\"@type\":\"ListItem\",\"position\":2,\"name\":\"Xhamster.com\"}]},{\"@type\":\"WebSite\",\"@id\":\"https:\/\/pornmate.com\/de\/#website\",\"url\":\"https:\/\/pornmate.com\/de\/\",\"name\":\"Besten Pornoseiten - Kostenlose Deutsche Pornos | PornMate.com\",\"description\":\"Kostenlose Pornos, ist Ihr Combo-Verzeichnis der besten gratis Pornoseiten, die Sie finden k\u00f6nnen, und das fantastische Seitenbewertungen, Kostenlose Deutsche sex Biografien von Pornostars und ihre xxx Freie Porno videos unter einem Dach pr\u00e4sentiert.\",\"publisher\":{\"@id\":\"https:\/\/pornmate.com\/de\/#organization\"},\"potentialAction\":[{\"@type\":\"SearchAction\",\"target\":{\"@type\":\"EntryPoint\",\"urlTemplate\":\"https:\/\/pornmate.com\/de\/?s={search_term_string}\"},\"query-input\":{\"@type\":\"PropertyValueSpecification\",\"valueRequired\":true,\"valueName\":\"search_term_string\"}}],\"inLanguage\":\"de\"},{\"@type\":\"Organization\",\"@id\":\"https:\/\/pornmate.com\/de\/#organization\",\"name\":\"Besten Pornoseiten - Kostenlose Deutsche Pornos | PornMate.com\",\"url\":\"https:\/\/pornmate.com\/de\/\",\"logo\":{\"@type\":\"ImageObject\",\"inLanguage\":\"de\",\"@id\":\"https:\/\/pornmate.com\/de\/#\/schema\/logo\/image\/\",\"url\":\"https:\/\/pornmate.com\/de\/wp-content\/uploads\/2022\/11\/pornmate-1.png\",\"contentUrl\":\"https:\/\/pornmate.com\/de\/wp-content\/uploads\/2022\/11\/pornmate-1.png\",\"width\":203,\"height\":200,\"caption\":\"Besten Pornoseiten - Kostenlose Deutsche Pornos | PornMate.com\"},\"image\":{\"@id\":\"https:\/\/pornmate.com\/de\/#\/schema\/logo\/image\/\"}}]}<\/script>\n<!-- \/ Yoast SEO plugin. -->","yoast_head_json":{"title":"Xhamster.com und Liste der besten Pornoseiten | PornMate","description":"XHamster ist eine der beliebtesten kostenlosen Pornoseiten im Internet, von der Sie definitiv geh\u00f6rt haben. Als einer der besten Spieler dieses Spiels seit langem haben sie die Kunst des Pornoerlebnisses perfektioniert. Die Seite hat alles, was Sie brauchen, um ein Online-Vergn\u00fcgen f\u00fcr Erwachsene zu genie\u00dfen.","robots":{"index":"index","follow":"follow","max-snippet":"max-snippet:-1","max-image-preview":"max-image-preview:large","max-video-preview":"max-video-preview:-1"},"canonical":"https:\/\/pornmate.com\/de\/xhamster","og_locale":"de_DE","og_type":"article","og_title":"Xhamster.com und Liste der besten Pornoseiten | PornMate","og_description":"XHamster ist eine der beliebtesten kostenlosen Pornoseiten im Internet, von der Sie definitiv geh\u00f6rt haben. Als einer der besten Spieler dieses Spiels seit langem haben sie die Kunst des Pornoerlebnisses perfektioniert. Die Seite hat alles, was Sie brauchen, um ein Online-Vergn\u00fcgen f\u00fcr Erwachsene zu genie\u00dfen.","og_url":"https:\/\/pornmate.com\/de\/xhamster","og_site_name":"Besten Pornoseiten - Kostenlose Deutsche Pornos | PornMate.com","article_modified_time":"2022-11-23T12:25:22+00:00","twitter_card":"summary_large_image","twitter_misc":{"Gesch\u00e4tzte Lesezeit":"1\u00a0Minute"},"schema":{"@context":"https:\/\/schema.org","@graph":[{"@type":"WebPage","@id":"https:\/\/pornmate.com\/de\/xhamster","url":"https:\/\/pornmate.com\/de\/xhamster","name":"Xhamster.com und Liste der besten Pornoseiten | PornMate","isPartOf":{"@id":"https:\/\/pornmate.com\/de\/#website"},"datePublished":"2020-04-14T11:48:57+00:00","dateModified":"2022-11-23T12:25:22+00:00","description":"XHamster ist eine der beliebtesten kostenlosen Pornoseiten im Internet, von der Sie definitiv geh\u00f6rt haben. Als einer der besten Spieler dieses Spiels seit langem haben sie die Kunst des Pornoerlebnisses perfektioniert. Die Seite hat alles, was Sie brauchen, um ein Online-Vergn\u00fcgen f\u00fcr Erwachsene zu genie\u00dfen.","breadcrumb":{"@id":"https:\/\/pornmate.com\/de\/xhamster#breadcrumb"},"inLanguage":"de","potentialAction":[{"@type":"ReadAction","target":["https:\/\/pornmate.com\/de\/xhamster"]}]},{"@type":"BreadcrumbList","@id":"https:\/\/pornmate.com\/de\/xhamster#breadcrumb","itemListElement":[{"@type":"ListItem","position":1,"name":"Startseite","item":"https:\/\/pornmate.com\/de"},{"@type":"ListItem","position":2,"name":"Xhamster.com"}]},{"@type":"WebSite","@id":"https:\/\/pornmate.com\/de\/#website","url":"https:\/\/pornmate.com\/de\/","name":"Besten Pornoseiten - Kostenlose Deutsche Pornos | PornMate.com","description":"Kostenlose Pornos, ist Ihr Combo-Verzeichnis der besten gratis Pornoseiten, die Sie finden k\u00f6nnen, und das fantastische Seitenbewertungen, Kostenlose Deutsche sex Biografien von Pornostars und ihre xxx Freie Porno videos unter einem Dach pr\u00e4sentiert.","publisher":{"@id":"https:\/\/pornmate.com\/de\/#organization"},"potentialAction":[{"@type":"SearchAction","target":{"@type":"EntryPoint","urlTemplate":"https:\/\/pornmate.com\/de\/?s={search_term_string}"},"query-input":{"@type":"PropertyValueSpecification","valueRequired":true,"valueName":"search_term_string"}}],"inLanguage":"de"},{"@type":"Organization","@id":"https:\/\/pornmate.com\/de\/#organization","name":"Besten Pornoseiten - Kostenlose Deutsche Pornos | PornMate.com","url":"https:\/\/pornmate.com\/de\/","logo":{"@type":"ImageObject","inLanguage":"de","@id":"https:\/\/pornmate.com\/de\/#\/schema\/logo\/image\/","url":"https:\/\/pornmate.com\/de\/wp-content\/uploads\/2022\/11\/pornmate-1.png","contentUrl":"https:\/\/pornmate.com\/de\/wp-content\/uploads\/2022\/11\/pornmate-1.png","width":203,"height":200,"caption":"Besten Pornoseiten - Kostenlose Deutsche Pornos | PornMate.com"},"image":{"@id":"https:\/\/pornmate.com\/de\/#\/schema\/logo\/image\/"}}]}},"_links":{"self":[{"href":"https:\/\/pornmate.com\/de\/wp-json\/wp\/v2\/pages\/7939","targetHints":{"allow":["GET"]}}],"collection":[{"href":"https:\/\/pornmate.com\/de\/wp-json\/wp\/v2\/pages"}],"about":[{"href":"https:\/\/pornmate.com\/de\/wp-json\/wp\/v2\/types\/page"}],"author":[{"embeddable":true,"href":"https:\/\/pornmate.com\/de\/wp-json\/wp\/v2\/users\/1"}],"replies":[{"embeddable":true,"href":"https:\/\/pornmate.com\/de\/wp-json\/wp\/v2\/comments?post=7939"}],"version-history":[{"count":0,"href":"https:\/\/pornmate.com\/de\/wp-json\/wp\/v2\/pages\/7939\/revisions"}],"wp:attachment":[{"href":"https:\/\/pornmate.com\/de\/wp-json\/wp\/v2\/media?parent=7939"}],"curies":[{"name":"wp","href":"https:\/\/api.w.org\/{rel}","templated":true}]}}