{"id":8001,"date":"2020-04-14T14:38:36","date_gmt":"2020-04-14T14:38:36","guid":{"rendered":"https:\/\/pornmate.com\/?page_id=8001"},"modified":"2022-11-23T13:22:45","modified_gmt":"2022-11-23T12:22:45","slug":"beeg","status":"publish","type":"page","link":"https:\/\/pornmate.com\/de\/beeg","title":{"rendered":"Beeg.com"},"content":{"rendered":"<p>Diese Seite stellt ein innovatives Porno-Erlebnis f\u00fcr Sie dar. Beeg.com ist nur eine von vielen kostenlosen Pornoseiten im Internet, sie heben sich von den anderen durch einen etwas einzigartigen Ansatz zum Anzeigen von Inhalten ab. Wie viele andere \u00e4hnliche Pornoseiten ist ihre Zielseite mit Tausenden oder Hunderten beeindruckender Miniaturansichten gef\u00fcllt, die jeweils zu einem verwandten Video f\u00fchren. Aber was diese Seite von anderen unterscheidet, ist, dass die Thumbnails auf Beeg.com ordentlich organisiert und nebeneinander platziert sind, um eine aufregende Collage von Bildern zu erstellen. Die Videos haben keinerlei Titel und alles, was Sie tun k\u00f6nnen, sind die Bilder, die Sie zu einem bestimmten Video f\u00fchren. Der gesamte Fokus liegt auf den Inhalten, was das Durchsuchen der Inhalte viel ansprechender macht. Sie k\u00f6nnen die Videotitel zun\u00e4chst vielleicht nicht sehen, aber Sie werden trotzdem atemberaubende Pornostars wie Lela Star, Riley Reid, Asa Akira, Little Caprice und viele mehr in ihrer ganzen Pracht sehen k\u00f6nnen. Wenn Sie nach etwas Spezifischerem suchen, verwenden Sie nat\u00fcrlich die Suchleiste oder scrollen Sie durch Tags und Kan\u00e4le, und es gibt auch einen Cam-Bereich, in dem die M\u00e4dchen live auftreten.<\/p>\n","protected":false},"excerpt":{"rendered":"<p>Diese Seite stellt ein innovatives Porno-Erlebnis f\u00fcr Sie dar. Beeg.com ist nur eine von vielen kostenlosen Pornoseiten im Internet, sie heben sich von den anderen durch einen etwas einzigartigen Ansatz zum Anzeigen von Inhalten ab. Wie viele andere \u00e4hnliche Pornoseiten ist ihre Zielseite mit Tausenden oder Hunderten beeindruckender Miniaturansichten gef\u00fcllt, die jeweils zu einem verwandten [&hellip;]<\/p>\n","protected":false},"author":1,"featured_media":0,"parent":0,"menu_order":0,"comment_status":"closed","ping_status":"closed","template":"page-star-stil.php","meta":{"footnotes":""},"class_list":["post-8001","page","type-page","status-publish","hentry"],"yoast_head":"<!-- This site is optimized with the Yoast SEO plugin v27.4 - https:\/\/yoast.com\/product\/yoast-seo-wordpress\/ -->\n<title>Beeg.com und Liste der besten Pornoseiten | PornMate<\/title>\n<meta name=\"description\" content=\"Diese Seite stellt ein innovatives Porno-Erlebnis f\u00fcr Sie dar. Beeg.com ist nur eine von vielen kostenlosen Pornoseiten im Internet, sie heben sich von den anderen durch einen etwas einzigartigen Ansatz zum Anzeigen von Inhalten ab.\" \/>\n<meta name=\"robots\" content=\"index, follow, max-snippet:-1, max-image-preview:large, max-video-preview:-1\" \/>\n<link rel=\"canonical\" href=\"https:\/\/pornmate.com\/de\/beeg\" \/>\n<meta property=\"og:locale\" content=\"de_DE\" \/>\n<meta property=\"og:type\" content=\"article\" \/>\n<meta property=\"og:title\" content=\"Beeg.com und Liste der besten Pornoseiten | PornMate\" \/>\n<meta property=\"og:description\" content=\"Diese Seite stellt ein innovatives Porno-Erlebnis f\u00fcr Sie dar. Beeg.com ist nur eine von vielen kostenlosen Pornoseiten im Internet, sie heben sich von den anderen durch einen etwas einzigartigen Ansatz zum Anzeigen von Inhalten ab.\" \/>\n<meta property=\"og:url\" content=\"https:\/\/pornmate.com\/de\/beeg\" \/>\n<meta property=\"og:site_name\" content=\"Besten Pornoseiten - Kostenlose Deutsche Pornos | PornMate.com\" \/>\n<meta property=\"article:modified_time\" content=\"2022-11-23T12:22:45+00:00\" \/>\n<meta name=\"twitter:card\" content=\"summary_large_image\" \/>\n<meta name=\"twitter:label1\" content=\"Gesch\u00e4tzte Lesezeit\" \/>\n\t<meta name=\"twitter:data1\" content=\"2\u00a0Minuten\" \/>\n<script type=\"application\/ld+json\" class=\"yoast-schema-graph\">{\"@context\":\"https:\\\/\\\/schema.org\",\"@graph\":[{\"@type\":\"WebPage\",\"@id\":\"https:\\\/\\\/pornmate.com\\\/de\\\/beeg\",\"url\":\"https:\\\/\\\/pornmate.com\\\/de\\\/beeg\",\"name\":\"Beeg.com und Liste der besten Pornoseiten | PornMate\",\"isPartOf\":{\"@id\":\"https:\\\/\\\/pornmate.com\\\/de\\\/#website\"},\"datePublished\":\"2020-04-14T14:38:36+00:00\",\"dateModified\":\"2022-11-23T12:22:45+00:00\",\"description\":\"Diese Seite stellt ein innovatives Porno-Erlebnis f\u00fcr Sie dar. Beeg.com ist nur eine von vielen kostenlosen Pornoseiten im Internet, sie heben sich von den anderen durch einen etwas einzigartigen Ansatz zum Anzeigen von Inhalten ab.\",\"breadcrumb\":{\"@id\":\"https:\\\/\\\/pornmate.com\\\/de\\\/beeg#breadcrumb\"},\"inLanguage\":\"de\",\"potentialAction\":[{\"@type\":\"ReadAction\",\"target\":[\"https:\\\/\\\/pornmate.com\\\/de\\\/beeg\"]}]},{\"@type\":\"BreadcrumbList\",\"@id\":\"https:\\\/\\\/pornmate.com\\\/de\\\/beeg#breadcrumb\",\"itemListElement\":[{\"@type\":\"ListItem\",\"position\":1,\"name\":\"Startseite\",\"item\":\"https:\\\/\\\/pornmate.com\\\/de\"},{\"@type\":\"ListItem\",\"position\":2,\"name\":\"Beeg.com\"}]},{\"@type\":\"WebSite\",\"@id\":\"https:\\\/\\\/pornmate.com\\\/de\\\/#website\",\"url\":\"https:\\\/\\\/pornmate.com\\\/de\\\/\",\"name\":\"Besten Pornoseiten - Kostenlose Deutsche Pornos | PornMate.com\",\"description\":\"Kostenlose Pornos, ist Ihr Combo-Verzeichnis der besten gratis Pornoseiten, die Sie finden k\u00f6nnen, und das fantastische Seitenbewertungen, Kostenlose Deutsche sex Biografien von Pornostars und ihre xxx Freie Porno videos unter einem Dach pr\u00e4sentiert.\",\"publisher\":{\"@id\":\"https:\\\/\\\/pornmate.com\\\/de\\\/#organization\"},\"potentialAction\":[{\"@type\":\"SearchAction\",\"target\":{\"@type\":\"EntryPoint\",\"urlTemplate\":\"https:\\\/\\\/pornmate.com\\\/de\\\/?s={search_term_string}\"},\"query-input\":{\"@type\":\"PropertyValueSpecification\",\"valueRequired\":true,\"valueName\":\"search_term_string\"}}],\"inLanguage\":\"de\"},{\"@type\":\"Organization\",\"@id\":\"https:\\\/\\\/pornmate.com\\\/de\\\/#organization\",\"name\":\"Besten Pornoseiten - Kostenlose Deutsche Pornos | PornMate.com\",\"url\":\"https:\\\/\\\/pornmate.com\\\/de\\\/\",\"logo\":{\"@type\":\"ImageObject\",\"inLanguage\":\"de\",\"@id\":\"https:\\\/\\\/pornmate.com\\\/de\\\/#\\\/schema\\\/logo\\\/image\\\/\",\"url\":\"https:\\\/\\\/pornmate.com\\\/de\\\/wp-content\\\/uploads\\\/2022\\\/11\\\/pornmate-1.png\",\"contentUrl\":\"https:\\\/\\\/pornmate.com\\\/de\\\/wp-content\\\/uploads\\\/2022\\\/11\\\/pornmate-1.png\",\"width\":203,\"height\":200,\"caption\":\"Besten Pornoseiten - Kostenlose Deutsche Pornos | PornMate.com\"},\"image\":{\"@id\":\"https:\\\/\\\/pornmate.com\\\/de\\\/#\\\/schema\\\/logo\\\/image\\\/\"}}]}<\/script>\n<!-- \/ Yoast SEO plugin. -->","yoast_head_json":{"title":"Beeg.com und Liste der besten Pornoseiten | PornMate","description":"Diese Seite stellt ein innovatives Porno-Erlebnis f\u00fcr Sie dar. Beeg.com ist nur eine von vielen kostenlosen Pornoseiten im Internet, sie heben sich von den anderen durch einen etwas einzigartigen Ansatz zum Anzeigen von Inhalten ab.","robots":{"index":"index","follow":"follow","max-snippet":"max-snippet:-1","max-image-preview":"max-image-preview:large","max-video-preview":"max-video-preview:-1"},"canonical":"https:\/\/pornmate.com\/de\/beeg","og_locale":"de_DE","og_type":"article","og_title":"Beeg.com und Liste der besten Pornoseiten | PornMate","og_description":"Diese Seite stellt ein innovatives Porno-Erlebnis f\u00fcr Sie dar. Beeg.com ist nur eine von vielen kostenlosen Pornoseiten im Internet, sie heben sich von den anderen durch einen etwas einzigartigen Ansatz zum Anzeigen von Inhalten ab.","og_url":"https:\/\/pornmate.com\/de\/beeg","og_site_name":"Besten Pornoseiten - Kostenlose Deutsche Pornos | PornMate.com","article_modified_time":"2022-11-23T12:22:45+00:00","twitter_card":"summary_large_image","twitter_misc":{"Gesch\u00e4tzte Lesezeit":"2\u00a0Minuten"},"schema":{"@context":"https:\/\/schema.org","@graph":[{"@type":"WebPage","@id":"https:\/\/pornmate.com\/de\/beeg","url":"https:\/\/pornmate.com\/de\/beeg","name":"Beeg.com und Liste der besten Pornoseiten | PornMate","isPartOf":{"@id":"https:\/\/pornmate.com\/de\/#website"},"datePublished":"2020-04-14T14:38:36+00:00","dateModified":"2022-11-23T12:22:45+00:00","description":"Diese Seite stellt ein innovatives Porno-Erlebnis f\u00fcr Sie dar. Beeg.com ist nur eine von vielen kostenlosen Pornoseiten im Internet, sie heben sich von den anderen durch einen etwas einzigartigen Ansatz zum Anzeigen von Inhalten ab.","breadcrumb":{"@id":"https:\/\/pornmate.com\/de\/beeg#breadcrumb"},"inLanguage":"de","potentialAction":[{"@type":"ReadAction","target":["https:\/\/pornmate.com\/de\/beeg"]}]},{"@type":"BreadcrumbList","@id":"https:\/\/pornmate.com\/de\/beeg#breadcrumb","itemListElement":[{"@type":"ListItem","position":1,"name":"Startseite","item":"https:\/\/pornmate.com\/de"},{"@type":"ListItem","position":2,"name":"Beeg.com"}]},{"@type":"WebSite","@id":"https:\/\/pornmate.com\/de\/#website","url":"https:\/\/pornmate.com\/de\/","name":"Besten Pornoseiten - Kostenlose Deutsche Pornos | PornMate.com","description":"Kostenlose Pornos, ist Ihr Combo-Verzeichnis der besten gratis Pornoseiten, die Sie finden k\u00f6nnen, und das fantastische Seitenbewertungen, Kostenlose Deutsche sex Biografien von Pornostars und ihre xxx Freie Porno videos unter einem Dach pr\u00e4sentiert.","publisher":{"@id":"https:\/\/pornmate.com\/de\/#organization"},"potentialAction":[{"@type":"SearchAction","target":{"@type":"EntryPoint","urlTemplate":"https:\/\/pornmate.com\/de\/?s={search_term_string}"},"query-input":{"@type":"PropertyValueSpecification","valueRequired":true,"valueName":"search_term_string"}}],"inLanguage":"de"},{"@type":"Organization","@id":"https:\/\/pornmate.com\/de\/#organization","name":"Besten Pornoseiten - Kostenlose Deutsche Pornos | PornMate.com","url":"https:\/\/pornmate.com\/de\/","logo":{"@type":"ImageObject","inLanguage":"de","@id":"https:\/\/pornmate.com\/de\/#\/schema\/logo\/image\/","url":"https:\/\/pornmate.com\/de\/wp-content\/uploads\/2022\/11\/pornmate-1.png","contentUrl":"https:\/\/pornmate.com\/de\/wp-content\/uploads\/2022\/11\/pornmate-1.png","width":203,"height":200,"caption":"Besten Pornoseiten - Kostenlose Deutsche Pornos | PornMate.com"},"image":{"@id":"https:\/\/pornmate.com\/de\/#\/schema\/logo\/image\/"}}]}},"_links":{"self":[{"href":"https:\/\/pornmate.com\/de\/wp-json\/wp\/v2\/pages\/8001","targetHints":{"allow":["GET"]}}],"collection":[{"href":"https:\/\/pornmate.com\/de\/wp-json\/wp\/v2\/pages"}],"about":[{"href":"https:\/\/pornmate.com\/de\/wp-json\/wp\/v2\/types\/page"}],"author":[{"embeddable":true,"href":"https:\/\/pornmate.com\/de\/wp-json\/wp\/v2\/users\/1"}],"replies":[{"embeddable":true,"href":"https:\/\/pornmate.com\/de\/wp-json\/wp\/v2\/comments?post=8001"}],"version-history":[{"count":0,"href":"https:\/\/pornmate.com\/de\/wp-json\/wp\/v2\/pages\/8001\/revisions"}],"wp:attachment":[{"href":"https:\/\/pornmate.com\/de\/wp-json\/wp\/v2\/media?parent=8001"}],"curies":[{"name":"wp","href":"https:\/\/api.w.org\/{rel}","templated":true}]}}