{"id":9147,"date":"2020-06-04T09:17:05","date_gmt":"2020-06-04T09:17:05","guid":{"rendered":"https:\/\/pornmate.com\/?page_id=9147"},"modified":"2020-06-04T09:17:05","modified_gmt":"2020-06-04T09:17:05","slug":"xtube","status":"publish","type":"page","link":"https:\/\/pornmate.com\/de\/xtube","title":{"rendered":"Xtube"},"content":{"rendered":"<p>XTube bringt die Erfahrung, wie man Besucher behandelt, auf eine neue Ebene. Dies ist ein Kinderspiel, wenn Sie Online-Pornos in vollen Z\u00fcgen genie\u00dfen m\u00f6chten. Von dem Moment an, in dem Sie die Website betreten, k\u00f6nnen Sie ganz einfach nach ihren Vorlieben suchen. Sie k\u00f6nnen w\u00e4hlen, ob Sie m\u00e4nnlich oder weiblich sind und nach welcher Art von Videos Sie suchen. Die Website merkt sich Ihre Pr\u00e4ferenzen f\u00fcr die weitere Nutzung und passt sich sofort an diese an. Je nachdem, was Sie w\u00e4hlen, werden Ihnen wahrscheinlich die unterhaltsamen Inhalte pr\u00e4sentiert, nach denen Sie suchen, und Sie k\u00f6nnen sie nat\u00fcrlich jederzeit \u00e4ndern. Miniaturansichten auf der Zielseite auf XTube.com sind in drei verschiedene Kategorien unterteilt. Es gibt aktuell angesehene Videos, neue Uploads und angesagte Amateure. Sie k\u00f6nnen sie nach Belieben \u00e4ndern und sortieren. Sie k\u00f6nnen auch sofort zu einer der anderen kostenlosen Porno-Tube-Sites im selben Pornhub-Netzwerk gehen. W\u00e4hrend die meisten Videos mit Ausnahme der Premium-Teile kostenlos sind, gibt es immer noch atemberaubende Pornostars wie Abella Anderson, Jessa Rhodes, Mia Malkova, Natalia Starr und mehr. Es gibt sogar eine Community, in der Sie sich nach der Registrierung wohlf\u00fchlen k\u00f6nnen.<\/p>\n","protected":false},"excerpt":{"rendered":"<p>XTube bringt die Erfahrung, wie man Besucher behandelt, auf eine neue Ebene. Dies ist ein Kinderspiel, wenn Sie Online-Pornos in vollen Z\u00fcgen genie\u00dfen m\u00f6chten. Von dem Moment an, in dem Sie die Website betreten, k\u00f6nnen Sie ganz einfach nach ihren Vorlieben suchen. Sie k\u00f6nnen w\u00e4hlen, ob Sie m\u00e4nnlich oder weiblich sind und nach welcher Art [&hellip;]<\/p>\n","protected":false},"author":1,"featured_media":0,"parent":0,"menu_order":0,"comment_status":"closed","ping_status":"closed","template":"page-star-stil.php","meta":{"footnotes":""},"class_list":["post-9147","page","type-page","status-publish","hentry"],"yoast_head":"<!-- This site is optimized with the Yoast SEO plugin v27.5 - https:\/\/yoast.com\/product\/yoast-seo-wordpress\/ -->\n<title>Xtube und Liste der besten Pornoseiten | PornMate<\/title>\n<meta name=\"description\" content=\"XTube bringt die Erfahrung, wie man Besucher behandelt, auf eine neue Ebene. Dies ist ein Kinderspiel, wenn Sie Online-Pornos in vollen Z\u00fcgen genie\u00dfen m\u00f6chten. Von dem Moment an, in dem Sie die Website betreten, k\u00f6nnen Sie ganz einfach nach ihren Vorlieben suchen.\" \/>\n<meta name=\"robots\" content=\"index, follow, max-snippet:-1, max-image-preview:large, max-video-preview:-1\" \/>\n<link rel=\"canonical\" href=\"https:\/\/pornmate.com\/de\/xtube\" \/>\n<meta property=\"og:locale\" content=\"de_DE\" \/>\n<meta property=\"og:type\" content=\"article\" \/>\n<meta property=\"og:title\" content=\"Xtube und Liste der besten Pornoseiten | PornMate\" \/>\n<meta property=\"og:description\" content=\"XTube bringt die Erfahrung, wie man Besucher behandelt, auf eine neue Ebene. Dies ist ein Kinderspiel, wenn Sie Online-Pornos in vollen Z\u00fcgen genie\u00dfen m\u00f6chten. Von dem Moment an, in dem Sie die Website betreten, k\u00f6nnen Sie ganz einfach nach ihren Vorlieben suchen.\" \/>\n<meta property=\"og:url\" content=\"https:\/\/pornmate.com\/de\/xtube\" \/>\n<meta property=\"og:site_name\" content=\"Besten Pornoseiten - Kostenlose Deutsche Pornos | PornMate.com\" \/>\n<meta name=\"twitter:card\" content=\"summary_large_image\" \/>\n<meta name=\"twitter:label1\" content=\"Gesch\u00e4tzte Lesezeit\" \/>\n\t<meta name=\"twitter:data1\" content=\"2\u00a0Minuten\" \/>\n<script type=\"application\/ld+json\" class=\"yoast-schema-graph\">{\"@context\":\"https:\\\/\\\/schema.org\",\"@graph\":[{\"@type\":\"WebPage\",\"@id\":\"https:\\\/\\\/pornmate.com\\\/de\\\/xtube\",\"url\":\"https:\\\/\\\/pornmate.com\\\/de\\\/xtube\",\"name\":\"Xtube und Liste der besten Pornoseiten | PornMate\",\"isPartOf\":{\"@id\":\"https:\\\/\\\/pornmate.com\\\/de\\\/#website\"},\"datePublished\":\"2020-06-04T09:17:05+00:00\",\"description\":\"XTube bringt die Erfahrung, wie man Besucher behandelt, auf eine neue Ebene. Dies ist ein Kinderspiel, wenn Sie Online-Pornos in vollen Z\u00fcgen genie\u00dfen m\u00f6chten. Von dem Moment an, in dem Sie die Website betreten, k\u00f6nnen Sie ganz einfach nach ihren Vorlieben suchen.\",\"breadcrumb\":{\"@id\":\"https:\\\/\\\/pornmate.com\\\/de\\\/xtube#breadcrumb\"},\"inLanguage\":\"de\",\"potentialAction\":[{\"@type\":\"ReadAction\",\"target\":[\"https:\\\/\\\/pornmate.com\\\/de\\\/xtube\"]}]},{\"@type\":\"BreadcrumbList\",\"@id\":\"https:\\\/\\\/pornmate.com\\\/de\\\/xtube#breadcrumb\",\"itemListElement\":[{\"@type\":\"ListItem\",\"position\":1,\"name\":\"Startseite\",\"item\":\"https:\\\/\\\/pornmate.com\\\/de\"},{\"@type\":\"ListItem\",\"position\":2,\"name\":\"Xtube\"}]},{\"@type\":\"WebSite\",\"@id\":\"https:\\\/\\\/pornmate.com\\\/de\\\/#website\",\"url\":\"https:\\\/\\\/pornmate.com\\\/de\\\/\",\"name\":\"Besten Pornoseiten - Kostenlose Deutsche Pornos | PornMate.com\",\"description\":\"Kostenlose Pornos, ist Ihr Combo-Verzeichnis der besten gratis Pornoseiten, die Sie finden k\u00f6nnen, und das fantastische Seitenbewertungen, Kostenlose Deutsche sex Biografien von Pornostars und ihre xxx Freie Porno videos unter einem Dach pr\u00e4sentiert.\",\"publisher\":{\"@id\":\"https:\\\/\\\/pornmate.com\\\/de\\\/#organization\"},\"potentialAction\":[{\"@type\":\"SearchAction\",\"target\":{\"@type\":\"EntryPoint\",\"urlTemplate\":\"https:\\\/\\\/pornmate.com\\\/de\\\/?s={search_term_string}\"},\"query-input\":{\"@type\":\"PropertyValueSpecification\",\"valueRequired\":true,\"valueName\":\"search_term_string\"}}],\"inLanguage\":\"de\"},{\"@type\":\"Organization\",\"@id\":\"https:\\\/\\\/pornmate.com\\\/de\\\/#organization\",\"name\":\"Besten Pornoseiten - Kostenlose Deutsche Pornos | PornMate.com\",\"url\":\"https:\\\/\\\/pornmate.com\\\/de\\\/\",\"logo\":{\"@type\":\"ImageObject\",\"inLanguage\":\"de\",\"@id\":\"https:\\\/\\\/pornmate.com\\\/de\\\/#\\\/schema\\\/logo\\\/image\\\/\",\"url\":\"https:\\\/\\\/pornmate.com\\\/de\\\/wp-content\\\/uploads\\\/2022\\\/11\\\/pornmate-1.png\",\"contentUrl\":\"https:\\\/\\\/pornmate.com\\\/de\\\/wp-content\\\/uploads\\\/2022\\\/11\\\/pornmate-1.png\",\"width\":203,\"height\":200,\"caption\":\"Besten Pornoseiten - Kostenlose Deutsche Pornos | PornMate.com\"},\"image\":{\"@id\":\"https:\\\/\\\/pornmate.com\\\/de\\\/#\\\/schema\\\/logo\\\/image\\\/\"}}]}<\/script>\n<!-- \/ Yoast SEO plugin. -->","yoast_head_json":{"title":"Xtube und Liste der besten Pornoseiten | PornMate","description":"XTube bringt die Erfahrung, wie man Besucher behandelt, auf eine neue Ebene. Dies ist ein Kinderspiel, wenn Sie Online-Pornos in vollen Z\u00fcgen genie\u00dfen m\u00f6chten. Von dem Moment an, in dem Sie die Website betreten, k\u00f6nnen Sie ganz einfach nach ihren Vorlieben suchen.","robots":{"index":"index","follow":"follow","max-snippet":"max-snippet:-1","max-image-preview":"max-image-preview:large","max-video-preview":"max-video-preview:-1"},"canonical":"https:\/\/pornmate.com\/de\/xtube","og_locale":"de_DE","og_type":"article","og_title":"Xtube und Liste der besten Pornoseiten | PornMate","og_description":"XTube bringt die Erfahrung, wie man Besucher behandelt, auf eine neue Ebene. Dies ist ein Kinderspiel, wenn Sie Online-Pornos in vollen Z\u00fcgen genie\u00dfen m\u00f6chten. Von dem Moment an, in dem Sie die Website betreten, k\u00f6nnen Sie ganz einfach nach ihren Vorlieben suchen.","og_url":"https:\/\/pornmate.com\/de\/xtube","og_site_name":"Besten Pornoseiten - Kostenlose Deutsche Pornos | PornMate.com","twitter_card":"summary_large_image","twitter_misc":{"Gesch\u00e4tzte Lesezeit":"2\u00a0Minuten"},"schema":{"@context":"https:\/\/schema.org","@graph":[{"@type":"WebPage","@id":"https:\/\/pornmate.com\/de\/xtube","url":"https:\/\/pornmate.com\/de\/xtube","name":"Xtube und Liste der besten Pornoseiten | PornMate","isPartOf":{"@id":"https:\/\/pornmate.com\/de\/#website"},"datePublished":"2020-06-04T09:17:05+00:00","description":"XTube bringt die Erfahrung, wie man Besucher behandelt, auf eine neue Ebene. Dies ist ein Kinderspiel, wenn Sie Online-Pornos in vollen Z\u00fcgen genie\u00dfen m\u00f6chten. Von dem Moment an, in dem Sie die Website betreten, k\u00f6nnen Sie ganz einfach nach ihren Vorlieben suchen.","breadcrumb":{"@id":"https:\/\/pornmate.com\/de\/xtube#breadcrumb"},"inLanguage":"de","potentialAction":[{"@type":"ReadAction","target":["https:\/\/pornmate.com\/de\/xtube"]}]},{"@type":"BreadcrumbList","@id":"https:\/\/pornmate.com\/de\/xtube#breadcrumb","itemListElement":[{"@type":"ListItem","position":1,"name":"Startseite","item":"https:\/\/pornmate.com\/de"},{"@type":"ListItem","position":2,"name":"Xtube"}]},{"@type":"WebSite","@id":"https:\/\/pornmate.com\/de\/#website","url":"https:\/\/pornmate.com\/de\/","name":"Besten Pornoseiten - Kostenlose Deutsche Pornos | PornMate.com","description":"Kostenlose Pornos, ist Ihr Combo-Verzeichnis der besten gratis Pornoseiten, die Sie finden k\u00f6nnen, und das fantastische Seitenbewertungen, Kostenlose Deutsche sex Biografien von Pornostars und ihre xxx Freie Porno videos unter einem Dach pr\u00e4sentiert.","publisher":{"@id":"https:\/\/pornmate.com\/de\/#organization"},"potentialAction":[{"@type":"SearchAction","target":{"@type":"EntryPoint","urlTemplate":"https:\/\/pornmate.com\/de\/?s={search_term_string}"},"query-input":{"@type":"PropertyValueSpecification","valueRequired":true,"valueName":"search_term_string"}}],"inLanguage":"de"},{"@type":"Organization","@id":"https:\/\/pornmate.com\/de\/#organization","name":"Besten Pornoseiten - Kostenlose Deutsche Pornos | PornMate.com","url":"https:\/\/pornmate.com\/de\/","logo":{"@type":"ImageObject","inLanguage":"de","@id":"https:\/\/pornmate.com\/de\/#\/schema\/logo\/image\/","url":"https:\/\/pornmate.com\/de\/wp-content\/uploads\/2022\/11\/pornmate-1.png","contentUrl":"https:\/\/pornmate.com\/de\/wp-content\/uploads\/2022\/11\/pornmate-1.png","width":203,"height":200,"caption":"Besten Pornoseiten - Kostenlose Deutsche Pornos | PornMate.com"},"image":{"@id":"https:\/\/pornmate.com\/de\/#\/schema\/logo\/image\/"}}]}},"_links":{"self":[{"href":"https:\/\/pornmate.com\/de\/wp-json\/wp\/v2\/pages\/9147","targetHints":{"allow":["GET"]}}],"collection":[{"href":"https:\/\/pornmate.com\/de\/wp-json\/wp\/v2\/pages"}],"about":[{"href":"https:\/\/pornmate.com\/de\/wp-json\/wp\/v2\/types\/page"}],"author":[{"embeddable":true,"href":"https:\/\/pornmate.com\/de\/wp-json\/wp\/v2\/users\/1"}],"replies":[{"embeddable":true,"href":"https:\/\/pornmate.com\/de\/wp-json\/wp\/v2\/comments?post=9147"}],"version-history":[{"count":0,"href":"https:\/\/pornmate.com\/de\/wp-json\/wp\/v2\/pages\/9147\/revisions"}],"wp:attachment":[{"href":"https:\/\/pornmate.com\/de\/wp-json\/wp\/v2\/media?parent=9147"}],"curies":[{"name":"wp","href":"https:\/\/api.w.org\/{rel}","templated":true}]}}