{"id":9149,"date":"2020-06-04T09:21:06","date_gmt":"2020-06-04T09:21:06","guid":{"rendered":"https:\/\/pornmate.com\/?page_id=9149"},"modified":"2022-11-23T13:56:20","modified_gmt":"2022-11-23T12:56:20","slug":"tube8","status":"publish","type":"page","link":"https:\/\/pornmate.com\/de\/tube8","title":{"rendered":"Tube8"},"content":{"rendered":"<p>Tube8 ist einer der ber\u00fcchtigtsten Namen in der Welt der kostenlosen Pornoseiten.<br \/>\nSie geh\u00f6ren zu einem Pornhub-Netzwerk mit anderen Seiten wie RedTube, YouPorn, PornMD, XTube und zahlreichen anderen, deren Qualit\u00e4t garantiert ist, weil diese Jungs sehen, was sie anbieten.<br \/>\nDiese Qualit\u00e4t ist in dem Moment zu erkennen, in dem Sie auf der Zielseite onTube8.com sind.<br \/>\nEin minimalistisches Projekt mit Schwerpunkt auf dem Inhalt, was Sie bekommen.<br \/>\nHauptsache, Sie gelangen so schnell wie m\u00f6glich zu Ihrem Lieblingsvideo. Folglich k\u00f6nnen Sie sofort unterbrochene Videos, neueste Uploads, Top-Pornostars usw. aufnehmen. Da sie Hunderte von Videos hochladen und es ausnahmslos neue Dinge zu wissen gibt, wenn Sie f\u00fcr etwas Pers\u00f6nlicheres erscheinen, \u00fcben Sie besser die Barsuche aus oder durchsuchen Sie Pornostar-Tags, Kategorien, Kan\u00e4le oder Abschnitte. Seien Sie nicht \u00fcberrascht, wenn Sie auf Namen wie Lela Star, Jasmine Jae, Lisa Ann oder Haze sto\u00dfen, denn ihre Salons haben fast alles, was Sie sich w\u00fcnschen k\u00f6nnen. Zus\u00e4tzlich zu Tausenden von Videos haben sie auch Live-Webcams, eine Dating-Site f\u00fcr Erwachsene und einen Bereich f\u00fcr Pornospiele.<\/p>\n","protected":false},"excerpt":{"rendered":"<p>Tube8 ist einer der ber\u00fcchtigtsten Namen in der Welt der kostenlosen Pornoseiten. Sie geh\u00f6ren zu einem Pornhub-Netzwerk mit anderen Seiten wie RedTube, YouPorn, PornMD, XTube und zahlreichen anderen, deren Qualit\u00e4t garantiert ist, weil diese Jungs sehen, was sie anbieten. Diese Qualit\u00e4t ist in dem Moment zu erkennen, in dem Sie auf der Zielseite onTube8.com sind. [&hellip;]<\/p>\n","protected":false},"author":1,"featured_media":0,"parent":0,"menu_order":0,"comment_status":"closed","ping_status":"closed","template":"page-star-stil.php","meta":{"footnotes":""},"class_list":["post-9149","page","type-page","status-publish","hentry"],"yoast_head":"<!-- This site is optimized with the Yoast SEO plugin v27.4 - https:\/\/yoast.com\/product\/yoast-seo-wordpress\/ -->\n<title>Tube8 und Liste der besten Pornoseiten | PornMate<\/title>\n<meta name=\"description\" content=\"Tube8 ist einer der ber\u00fcchtigtsten Namen in der Welt der kostenlosen Pornoseiten.\" \/>\n<meta name=\"robots\" content=\"index, follow, max-snippet:-1, max-image-preview:large, max-video-preview:-1\" \/>\n<link rel=\"canonical\" href=\"https:\/\/pornmate.com\/de\/tube8\" \/>\n<meta property=\"og:locale\" content=\"de_DE\" \/>\n<meta property=\"og:type\" content=\"article\" \/>\n<meta property=\"og:title\" content=\"Tube8 und Liste der besten Pornoseiten | PornMate\" \/>\n<meta property=\"og:description\" content=\"Tube8 ist einer der ber\u00fcchtigtsten Namen in der Welt der kostenlosen Pornoseiten.\" \/>\n<meta property=\"og:url\" content=\"https:\/\/pornmate.com\/de\/tube8\" \/>\n<meta property=\"og:site_name\" content=\"Besten Pornoseiten - Kostenlose Deutsche Pornos | PornMate.com\" \/>\n<meta property=\"article:modified_time\" content=\"2022-11-23T12:56:20+00:00\" \/>\n<meta name=\"twitter:card\" content=\"summary_large_image\" \/>\n<meta name=\"twitter:label1\" content=\"Gesch\u00e4tzte Lesezeit\" \/>\n\t<meta name=\"twitter:data1\" content=\"1\u00a0Minute\" \/>\n<script type=\"application\/ld+json\" class=\"yoast-schema-graph\">{\"@context\":\"https:\\\/\\\/schema.org\",\"@graph\":[{\"@type\":\"WebPage\",\"@id\":\"https:\\\/\\\/pornmate.com\\\/de\\\/tube8\",\"url\":\"https:\\\/\\\/pornmate.com\\\/de\\\/tube8\",\"name\":\"Tube8 und Liste der besten Pornoseiten | PornMate\",\"isPartOf\":{\"@id\":\"https:\\\/\\\/pornmate.com\\\/de\\\/#website\"},\"datePublished\":\"2020-06-04T09:21:06+00:00\",\"dateModified\":\"2022-11-23T12:56:20+00:00\",\"description\":\"Tube8 ist einer der ber\u00fcchtigtsten Namen in der Welt der kostenlosen Pornoseiten.\",\"breadcrumb\":{\"@id\":\"https:\\\/\\\/pornmate.com\\\/de\\\/tube8#breadcrumb\"},\"inLanguage\":\"de\",\"potentialAction\":[{\"@type\":\"ReadAction\",\"target\":[\"https:\\\/\\\/pornmate.com\\\/de\\\/tube8\"]}]},{\"@type\":\"BreadcrumbList\",\"@id\":\"https:\\\/\\\/pornmate.com\\\/de\\\/tube8#breadcrumb\",\"itemListElement\":[{\"@type\":\"ListItem\",\"position\":1,\"name\":\"Startseite\",\"item\":\"https:\\\/\\\/pornmate.com\\\/de\"},{\"@type\":\"ListItem\",\"position\":2,\"name\":\"Tube8\"}]},{\"@type\":\"WebSite\",\"@id\":\"https:\\\/\\\/pornmate.com\\\/de\\\/#website\",\"url\":\"https:\\\/\\\/pornmate.com\\\/de\\\/\",\"name\":\"Besten Pornoseiten - Kostenlose Deutsche Pornos | PornMate.com\",\"description\":\"Kostenlose Pornos, ist Ihr Combo-Verzeichnis der besten gratis Pornoseiten, die Sie finden k\u00f6nnen, und das fantastische Seitenbewertungen, Kostenlose Deutsche sex Biografien von Pornostars und ihre xxx Freie Porno videos unter einem Dach pr\u00e4sentiert.\",\"publisher\":{\"@id\":\"https:\\\/\\\/pornmate.com\\\/de\\\/#organization\"},\"potentialAction\":[{\"@type\":\"SearchAction\",\"target\":{\"@type\":\"EntryPoint\",\"urlTemplate\":\"https:\\\/\\\/pornmate.com\\\/de\\\/?s={search_term_string}\"},\"query-input\":{\"@type\":\"PropertyValueSpecification\",\"valueRequired\":true,\"valueName\":\"search_term_string\"}}],\"inLanguage\":\"de\"},{\"@type\":\"Organization\",\"@id\":\"https:\\\/\\\/pornmate.com\\\/de\\\/#organization\",\"name\":\"Besten Pornoseiten - Kostenlose Deutsche Pornos | PornMate.com\",\"url\":\"https:\\\/\\\/pornmate.com\\\/de\\\/\",\"logo\":{\"@type\":\"ImageObject\",\"inLanguage\":\"de\",\"@id\":\"https:\\\/\\\/pornmate.com\\\/de\\\/#\\\/schema\\\/logo\\\/image\\\/\",\"url\":\"https:\\\/\\\/pornmate.com\\\/de\\\/wp-content\\\/uploads\\\/2022\\\/11\\\/pornmate-1.png\",\"contentUrl\":\"https:\\\/\\\/pornmate.com\\\/de\\\/wp-content\\\/uploads\\\/2022\\\/11\\\/pornmate-1.png\",\"width\":203,\"height\":200,\"caption\":\"Besten Pornoseiten - Kostenlose Deutsche Pornos | PornMate.com\"},\"image\":{\"@id\":\"https:\\\/\\\/pornmate.com\\\/de\\\/#\\\/schema\\\/logo\\\/image\\\/\"}}]}<\/script>\n<!-- \/ Yoast SEO plugin. -->","yoast_head_json":{"title":"Tube8 und Liste der besten Pornoseiten | PornMate","description":"Tube8 ist einer der ber\u00fcchtigtsten Namen in der Welt der kostenlosen Pornoseiten.","robots":{"index":"index","follow":"follow","max-snippet":"max-snippet:-1","max-image-preview":"max-image-preview:large","max-video-preview":"max-video-preview:-1"},"canonical":"https:\/\/pornmate.com\/de\/tube8","og_locale":"de_DE","og_type":"article","og_title":"Tube8 und Liste der besten Pornoseiten | PornMate","og_description":"Tube8 ist einer der ber\u00fcchtigtsten Namen in der Welt der kostenlosen Pornoseiten.","og_url":"https:\/\/pornmate.com\/de\/tube8","og_site_name":"Besten Pornoseiten - Kostenlose Deutsche Pornos | PornMate.com","article_modified_time":"2022-11-23T12:56:20+00:00","twitter_card":"summary_large_image","twitter_misc":{"Gesch\u00e4tzte Lesezeit":"1\u00a0Minute"},"schema":{"@context":"https:\/\/schema.org","@graph":[{"@type":"WebPage","@id":"https:\/\/pornmate.com\/de\/tube8","url":"https:\/\/pornmate.com\/de\/tube8","name":"Tube8 und Liste der besten Pornoseiten | PornMate","isPartOf":{"@id":"https:\/\/pornmate.com\/de\/#website"},"datePublished":"2020-06-04T09:21:06+00:00","dateModified":"2022-11-23T12:56:20+00:00","description":"Tube8 ist einer der ber\u00fcchtigtsten Namen in der Welt der kostenlosen Pornoseiten.","breadcrumb":{"@id":"https:\/\/pornmate.com\/de\/tube8#breadcrumb"},"inLanguage":"de","potentialAction":[{"@type":"ReadAction","target":["https:\/\/pornmate.com\/de\/tube8"]}]},{"@type":"BreadcrumbList","@id":"https:\/\/pornmate.com\/de\/tube8#breadcrumb","itemListElement":[{"@type":"ListItem","position":1,"name":"Startseite","item":"https:\/\/pornmate.com\/de"},{"@type":"ListItem","position":2,"name":"Tube8"}]},{"@type":"WebSite","@id":"https:\/\/pornmate.com\/de\/#website","url":"https:\/\/pornmate.com\/de\/","name":"Besten Pornoseiten - Kostenlose Deutsche Pornos | PornMate.com","description":"Kostenlose Pornos, ist Ihr Combo-Verzeichnis der besten gratis Pornoseiten, die Sie finden k\u00f6nnen, und das fantastische Seitenbewertungen, Kostenlose Deutsche sex Biografien von Pornostars und ihre xxx Freie Porno videos unter einem Dach pr\u00e4sentiert.","publisher":{"@id":"https:\/\/pornmate.com\/de\/#organization"},"potentialAction":[{"@type":"SearchAction","target":{"@type":"EntryPoint","urlTemplate":"https:\/\/pornmate.com\/de\/?s={search_term_string}"},"query-input":{"@type":"PropertyValueSpecification","valueRequired":true,"valueName":"search_term_string"}}],"inLanguage":"de"},{"@type":"Organization","@id":"https:\/\/pornmate.com\/de\/#organization","name":"Besten Pornoseiten - Kostenlose Deutsche Pornos | PornMate.com","url":"https:\/\/pornmate.com\/de\/","logo":{"@type":"ImageObject","inLanguage":"de","@id":"https:\/\/pornmate.com\/de\/#\/schema\/logo\/image\/","url":"https:\/\/pornmate.com\/de\/wp-content\/uploads\/2022\/11\/pornmate-1.png","contentUrl":"https:\/\/pornmate.com\/de\/wp-content\/uploads\/2022\/11\/pornmate-1.png","width":203,"height":200,"caption":"Besten Pornoseiten - Kostenlose Deutsche Pornos | PornMate.com"},"image":{"@id":"https:\/\/pornmate.com\/de\/#\/schema\/logo\/image\/"}}]}},"_links":{"self":[{"href":"https:\/\/pornmate.com\/de\/wp-json\/wp\/v2\/pages\/9149","targetHints":{"allow":["GET"]}}],"collection":[{"href":"https:\/\/pornmate.com\/de\/wp-json\/wp\/v2\/pages"}],"about":[{"href":"https:\/\/pornmate.com\/de\/wp-json\/wp\/v2\/types\/page"}],"author":[{"embeddable":true,"href":"https:\/\/pornmate.com\/de\/wp-json\/wp\/v2\/users\/1"}],"replies":[{"embeddable":true,"href":"https:\/\/pornmate.com\/de\/wp-json\/wp\/v2\/comments?post=9149"}],"version-history":[{"count":0,"href":"https:\/\/pornmate.com\/de\/wp-json\/wp\/v2\/pages\/9149\/revisions"}],"wp:attachment":[{"href":"https:\/\/pornmate.com\/de\/wp-json\/wp\/v2\/media?parent=9149"}],"curies":[{"name":"wp","href":"https:\/\/api.w.org\/{rel}","templated":true}]}}